{"id":5835,"date":"2023-01-15T14:47:05","date_gmt":"2023-01-15T11:47:05","guid":{"rendered":"https:\/\/salincakcim.com\/?post_type=product&#038;p=5835"},"modified":"2024-01-08T18:55:40","modified_gmt":"2024-01-08T15:55:40","slug":"irmak-tekli-koltuk-gri","status":"publish","type":"product","link":"https:\/\/salincakcim.com\/en\/product\/irmak-tekli-koltuk-gri\/","title":{"rendered":"Irmak Single Sofa Gray"},"content":{"rendered":"<p><strong>Dimensions:<\/strong><\/p>\n<p>SINGLE SOFA: 73x70x80<\/p>\n<p><a href=\"https:\/\/salincakcim.com\/en\/teknik-ozellikler\/\" target=\"_blank\" rel=\"noopener\"><strong>Click for Technical Specifications<\/strong><\/a><\/p>","protected":false},"excerpt":{"rendered":"<p><strong>Indispensable for crowded parties: Irmak Table Set<\/strong><\/p>\n<p>In your most beautiful moments, do not think of a place for crowded tables. You will be able to decorate your invitations as you wish with Irmak rattan table set. With 1 rattan chair, Irmak rattan table set will be indispensable for rich tables in your gardens. The freestanding damper glass used on the table offers garden furniture experience that you can use your set for many years. You can choose the rattan garden furniture that suits your taste with its aluminum body suitable for outdoor use, waterproof fabric and two different color options.<\/p>","protected":false},"featured_media":5838,"comment_status":"open","ping_status":"closed","template":"","meta":{"_acf_changed":false},"product_brand":[],"product_cat":[239],"product_tag":[],"class_list":{"0":"post-5835","1":"product","2":"type-product","3":"status-publish","4":"has-post-thumbnail","6":"product_cat-bahce-mobilyalari","7":"tm-no-options","9":"first","10":"instock","11":"shipping-taxable","12":"purchasable","13":"product-type-simple"},"acf":[],"yoast_head":"<!-- This site is optimized with the Yoast SEO plugin v27.5 - https:\/\/yoast.com\/product\/yoast-seo-wordpress\/ -->\n<title>Irmak Tekli Koltuk Gri | Sal\u0131ncakc\u0131m - Bah\u00e7e Mobilyalar\u0131 - Sal\u0131ncak<\/title>\n<meta name=\"robots\" content=\"index, follow, max-snippet:-1, max-image-preview:large, max-video-preview:-1\" \/>\n<link rel=\"canonical\" href=\"https:\/\/salincakcim.com\/en\/product\/irmak-tekli-koltuk-gri\/\" \/>\n<meta property=\"og:locale\" content=\"en_US\" \/>\n<meta property=\"og:type\" content=\"article\" \/>\n<meta property=\"og:title\" content=\"Irmak Tekli Koltuk Gri | Sal\u0131ncakc\u0131m - Bah\u00e7e Mobilyalar\u0131 - Sal\u0131ncak\" \/>\n<meta property=\"og:description\" content=\"Kalabal\u0131k davetlerin vazge\u00e7ilmezi: Irmak Masa seti  En g\u00fczel anlar\u0131n\u0131zda kalabal\u0131k sofralar i\u00e7in yer d\u00fc\u015f\u00fcnmeyin. Irmak rattan masa tak\u0131m\u0131 ile davetlerinizi diledi\u011finiz gibi s\u00fcsleyebileceksiniz. 1 adet rattan sandalyesi ile Irmak rattan masa tak\u0131m\u0131 bah\u00e7elerinizde zengin sofralar i\u00e7in vazge\u00e7ilmeziniz olacak. Masa \u00fczerinde kullan\u0131lan ba\u011f\u0131ms\u0131z damperli cam, tak\u0131m\u0131n\u0131z\u0131 uzun y\u0131llar kullanabilece\u011finiz bah\u00e7e mobilyas\u0131 deneyimi sunuyor. D\u0131\u015fmekan kullan\u0131m\u0131na uygun al\u00fcminyum g\u00f6vde, su ge\u00e7irmez kuma\u015f \u00f6zelli\u011fi ve iki farkl\u0131 renk se\u00e7ene\u011fiyle zevkinize uygun rattan bah\u00e7e mobilyas\u0131n\u0131 se\u00e7ebilirsiniz.\" \/>\n<meta property=\"og:url\" content=\"https:\/\/salincakcim.com\/en\/product\/irmak-tekli-koltuk-gri\/\" \/>\n<meta property=\"og:site_name\" content=\"Sal\u0131ncakc\u0131m - Bah\u00e7e Mobilyalar\u0131 - Sal\u0131ncak\" \/>\n<meta property=\"article:publisher\" content=\"https:\/\/www.facebook.com\/zebgarden\" \/>\n<meta property=\"article:modified_time\" content=\"2024-01-08T15:55:40+00:00\" \/>\n<meta property=\"og:image\" content=\"https:\/\/salincakcim.com\/wp-content\/uploads\/2023\/01\/Basliksiz-4.jpg\" \/>\n\t<meta property=\"og:image:width\" content=\"1000\" \/>\n\t<meta property=\"og:image:height\" content=\"1000\" \/>\n\t<meta property=\"og:image:type\" content=\"image\/jpeg\" \/>\n<meta name=\"twitter:card\" content=\"summary_large_image\" \/>\n<script type=\"application\/ld+json\" class=\"yoast-schema-graph\">{\"@context\":\"https:\\\/\\\/schema.org\",\"@graph\":[{\"@type\":\"WebPage\",\"@id\":\"https:\\\/\\\/salincakcim.com\\\/urun\\\/irmak-tekli-koltuk-gri\\\/\",\"url\":\"https:\\\/\\\/salincakcim.com\\\/urun\\\/irmak-tekli-koltuk-gri\\\/\",\"name\":\"Irmak Tekli Koltuk Gri | Sal\u0131ncakc\u0131m - Bah\u00e7e Mobilyalar\u0131 - Sal\u0131ncak\",\"isPartOf\":{\"@id\":\"https:\\\/\\\/salincakcim.com\\\/#website\"},\"primaryImageOfPage\":{\"@id\":\"https:\\\/\\\/salincakcim.com\\\/urun\\\/irmak-tekli-koltuk-gri\\\/#primaryimage\"},\"image\":{\"@id\":\"https:\\\/\\\/salincakcim.com\\\/urun\\\/irmak-tekli-koltuk-gri\\\/#primaryimage\"},\"thumbnailUrl\":\"https:\\\/\\\/salincakcim.com\\\/wp-content\\\/uploads\\\/2023\\\/01\\\/Basliksiz-4.jpg\",\"datePublished\":\"2023-01-15T11:47:05+00:00\",\"dateModified\":\"2024-01-08T15:55:40+00:00\",\"breadcrumb\":{\"@id\":\"https:\\\/\\\/salincakcim.com\\\/urun\\\/irmak-tekli-koltuk-gri\\\/#breadcrumb\"},\"inLanguage\":\"en-US\",\"potentialAction\":[{\"@type\":\"ReadAction\",\"target\":[\"https:\\\/\\\/salincakcim.com\\\/urun\\\/irmak-tekli-koltuk-gri\\\/\"]}]},{\"@type\":\"ImageObject\",\"inLanguage\":\"en-US\",\"@id\":\"https:\\\/\\\/salincakcim.com\\\/urun\\\/irmak-tekli-koltuk-gri\\\/#primaryimage\",\"url\":\"https:\\\/\\\/salincakcim.com\\\/wp-content\\\/uploads\\\/2023\\\/01\\\/Basliksiz-4.jpg\",\"contentUrl\":\"https:\\\/\\\/salincakcim.com\\\/wp-content\\\/uploads\\\/2023\\\/01\\\/Basliksiz-4.jpg\",\"width\":1000,\"height\":1000},{\"@type\":\"BreadcrumbList\",\"@id\":\"https:\\\/\\\/salincakcim.com\\\/urun\\\/irmak-tekli-koltuk-gri\\\/#breadcrumb\",\"itemListElement\":[{\"@type\":\"ListItem\",\"position\":1,\"name\":\"Anasayfa\",\"item\":\"https:\\\/\\\/salincakcim.com\\\/\"},{\"@type\":\"ListItem\",\"position\":2,\"name\":\"Ma\u011faza\",\"item\":\"https:\\\/\\\/salincakcim.com\\\/magaza-2\\\/\"},{\"@type\":\"ListItem\",\"position\":3,\"name\":\"Irmak Tekli Koltuk Gri\"}]},{\"@type\":\"WebSite\",\"@id\":\"https:\\\/\\\/salincakcim.com\\\/#website\",\"url\":\"https:\\\/\\\/salincakcim.com\\\/\",\"name\":\"Bah\u00e7e Mobilyalar\u0131 - Bah\u00e7e Sal\u0131ncaklar\u0131 - Toptan ve Perakende Sat\u0131\u015f Platformu\",\"description\":\"T\u00fcrkiye&#039;nin En B\u00fcy\u00fck Bah\u00e7e Mobilyalar\u0131 \u00dcreticisi\",\"publisher\":{\"@id\":\"https:\\\/\\\/salincakcim.com\\\/#organization\"},\"potentialAction\":[{\"@type\":\"SearchAction\",\"target\":{\"@type\":\"EntryPoint\",\"urlTemplate\":\"https:\\\/\\\/salincakcim.com\\\/?s={search_term_string}\"},\"query-input\":{\"@type\":\"PropertyValueSpecification\",\"valueRequired\":true,\"valueName\":\"search_term_string\"}}],\"inLanguage\":\"en-US\"},{\"@type\":\"Organization\",\"@id\":\"https:\\\/\\\/salincakcim.com\\\/#organization\",\"name\":\"Sal\u0131ncakc\u0131m - Bah\u00e7e Mobilyalar\u0131 - Sal\u0131ncaklar - Rattan Masa Sandalye\",\"alternateName\":\"Sal\u0131ncakc\u0131m Rattan Sal\u0131ncak Modelleri\",\"url\":\"https:\\\/\\\/salincakcim.com\\\/\",\"logo\":{\"@type\":\"ImageObject\",\"inLanguage\":\"en-US\",\"@id\":\"https:\\\/\\\/salincakcim.com\\\/#\\\/schema\\\/logo\\\/image\\\/\",\"url\":\"https:\\\/\\\/salincakcim.com\\\/wp-content\\\/uploads\\\/2023\\\/01\\\/logov2.jpg\",\"contentUrl\":\"https:\\\/\\\/salincakcim.com\\\/wp-content\\\/uploads\\\/2023\\\/01\\\/logov2.jpg\",\"width\":300,\"height\":50,\"caption\":\"Sal\u0131ncakc\u0131m - Bah\u00e7e Mobilyalar\u0131 - Sal\u0131ncaklar - Rattan Masa Sandalye\"},\"image\":{\"@id\":\"https:\\\/\\\/salincakcim.com\\\/#\\\/schema\\\/logo\\\/image\\\/\"},\"sameAs\":[\"https:\\\/\\\/www.facebook.com\\\/zebgarden\",\"https:\\\/\\\/www.instagram.com\\\/zebgarden\"]}]}<\/script>\n<!-- \/ Yoast SEO plugin. -->","yoast_head_json":{"title":"Irmak Tekli Koltuk Gri | Sal\u0131ncakc\u0131m - Bah\u00e7e Mobilyalar\u0131 - Sal\u0131ncak","robots":{"index":"index","follow":"follow","max-snippet":"max-snippet:-1","max-image-preview":"max-image-preview:large","max-video-preview":"max-video-preview:-1"},"canonical":"https:\/\/salincakcim.com\/en\/product\/irmak-tekli-koltuk-gri\/","og_locale":"en_US","og_type":"article","og_title":"Irmak Tekli Koltuk Gri | Sal\u0131ncakc\u0131m - Bah\u00e7e Mobilyalar\u0131 - Sal\u0131ncak","og_description":"Kalabal\u0131k davetlerin vazge\u00e7ilmezi: Irmak Masa seti  En g\u00fczel anlar\u0131n\u0131zda kalabal\u0131k sofralar i\u00e7in yer d\u00fc\u015f\u00fcnmeyin. Irmak rattan masa tak\u0131m\u0131 ile davetlerinizi diledi\u011finiz gibi s\u00fcsleyebileceksiniz. 1 adet rattan sandalyesi ile Irmak rattan masa tak\u0131m\u0131 bah\u00e7elerinizde zengin sofralar i\u00e7in vazge\u00e7ilmeziniz olacak. Masa \u00fczerinde kullan\u0131lan ba\u011f\u0131ms\u0131z damperli cam, tak\u0131m\u0131n\u0131z\u0131 uzun y\u0131llar kullanabilece\u011finiz bah\u00e7e mobilyas\u0131 deneyimi sunuyor. D\u0131\u015fmekan kullan\u0131m\u0131na uygun al\u00fcminyum g\u00f6vde, su ge\u00e7irmez kuma\u015f \u00f6zelli\u011fi ve iki farkl\u0131 renk se\u00e7ene\u011fiyle zevkinize uygun rattan bah\u00e7e mobilyas\u0131n\u0131 se\u00e7ebilirsiniz.","og_url":"https:\/\/salincakcim.com\/en\/product\/irmak-tekli-koltuk-gri\/","og_site_name":"Sal\u0131ncakc\u0131m - Bah\u00e7e Mobilyalar\u0131 - Sal\u0131ncak","article_publisher":"https:\/\/www.facebook.com\/zebgarden","article_modified_time":"2024-01-08T15:55:40+00:00","og_image":[{"width":1000,"height":1000,"url":"https:\/\/salincakcim.com\/wp-content\/uploads\/2023\/01\/Basliksiz-4.jpg","type":"image\/jpeg"}],"twitter_card":"summary_large_image","schema":{"@context":"https:\/\/schema.org","@graph":[{"@type":"WebPage","@id":"https:\/\/salincakcim.com\/urun\/irmak-tekli-koltuk-gri\/","url":"https:\/\/salincakcim.com\/urun\/irmak-tekli-koltuk-gri\/","name":"Irmak Tekli Koltuk Gri | Sal\u0131ncakc\u0131m - Bah\u00e7e Mobilyalar\u0131 - Sal\u0131ncak","isPartOf":{"@id":"https:\/\/salincakcim.com\/#website"},"primaryImageOfPage":{"@id":"https:\/\/salincakcim.com\/urun\/irmak-tekli-koltuk-gri\/#primaryimage"},"image":{"@id":"https:\/\/salincakcim.com\/urun\/irmak-tekli-koltuk-gri\/#primaryimage"},"thumbnailUrl":"https:\/\/salincakcim.com\/wp-content\/uploads\/2023\/01\/Basliksiz-4.jpg","datePublished":"2023-01-15T11:47:05+00:00","dateModified":"2024-01-08T15:55:40+00:00","breadcrumb":{"@id":"https:\/\/salincakcim.com\/urun\/irmak-tekli-koltuk-gri\/#breadcrumb"},"inLanguage":"en-US","potentialAction":[{"@type":"ReadAction","target":["https:\/\/salincakcim.com\/urun\/irmak-tekli-koltuk-gri\/"]}]},{"@type":"ImageObject","inLanguage":"en-US","@id":"https:\/\/salincakcim.com\/urun\/irmak-tekli-koltuk-gri\/#primaryimage","url":"https:\/\/salincakcim.com\/wp-content\/uploads\/2023\/01\/Basliksiz-4.jpg","contentUrl":"https:\/\/salincakcim.com\/wp-content\/uploads\/2023\/01\/Basliksiz-4.jpg","width":1000,"height":1000},{"@type":"BreadcrumbList","@id":"https:\/\/salincakcim.com\/urun\/irmak-tekli-koltuk-gri\/#breadcrumb","itemListElement":[{"@type":"ListItem","position":1,"name":"Anasayfa","item":"https:\/\/salincakcim.com\/"},{"@type":"ListItem","position":2,"name":"Ma\u011faza","item":"https:\/\/salincakcim.com\/magaza-2\/"},{"@type":"ListItem","position":3,"name":"Irmak Tekli Koltuk Gri"}]},{"@type":"WebSite","@id":"https:\/\/salincakcim.com\/#website","url":"https:\/\/salincakcim.com\/","name":"Bah\u00e7e Mobilyalar\u0131 - Bah\u00e7e Sal\u0131ncaklar\u0131 - Toptan ve Perakende Sat\u0131\u015f Platformu","description":"T\u00fcrkiye&#039;nin En B\u00fcy\u00fck Bah\u00e7e Mobilyalar\u0131 \u00dcreticisi","publisher":{"@id":"https:\/\/salincakcim.com\/#organization"},"potentialAction":[{"@type":"SearchAction","target":{"@type":"EntryPoint","urlTemplate":"https:\/\/salincakcim.com\/?s={search_term_string}"},"query-input":{"@type":"PropertyValueSpecification","valueRequired":true,"valueName":"search_term_string"}}],"inLanguage":"en-US"},{"@type":"Organization","@id":"https:\/\/salincakcim.com\/#organization","name":"Sal\u0131ncakc\u0131m - Bah\u00e7e Mobilyalar\u0131 - Sal\u0131ncaklar - Rattan Masa Sandalye","alternateName":"Sal\u0131ncakc\u0131m Rattan Sal\u0131ncak Modelleri","url":"https:\/\/salincakcim.com\/","logo":{"@type":"ImageObject","inLanguage":"en-US","@id":"https:\/\/salincakcim.com\/#\/schema\/logo\/image\/","url":"https:\/\/salincakcim.com\/wp-content\/uploads\/2023\/01\/logov2.jpg","contentUrl":"https:\/\/salincakcim.com\/wp-content\/uploads\/2023\/01\/logov2.jpg","width":300,"height":50,"caption":"Sal\u0131ncakc\u0131m - Bah\u00e7e Mobilyalar\u0131 - Sal\u0131ncaklar - Rattan Masa Sandalye"},"image":{"@id":"https:\/\/salincakcim.com\/#\/schema\/logo\/image\/"},"sameAs":["https:\/\/www.facebook.com\/zebgarden","https:\/\/www.instagram.com\/zebgarden"]}]}},"_links":{"self":[{"href":"https:\/\/salincakcim.com\/en\/wp-json\/wp\/v2\/product\/5835","targetHints":{"allow":["GET"]}}],"collection":[{"href":"https:\/\/salincakcim.com\/en\/wp-json\/wp\/v2\/product"}],"about":[{"href":"https:\/\/salincakcim.com\/en\/wp-json\/wp\/v2\/types\/product"}],"replies":[{"embeddable":true,"href":"https:\/\/salincakcim.com\/en\/wp-json\/wp\/v2\/comments?post=5835"}],"wp:featuredmedia":[{"embeddable":true,"href":"https:\/\/salincakcim.com\/en\/wp-json\/wp\/v2\/media\/5838"}],"wp:attachment":[{"href":"https:\/\/salincakcim.com\/en\/wp-json\/wp\/v2\/media?parent=5835"}],"wp:term":[{"taxonomy":"product_brand","embeddable":true,"href":"https:\/\/salincakcim.com\/en\/wp-json\/wp\/v2\/product_brand?post=5835"},{"taxonomy":"product_cat","embeddable":true,"href":"https:\/\/salincakcim.com\/en\/wp-json\/wp\/v2\/product_cat?post=5835"},{"taxonomy":"product_tag","embeddable":true,"href":"https:\/\/salincakcim.com\/en\/wp-json\/wp\/v2\/product_tag?post=5835"}],"curies":[{"name":"wp","href":"https:\/\/api.w.org\/{rel}","templated":true}]}}