{"id":492,"date":"2022-12-25T23:21:28","date_gmt":"2022-12-25T20:21:28","guid":{"rendered":"https:\/\/salincakcim.comincakcim\/?post_type=product&#038;p=492"},"modified":"2024-11-25T13:37:44","modified_gmt":"2024-11-25T10:37:44","slug":"mercan-oturma-grubu-beyaz-311","status":"publish","type":"product","link":"https:\/\/salincakcim.com\/en\/product\/mercan-oturma-grubu-beyaz-311\/","title":{"rendered":"Mercan Sitting Group - White"},"content":{"rendered":"<p><strong>Puff Excludes<\/strong><\/p>\n<p><strong>Dimensions:<\/strong><br \/>\n3 SEATS: 183x88x89<br \/>\nSINGLE SEAT: 69x88x89<br \/>\nTABLE: 152x86x76<\/p>\n<p><a href=\"https:\/\/salincakcim.com\/en\/teknik-ozellikler\/\" target=\"_blank\" rel=\"noopener\"><strong>Click for Technical Specifications<\/strong><\/a><\/p>","protected":false},"excerpt":{"rendered":"<p><strong>We bring comfort to your gardens with the Mercan rattan sofa set, produced in the form and quality of a standard sofa set.<\/strong><\/p>\n<p>Mercan Rattan Sofa Set, which consists of 1 triple rattan armchair, 2 single rattan armchairs, 2 rattan poufs and 1 rattan table, will be indispensable for your crowded invitations with its rich set content. You can choose the rattan garden furniture that suits your taste with its aluminum body suitable for outdoor use, waterproof fabric and two different color options.<\/p>","protected":false},"featured_media":5446,"comment_status":"open","ping_status":"closed","template":"","meta":{"_acf_changed":false},"product_brand":[],"product_cat":[239],"product_tag":[],"class_list":{"0":"post-492","1":"product","2":"type-product","3":"status-publish","4":"has-post-thumbnail","6":"product_cat-bahce-mobilyalari","7":"tm-no-options","9":"first","10":"instock","11":"shipping-taxable","12":"purchasable","13":"product-type-simple"},"acf":[],"yoast_head":"<!-- This site is optimized with the Yoast SEO plugin v27.4 - https:\/\/yoast.com\/product\/yoast-seo-wordpress\/ -->\n<title>Mercan Oturma Grubu Beyaz (3+1+1) | Sal\u0131ncakc\u0131m - Bah\u00e7e Mobilyalar\u0131 - Sal\u0131ncak<\/title>\n<meta name=\"robots\" content=\"index, follow, max-snippet:-1, max-image-preview:large, max-video-preview:-1\" \/>\n<link rel=\"canonical\" href=\"https:\/\/salincakcim.com\/en\/product\/mercan-oturma-grubu-beyaz-311\/\" \/>\n<meta property=\"og:locale\" content=\"en_US\" \/>\n<meta property=\"og:type\" content=\"article\" \/>\n<meta property=\"og:title\" content=\"Mercan Oturma Grubu Beyaz (3+1+1) | Sal\u0131ncakc\u0131m - Bah\u00e7e Mobilyalar\u0131 - Sal\u0131ncak\" \/>\n<meta property=\"og:description\" content=\"Standart koltuk tak\u0131m\u0131 formunda ve kalitesinde \u00fcretilen Mercan rattan koltuk tak\u0131m\u0131 ile rahatl\u0131\u011f\u0131 bah\u00e7elerinize ta\u015f\u0131yoruz.  1 adet \u00fc\u00e7l\u00fc rattan koltuk, 2 adet tekli rattan koltuk, 2 adet rattan puf ve 1 adet rattan masadan olu\u015fan Mercan Rattan Koltuk Tak\u0131m\u0131, zengin set i\u00e7eri\u011fiyle kalabal\u0131k davetlerinizin vazge\u00e7ilmezi olacak. D\u0131\u015fmekan kullan\u0131m\u0131na uygun al\u00fcminyum g\u00f6vde, su ge\u00e7irmez kuma\u015f \u00f6zelli\u011fi ve iki farkl\u0131 renk se\u00e7ene\u011fiyle zevkinize uygun rattan bah\u00e7e mobilyas\u0131n\u0131 se\u00e7ebilirsiniz.\" \/>\n<meta property=\"og:url\" content=\"https:\/\/salincakcim.com\/en\/product\/mercan-oturma-grubu-beyaz-311\/\" \/>\n<meta property=\"og:site_name\" content=\"Sal\u0131ncakc\u0131m - Bah\u00e7e Mobilyalar\u0131 - Sal\u0131ncak\" \/>\n<meta property=\"article:publisher\" content=\"https:\/\/www.facebook.com\/zebgarden\" \/>\n<meta property=\"article:modified_time\" content=\"2024-11-25T10:37:44+00:00\" \/>\n<meta property=\"og:image\" content=\"https:\/\/salincakcim.com\/wp-content\/uploads\/2022\/12\/Basliksiz-2-3.jpg\" \/>\n\t<meta property=\"og:image:width\" content=\"700\" \/>\n\t<meta property=\"og:image:height\" content=\"394\" \/>\n\t<meta property=\"og:image:type\" content=\"image\/jpeg\" \/>\n<meta name=\"twitter:card\" content=\"summary_large_image\" \/>\n<script type=\"application\/ld+json\" class=\"yoast-schema-graph\">{\"@context\":\"https:\\\/\\\/schema.org\",\"@graph\":[{\"@type\":\"WebPage\",\"@id\":\"https:\\\/\\\/salincakcim.com\\\/urun\\\/mercan-oturma-grubu-beyaz-311\\\/\",\"url\":\"https:\\\/\\\/salincakcim.com\\\/urun\\\/mercan-oturma-grubu-beyaz-311\\\/\",\"name\":\"Mercan Oturma Grubu Beyaz (3+1+1) | Sal\u0131ncakc\u0131m - Bah\u00e7e Mobilyalar\u0131 - Sal\u0131ncak\",\"isPartOf\":{\"@id\":\"https:\\\/\\\/salincakcim.com\\\/#website\"},\"primaryImageOfPage\":{\"@id\":\"https:\\\/\\\/salincakcim.com\\\/urun\\\/mercan-oturma-grubu-beyaz-311\\\/#primaryimage\"},\"image\":{\"@id\":\"https:\\\/\\\/salincakcim.com\\\/urun\\\/mercan-oturma-grubu-beyaz-311\\\/#primaryimage\"},\"thumbnailUrl\":\"https:\\\/\\\/salincakcim.com\\\/wp-content\\\/uploads\\\/2022\\\/12\\\/Basliksiz-2-3.jpg\",\"datePublished\":\"2022-12-25T20:21:28+00:00\",\"dateModified\":\"2024-11-25T10:37:44+00:00\",\"breadcrumb\":{\"@id\":\"https:\\\/\\\/salincakcim.com\\\/urun\\\/mercan-oturma-grubu-beyaz-311\\\/#breadcrumb\"},\"inLanguage\":\"en-US\",\"potentialAction\":[{\"@type\":\"ReadAction\",\"target\":[\"https:\\\/\\\/salincakcim.com\\\/urun\\\/mercan-oturma-grubu-beyaz-311\\\/\"]}]},{\"@type\":\"ImageObject\",\"inLanguage\":\"en-US\",\"@id\":\"https:\\\/\\\/salincakcim.com\\\/urun\\\/mercan-oturma-grubu-beyaz-311\\\/#primaryimage\",\"url\":\"https:\\\/\\\/salincakcim.com\\\/wp-content\\\/uploads\\\/2022\\\/12\\\/Basliksiz-2-3.jpg\",\"contentUrl\":\"https:\\\/\\\/salincakcim.com\\\/wp-content\\\/uploads\\\/2022\\\/12\\\/Basliksiz-2-3.jpg\",\"width\":700,\"height\":394},{\"@type\":\"BreadcrumbList\",\"@id\":\"https:\\\/\\\/salincakcim.com\\\/urun\\\/mercan-oturma-grubu-beyaz-311\\\/#breadcrumb\",\"itemListElement\":[{\"@type\":\"ListItem\",\"position\":1,\"name\":\"Anasayfa\",\"item\":\"https:\\\/\\\/salincakcim.com\\\/\"},{\"@type\":\"ListItem\",\"position\":2,\"name\":\"Ma\u011faza\",\"item\":\"https:\\\/\\\/salincakcim.com\\\/magaza-2\\\/\"},{\"@type\":\"ListItem\",\"position\":3,\"name\":\"Mercan Oturma Grubu Beyaz (3+1+1)\"}]},{\"@type\":\"WebSite\",\"@id\":\"https:\\\/\\\/salincakcim.com\\\/#website\",\"url\":\"https:\\\/\\\/salincakcim.com\\\/\",\"name\":\"Bah\u00e7e Mobilyalar\u0131 - Bah\u00e7e Sal\u0131ncaklar\u0131 - Toptan ve Perakende Sat\u0131\u015f Platformu\",\"description\":\"T\u00fcrkiye&#039;nin En B\u00fcy\u00fck Bah\u00e7e Mobilyalar\u0131 \u00dcreticisi\",\"publisher\":{\"@id\":\"https:\\\/\\\/salincakcim.com\\\/#organization\"},\"potentialAction\":[{\"@type\":\"SearchAction\",\"target\":{\"@type\":\"EntryPoint\",\"urlTemplate\":\"https:\\\/\\\/salincakcim.com\\\/?s={search_term_string}\"},\"query-input\":{\"@type\":\"PropertyValueSpecification\",\"valueRequired\":true,\"valueName\":\"search_term_string\"}}],\"inLanguage\":\"en-US\"},{\"@type\":\"Organization\",\"@id\":\"https:\\\/\\\/salincakcim.com\\\/#organization\",\"name\":\"Sal\u0131ncakc\u0131m - Bah\u00e7e Mobilyalar\u0131 - Sal\u0131ncaklar - Rattan Masa Sandalye\",\"alternateName\":\"Sal\u0131ncakc\u0131m Rattan Sal\u0131ncak Modelleri\",\"url\":\"https:\\\/\\\/salincakcim.com\\\/\",\"logo\":{\"@type\":\"ImageObject\",\"inLanguage\":\"en-US\",\"@id\":\"https:\\\/\\\/salincakcim.com\\\/#\\\/schema\\\/logo\\\/image\\\/\",\"url\":\"https:\\\/\\\/salincakcim.com\\\/wp-content\\\/uploads\\\/2023\\\/01\\\/logov2.jpg\",\"contentUrl\":\"https:\\\/\\\/salincakcim.com\\\/wp-content\\\/uploads\\\/2023\\\/01\\\/logov2.jpg\",\"width\":300,\"height\":50,\"caption\":\"Sal\u0131ncakc\u0131m - Bah\u00e7e Mobilyalar\u0131 - Sal\u0131ncaklar - Rattan Masa Sandalye\"},\"image\":{\"@id\":\"https:\\\/\\\/salincakcim.com\\\/#\\\/schema\\\/logo\\\/image\\\/\"},\"sameAs\":[\"https:\\\/\\\/www.facebook.com\\\/zebgarden\",\"https:\\\/\\\/www.instagram.com\\\/zebgarden\"]}]}<\/script>\n<!-- \/ Yoast SEO plugin. -->","yoast_head_json":{"title":"Mercan Oturma Grubu Beyaz (3+1+1) | Sal\u0131ncakc\u0131m - Bah\u00e7e Mobilyalar\u0131 - Sal\u0131ncak","robots":{"index":"index","follow":"follow","max-snippet":"max-snippet:-1","max-image-preview":"max-image-preview:large","max-video-preview":"max-video-preview:-1"},"canonical":"https:\/\/salincakcim.com\/en\/product\/mercan-oturma-grubu-beyaz-311\/","og_locale":"en_US","og_type":"article","og_title":"Mercan Oturma Grubu Beyaz (3+1+1) | Sal\u0131ncakc\u0131m - Bah\u00e7e Mobilyalar\u0131 - Sal\u0131ncak","og_description":"Standart koltuk tak\u0131m\u0131 formunda ve kalitesinde \u00fcretilen Mercan rattan koltuk tak\u0131m\u0131 ile rahatl\u0131\u011f\u0131 bah\u00e7elerinize ta\u015f\u0131yoruz.  1 adet \u00fc\u00e7l\u00fc rattan koltuk, 2 adet tekli rattan koltuk, 2 adet rattan puf ve 1 adet rattan masadan olu\u015fan Mercan Rattan Koltuk Tak\u0131m\u0131, zengin set i\u00e7eri\u011fiyle kalabal\u0131k davetlerinizin vazge\u00e7ilmezi olacak. D\u0131\u015fmekan kullan\u0131m\u0131na uygun al\u00fcminyum g\u00f6vde, su ge\u00e7irmez kuma\u015f \u00f6zelli\u011fi ve iki farkl\u0131 renk se\u00e7ene\u011fiyle zevkinize uygun rattan bah\u00e7e mobilyas\u0131n\u0131 se\u00e7ebilirsiniz.","og_url":"https:\/\/salincakcim.com\/en\/product\/mercan-oturma-grubu-beyaz-311\/","og_site_name":"Sal\u0131ncakc\u0131m - Bah\u00e7e Mobilyalar\u0131 - Sal\u0131ncak","article_publisher":"https:\/\/www.facebook.com\/zebgarden","article_modified_time":"2024-11-25T10:37:44+00:00","og_image":[{"width":700,"height":394,"url":"https:\/\/salincakcim.com\/wp-content\/uploads\/2022\/12\/Basliksiz-2-3.jpg","type":"image\/jpeg"}],"twitter_card":"summary_large_image","schema":{"@context":"https:\/\/schema.org","@graph":[{"@type":"WebPage","@id":"https:\/\/salincakcim.com\/urun\/mercan-oturma-grubu-beyaz-311\/","url":"https:\/\/salincakcim.com\/urun\/mercan-oturma-grubu-beyaz-311\/","name":"Mercan Oturma Grubu Beyaz (3+1+1) | Sal\u0131ncakc\u0131m - Bah\u00e7e Mobilyalar\u0131 - Sal\u0131ncak","isPartOf":{"@id":"https:\/\/salincakcim.com\/#website"},"primaryImageOfPage":{"@id":"https:\/\/salincakcim.com\/urun\/mercan-oturma-grubu-beyaz-311\/#primaryimage"},"image":{"@id":"https:\/\/salincakcim.com\/urun\/mercan-oturma-grubu-beyaz-311\/#primaryimage"},"thumbnailUrl":"https:\/\/salincakcim.com\/wp-content\/uploads\/2022\/12\/Basliksiz-2-3.jpg","datePublished":"2022-12-25T20:21:28+00:00","dateModified":"2024-11-25T10:37:44+00:00","breadcrumb":{"@id":"https:\/\/salincakcim.com\/urun\/mercan-oturma-grubu-beyaz-311\/#breadcrumb"},"inLanguage":"en-US","potentialAction":[{"@type":"ReadAction","target":["https:\/\/salincakcim.com\/urun\/mercan-oturma-grubu-beyaz-311\/"]}]},{"@type":"ImageObject","inLanguage":"en-US","@id":"https:\/\/salincakcim.com\/urun\/mercan-oturma-grubu-beyaz-311\/#primaryimage","url":"https:\/\/salincakcim.com\/wp-content\/uploads\/2022\/12\/Basliksiz-2-3.jpg","contentUrl":"https:\/\/salincakcim.com\/wp-content\/uploads\/2022\/12\/Basliksiz-2-3.jpg","width":700,"height":394},{"@type":"BreadcrumbList","@id":"https:\/\/salincakcim.com\/urun\/mercan-oturma-grubu-beyaz-311\/#breadcrumb","itemListElement":[{"@type":"ListItem","position":1,"name":"Anasayfa","item":"https:\/\/salincakcim.com\/"},{"@type":"ListItem","position":2,"name":"Ma\u011faza","item":"https:\/\/salincakcim.com\/magaza-2\/"},{"@type":"ListItem","position":3,"name":"Mercan Oturma Grubu Beyaz (3+1+1)"}]},{"@type":"WebSite","@id":"https:\/\/salincakcim.com\/#website","url":"https:\/\/salincakcim.com\/","name":"Bah\u00e7e Mobilyalar\u0131 - Bah\u00e7e Sal\u0131ncaklar\u0131 - Toptan ve Perakende Sat\u0131\u015f Platformu","description":"T\u00fcrkiye&#039;nin En B\u00fcy\u00fck Bah\u00e7e Mobilyalar\u0131 \u00dcreticisi","publisher":{"@id":"https:\/\/salincakcim.com\/#organization"},"potentialAction":[{"@type":"SearchAction","target":{"@type":"EntryPoint","urlTemplate":"https:\/\/salincakcim.com\/?s={search_term_string}"},"query-input":{"@type":"PropertyValueSpecification","valueRequired":true,"valueName":"search_term_string"}}],"inLanguage":"en-US"},{"@type":"Organization","@id":"https:\/\/salincakcim.com\/#organization","name":"Sal\u0131ncakc\u0131m - Bah\u00e7e Mobilyalar\u0131 - Sal\u0131ncaklar - Rattan Masa Sandalye","alternateName":"Sal\u0131ncakc\u0131m Rattan Sal\u0131ncak Modelleri","url":"https:\/\/salincakcim.com\/","logo":{"@type":"ImageObject","inLanguage":"en-US","@id":"https:\/\/salincakcim.com\/#\/schema\/logo\/image\/","url":"https:\/\/salincakcim.com\/wp-content\/uploads\/2023\/01\/logov2.jpg","contentUrl":"https:\/\/salincakcim.com\/wp-content\/uploads\/2023\/01\/logov2.jpg","width":300,"height":50,"caption":"Sal\u0131ncakc\u0131m - Bah\u00e7e Mobilyalar\u0131 - Sal\u0131ncaklar - Rattan Masa Sandalye"},"image":{"@id":"https:\/\/salincakcim.com\/#\/schema\/logo\/image\/"},"sameAs":["https:\/\/www.facebook.com\/zebgarden","https:\/\/www.instagram.com\/zebgarden"]}]}},"_links":{"self":[{"href":"https:\/\/salincakcim.com\/en\/wp-json\/wp\/v2\/product\/492","targetHints":{"allow":["GET"]}}],"collection":[{"href":"https:\/\/salincakcim.com\/en\/wp-json\/wp\/v2\/product"}],"about":[{"href":"https:\/\/salincakcim.com\/en\/wp-json\/wp\/v2\/types\/product"}],"replies":[{"embeddable":true,"href":"https:\/\/salincakcim.com\/en\/wp-json\/wp\/v2\/comments?post=492"}],"wp:featuredmedia":[{"embeddable":true,"href":"https:\/\/salincakcim.com\/en\/wp-json\/wp\/v2\/media\/5446"}],"wp:attachment":[{"href":"https:\/\/salincakcim.com\/en\/wp-json\/wp\/v2\/media?parent=492"}],"wp:term":[{"taxonomy":"product_brand","embeddable":true,"href":"https:\/\/salincakcim.com\/en\/wp-json\/wp\/v2\/product_brand?post=492"},{"taxonomy":"product_cat","embeddable":true,"href":"https:\/\/salincakcim.com\/en\/wp-json\/wp\/v2\/product_cat?post=492"},{"taxonomy":"product_tag","embeddable":true,"href":"https:\/\/salincakcim.com\/en\/wp-json\/wp\/v2\/product_tag?post=492"}],"curies":[{"name":"wp","href":"https:\/\/api.w.org\/{rel}","templated":true}]}}