{"id":482,"date":"2022-12-25T23:09:54","date_gmt":"2022-12-25T20:09:54","guid":{"rendered":"https:\/\/salincakcim.comincakcim\/?post_type=product&#038;p=482"},"modified":"2024-11-25T13:36:58","modified_gmt":"2024-11-25T10:36:58","slug":"irmak-61-masa-takimi-gri","status":"publish","type":"product","link":"https:\/\/salincakcim.com\/en\/product\/irmak-61-masa-takimi-gri\/","title":{"rendered":"Irmak 6+1 Table Set Gray"},"content":{"rendered":"<p><strong>Dimensions:<\/strong><\/p>\n<p>SINGLE SOFA: 73x70x80<br \/>\nTABLE: 180x90x75<\/p>","protected":false},"excerpt":{"rendered":"<p><strong>Indispensable for crowded parties: Irmak Table Set<\/strong><\/p>\n<p style=\"text-align: justify;\">Do not think of a place for crowded tables in your most beautiful moments. With the Irmak rattan table set, you will be able to decorate your invitations as you wish. With its oval shaped rattan table and 6 rattan chairs, the Irmak rattan table set will be indispensable for rich tables in your gardens. The freestanding damper glass used on the table offers garden furniture experience that you can use your set for many years. You can choose the rattan garden furniture that suits your taste with its aluminum body suitable for outdoor use, waterproof fabric and two different color options.<\/p>","protected":false},"featured_media":5445,"comment_status":"open","ping_status":"closed","template":"","meta":{"_acf_changed":false},"product_brand":[],"product_cat":[239],"product_tag":[],"class_list":{"0":"post-482","1":"product","2":"type-product","3":"status-publish","4":"has-post-thumbnail","6":"product_cat-bahce-mobilyalari","7":"tm-no-options","9":"first","10":"instock","11":"shipping-taxable","12":"purchasable","13":"product-type-simple"},"acf":[],"yoast_head":"<!-- This site is optimized with the Yoast SEO plugin v27.5 - https:\/\/yoast.com\/product\/yoast-seo-wordpress\/ -->\n<title>Irmak 6+1 Masa Tak\u0131m\u0131 Gri | Sal\u0131ncakc\u0131m - Bah\u00e7e Mobilyalar\u0131 - Sal\u0131ncak<\/title>\n<meta name=\"robots\" content=\"index, follow, max-snippet:-1, max-image-preview:large, max-video-preview:-1\" \/>\n<link rel=\"canonical\" href=\"https:\/\/salincakcim.com\/en\/product\/irmak-61-masa-takimi-gri\/\" \/>\n<meta property=\"og:locale\" content=\"en_US\" \/>\n<meta property=\"og:type\" content=\"article\" \/>\n<meta property=\"og:title\" content=\"Irmak 6+1 Masa Tak\u0131m\u0131 Gri | Sal\u0131ncakc\u0131m - Bah\u00e7e Mobilyalar\u0131 - Sal\u0131ncak\" \/>\n<meta property=\"og:description\" content=\"Kalabal\u0131k davetlerin vazge\u00e7ilmezi: Irmak Masa seti En g\u00fczel anlar\u0131n\u0131zda kalabal\u0131k sofralar i\u00e7in yer d\u00fc\u015f\u00fcnmeyin. Irmak rattan masa tak\u0131m\u0131 ile davetlerinizi diledi\u011finiz gibi s\u00fcsleyebileceksiniz. Oval formlu rattan masas\u0131 ve 6 adet rattan sandalyesi ile Irmak rattan masa tak\u0131m\u0131 bah\u00e7elerinizde zengin sofralar i\u00e7in vazge\u00e7ilmeziniz olacak. Masa \u00fczerinde kullan\u0131lan ba\u011f\u0131ms\u0131z damperli cam, tak\u0131m\u0131n\u0131z\u0131 uzun y\u0131llar kullanabilece\u011finiz bah\u00e7e mobilyas\u0131 deneyimi sunuyor. D\u0131\u015fmekan kullan\u0131m\u0131na uygun al\u00fcminyum g\u00f6vde, su ge\u00e7irmez kuma\u015f \u00f6zelli\u011fi ve iki farkl\u0131 renk se\u00e7ene\u011fiyle zevkinize uygun rattan bah\u00e7e mobilyas\u0131n\u0131 se\u00e7ebilirsiniz.\" \/>\n<meta property=\"og:url\" content=\"https:\/\/salincakcim.com\/en\/product\/irmak-61-masa-takimi-gri\/\" \/>\n<meta property=\"og:site_name\" content=\"Sal\u0131ncakc\u0131m - Bah\u00e7e Mobilyalar\u0131 - Sal\u0131ncak\" \/>\n<meta property=\"article:publisher\" content=\"https:\/\/www.facebook.com\/zebgarden\" \/>\n<meta property=\"article:modified_time\" content=\"2024-11-25T10:36:58+00:00\" \/>\n<meta property=\"og:image\" content=\"https:\/\/salincakcim.com\/wp-content\/uploads\/2022\/12\/Basliksiz-1-12.jpg\" \/>\n\t<meta property=\"og:image:width\" content=\"700\" \/>\n\t<meta property=\"og:image:height\" content=\"394\" \/>\n\t<meta property=\"og:image:type\" content=\"image\/jpeg\" \/>\n<meta name=\"twitter:card\" content=\"summary_large_image\" \/>\n<script type=\"application\/ld+json\" class=\"yoast-schema-graph\">{\"@context\":\"https:\\\/\\\/schema.org\",\"@graph\":[{\"@type\":\"WebPage\",\"@id\":\"https:\\\/\\\/salincakcim.com\\\/urun\\\/irmak-61-masa-takimi-gri\\\/\",\"url\":\"https:\\\/\\\/salincakcim.com\\\/urun\\\/irmak-61-masa-takimi-gri\\\/\",\"name\":\"Irmak 6+1 Masa Tak\u0131m\u0131 Gri | Sal\u0131ncakc\u0131m - Bah\u00e7e Mobilyalar\u0131 - Sal\u0131ncak\",\"isPartOf\":{\"@id\":\"https:\\\/\\\/salincakcim.com\\\/#website\"},\"primaryImageOfPage\":{\"@id\":\"https:\\\/\\\/salincakcim.com\\\/urun\\\/irmak-61-masa-takimi-gri\\\/#primaryimage\"},\"image\":{\"@id\":\"https:\\\/\\\/salincakcim.com\\\/urun\\\/irmak-61-masa-takimi-gri\\\/#primaryimage\"},\"thumbnailUrl\":\"https:\\\/\\\/salincakcim.com\\\/wp-content\\\/uploads\\\/2022\\\/12\\\/Basliksiz-1-12.jpg\",\"datePublished\":\"2022-12-25T20:09:54+00:00\",\"dateModified\":\"2024-11-25T10:36:58+00:00\",\"breadcrumb\":{\"@id\":\"https:\\\/\\\/salincakcim.com\\\/urun\\\/irmak-61-masa-takimi-gri\\\/#breadcrumb\"},\"inLanguage\":\"en-US\",\"potentialAction\":[{\"@type\":\"ReadAction\",\"target\":[\"https:\\\/\\\/salincakcim.com\\\/urun\\\/irmak-61-masa-takimi-gri\\\/\"]}]},{\"@type\":\"ImageObject\",\"inLanguage\":\"en-US\",\"@id\":\"https:\\\/\\\/salincakcim.com\\\/urun\\\/irmak-61-masa-takimi-gri\\\/#primaryimage\",\"url\":\"https:\\\/\\\/salincakcim.com\\\/wp-content\\\/uploads\\\/2022\\\/12\\\/Basliksiz-1-12.jpg\",\"contentUrl\":\"https:\\\/\\\/salincakcim.com\\\/wp-content\\\/uploads\\\/2022\\\/12\\\/Basliksiz-1-12.jpg\",\"width\":700,\"height\":394},{\"@type\":\"BreadcrumbList\",\"@id\":\"https:\\\/\\\/salincakcim.com\\\/urun\\\/irmak-61-masa-takimi-gri\\\/#breadcrumb\",\"itemListElement\":[{\"@type\":\"ListItem\",\"position\":1,\"name\":\"Anasayfa\",\"item\":\"https:\\\/\\\/salincakcim.com\\\/\"},{\"@type\":\"ListItem\",\"position\":2,\"name\":\"Ma\u011faza\",\"item\":\"https:\\\/\\\/salincakcim.com\\\/magaza-2\\\/\"},{\"@type\":\"ListItem\",\"position\":3,\"name\":\"Irmak 6+1 Masa Tak\u0131m\u0131 Gri\"}]},{\"@type\":\"WebSite\",\"@id\":\"https:\\\/\\\/salincakcim.com\\\/#website\",\"url\":\"https:\\\/\\\/salincakcim.com\\\/\",\"name\":\"Bah\u00e7e Mobilyalar\u0131 - Bah\u00e7e Sal\u0131ncaklar\u0131 - Toptan ve Perakende Sat\u0131\u015f Platformu\",\"description\":\"T\u00fcrkiye&#039;nin En B\u00fcy\u00fck Bah\u00e7e Mobilyalar\u0131 \u00dcreticisi\",\"publisher\":{\"@id\":\"https:\\\/\\\/salincakcim.com\\\/#organization\"},\"potentialAction\":[{\"@type\":\"SearchAction\",\"target\":{\"@type\":\"EntryPoint\",\"urlTemplate\":\"https:\\\/\\\/salincakcim.com\\\/?s={search_term_string}\"},\"query-input\":{\"@type\":\"PropertyValueSpecification\",\"valueRequired\":true,\"valueName\":\"search_term_string\"}}],\"inLanguage\":\"en-US\"},{\"@type\":\"Organization\",\"@id\":\"https:\\\/\\\/salincakcim.com\\\/#organization\",\"name\":\"Sal\u0131ncakc\u0131m - Bah\u00e7e Mobilyalar\u0131 - Sal\u0131ncaklar - Rattan Masa Sandalye\",\"alternateName\":\"Sal\u0131ncakc\u0131m Rattan Sal\u0131ncak Modelleri\",\"url\":\"https:\\\/\\\/salincakcim.com\\\/\",\"logo\":{\"@type\":\"ImageObject\",\"inLanguage\":\"en-US\",\"@id\":\"https:\\\/\\\/salincakcim.com\\\/#\\\/schema\\\/logo\\\/image\\\/\",\"url\":\"https:\\\/\\\/salincakcim.com\\\/wp-content\\\/uploads\\\/2023\\\/01\\\/logov2.jpg\",\"contentUrl\":\"https:\\\/\\\/salincakcim.com\\\/wp-content\\\/uploads\\\/2023\\\/01\\\/logov2.jpg\",\"width\":300,\"height\":50,\"caption\":\"Sal\u0131ncakc\u0131m - Bah\u00e7e Mobilyalar\u0131 - Sal\u0131ncaklar - Rattan Masa Sandalye\"},\"image\":{\"@id\":\"https:\\\/\\\/salincakcim.com\\\/#\\\/schema\\\/logo\\\/image\\\/\"},\"sameAs\":[\"https:\\\/\\\/www.facebook.com\\\/zebgarden\",\"https:\\\/\\\/www.instagram.com\\\/zebgarden\"]}]}<\/script>\n<!-- \/ Yoast SEO plugin. -->","yoast_head_json":{"title":"Irmak 6+1 Masa Tak\u0131m\u0131 Gri | Sal\u0131ncakc\u0131m - Bah\u00e7e Mobilyalar\u0131 - Sal\u0131ncak","robots":{"index":"index","follow":"follow","max-snippet":"max-snippet:-1","max-image-preview":"max-image-preview:large","max-video-preview":"max-video-preview:-1"},"canonical":"https:\/\/salincakcim.com\/en\/product\/irmak-61-masa-takimi-gri\/","og_locale":"en_US","og_type":"article","og_title":"Irmak 6+1 Masa Tak\u0131m\u0131 Gri | Sal\u0131ncakc\u0131m - Bah\u00e7e Mobilyalar\u0131 - Sal\u0131ncak","og_description":"Kalabal\u0131k davetlerin vazge\u00e7ilmezi: Irmak Masa seti En g\u00fczel anlar\u0131n\u0131zda kalabal\u0131k sofralar i\u00e7in yer d\u00fc\u015f\u00fcnmeyin. Irmak rattan masa tak\u0131m\u0131 ile davetlerinizi diledi\u011finiz gibi s\u00fcsleyebileceksiniz. Oval formlu rattan masas\u0131 ve 6 adet rattan sandalyesi ile Irmak rattan masa tak\u0131m\u0131 bah\u00e7elerinizde zengin sofralar i\u00e7in vazge\u00e7ilmeziniz olacak. Masa \u00fczerinde kullan\u0131lan ba\u011f\u0131ms\u0131z damperli cam, tak\u0131m\u0131n\u0131z\u0131 uzun y\u0131llar kullanabilece\u011finiz bah\u00e7e mobilyas\u0131 deneyimi sunuyor. D\u0131\u015fmekan kullan\u0131m\u0131na uygun al\u00fcminyum g\u00f6vde, su ge\u00e7irmez kuma\u015f \u00f6zelli\u011fi ve iki farkl\u0131 renk se\u00e7ene\u011fiyle zevkinize uygun rattan bah\u00e7e mobilyas\u0131n\u0131 se\u00e7ebilirsiniz.","og_url":"https:\/\/salincakcim.com\/en\/product\/irmak-61-masa-takimi-gri\/","og_site_name":"Sal\u0131ncakc\u0131m - Bah\u00e7e Mobilyalar\u0131 - Sal\u0131ncak","article_publisher":"https:\/\/www.facebook.com\/zebgarden","article_modified_time":"2024-11-25T10:36:58+00:00","og_image":[{"width":700,"height":394,"url":"https:\/\/salincakcim.com\/wp-content\/uploads\/2022\/12\/Basliksiz-1-12.jpg","type":"image\/jpeg"}],"twitter_card":"summary_large_image","schema":{"@context":"https:\/\/schema.org","@graph":[{"@type":"WebPage","@id":"https:\/\/salincakcim.com\/urun\/irmak-61-masa-takimi-gri\/","url":"https:\/\/salincakcim.com\/urun\/irmak-61-masa-takimi-gri\/","name":"Irmak 6+1 Masa Tak\u0131m\u0131 Gri | Sal\u0131ncakc\u0131m - Bah\u00e7e Mobilyalar\u0131 - Sal\u0131ncak","isPartOf":{"@id":"https:\/\/salincakcim.com\/#website"},"primaryImageOfPage":{"@id":"https:\/\/salincakcim.com\/urun\/irmak-61-masa-takimi-gri\/#primaryimage"},"image":{"@id":"https:\/\/salincakcim.com\/urun\/irmak-61-masa-takimi-gri\/#primaryimage"},"thumbnailUrl":"https:\/\/salincakcim.com\/wp-content\/uploads\/2022\/12\/Basliksiz-1-12.jpg","datePublished":"2022-12-25T20:09:54+00:00","dateModified":"2024-11-25T10:36:58+00:00","breadcrumb":{"@id":"https:\/\/salincakcim.com\/urun\/irmak-61-masa-takimi-gri\/#breadcrumb"},"inLanguage":"en-US","potentialAction":[{"@type":"ReadAction","target":["https:\/\/salincakcim.com\/urun\/irmak-61-masa-takimi-gri\/"]}]},{"@type":"ImageObject","inLanguage":"en-US","@id":"https:\/\/salincakcim.com\/urun\/irmak-61-masa-takimi-gri\/#primaryimage","url":"https:\/\/salincakcim.com\/wp-content\/uploads\/2022\/12\/Basliksiz-1-12.jpg","contentUrl":"https:\/\/salincakcim.com\/wp-content\/uploads\/2022\/12\/Basliksiz-1-12.jpg","width":700,"height":394},{"@type":"BreadcrumbList","@id":"https:\/\/salincakcim.com\/urun\/irmak-61-masa-takimi-gri\/#breadcrumb","itemListElement":[{"@type":"ListItem","position":1,"name":"Anasayfa","item":"https:\/\/salincakcim.com\/"},{"@type":"ListItem","position":2,"name":"Ma\u011faza","item":"https:\/\/salincakcim.com\/magaza-2\/"},{"@type":"ListItem","position":3,"name":"Irmak 6+1 Masa Tak\u0131m\u0131 Gri"}]},{"@type":"WebSite","@id":"https:\/\/salincakcim.com\/#website","url":"https:\/\/salincakcim.com\/","name":"Bah\u00e7e Mobilyalar\u0131 - Bah\u00e7e Sal\u0131ncaklar\u0131 - Toptan ve Perakende Sat\u0131\u015f Platformu","description":"T\u00fcrkiye&#039;nin En B\u00fcy\u00fck Bah\u00e7e Mobilyalar\u0131 \u00dcreticisi","publisher":{"@id":"https:\/\/salincakcim.com\/#organization"},"potentialAction":[{"@type":"SearchAction","target":{"@type":"EntryPoint","urlTemplate":"https:\/\/salincakcim.com\/?s={search_term_string}"},"query-input":{"@type":"PropertyValueSpecification","valueRequired":true,"valueName":"search_term_string"}}],"inLanguage":"en-US"},{"@type":"Organization","@id":"https:\/\/salincakcim.com\/#organization","name":"Sal\u0131ncakc\u0131m - Bah\u00e7e Mobilyalar\u0131 - Sal\u0131ncaklar - Rattan Masa Sandalye","alternateName":"Sal\u0131ncakc\u0131m Rattan Sal\u0131ncak Modelleri","url":"https:\/\/salincakcim.com\/","logo":{"@type":"ImageObject","inLanguage":"en-US","@id":"https:\/\/salincakcim.com\/#\/schema\/logo\/image\/","url":"https:\/\/salincakcim.com\/wp-content\/uploads\/2023\/01\/logov2.jpg","contentUrl":"https:\/\/salincakcim.com\/wp-content\/uploads\/2023\/01\/logov2.jpg","width":300,"height":50,"caption":"Sal\u0131ncakc\u0131m - Bah\u00e7e Mobilyalar\u0131 - Sal\u0131ncaklar - Rattan Masa Sandalye"},"image":{"@id":"https:\/\/salincakcim.com\/#\/schema\/logo\/image\/"},"sameAs":["https:\/\/www.facebook.com\/zebgarden","https:\/\/www.instagram.com\/zebgarden"]}]}},"_links":{"self":[{"href":"https:\/\/salincakcim.com\/en\/wp-json\/wp\/v2\/product\/482","targetHints":{"allow":["GET"]}}],"collection":[{"href":"https:\/\/salincakcim.com\/en\/wp-json\/wp\/v2\/product"}],"about":[{"href":"https:\/\/salincakcim.com\/en\/wp-json\/wp\/v2\/types\/product"}],"replies":[{"embeddable":true,"href":"https:\/\/salincakcim.com\/en\/wp-json\/wp\/v2\/comments?post=482"}],"wp:featuredmedia":[{"embeddable":true,"href":"https:\/\/salincakcim.com\/en\/wp-json\/wp\/v2\/media\/5445"}],"wp:attachment":[{"href":"https:\/\/salincakcim.com\/en\/wp-json\/wp\/v2\/media?parent=482"}],"wp:term":[{"taxonomy":"product_brand","embeddable":true,"href":"https:\/\/salincakcim.com\/en\/wp-json\/wp\/v2\/product_brand?post=482"},{"taxonomy":"product_cat","embeddable":true,"href":"https:\/\/salincakcim.com\/en\/wp-json\/wp\/v2\/product_cat?post=482"},{"taxonomy":"product_tag","embeddable":true,"href":"https:\/\/salincakcim.com\/en\/wp-json\/wp\/v2\/product_tag?post=482"}],"curies":[{"name":"wp","href":"https:\/\/api.w.org\/{rel}","templated":true}]}}