{"id":448,"date":"2022-12-25T23:08:09","date_gmt":"2022-12-25T20:08:09","guid":{"rendered":"https:\/\/salincakcim.comincakcim\/?post_type=product&#038;p=448"},"modified":"2025-01-03T21:51:04","modified_gmt":"2025-01-03T18:51:04","slug":"ilgaz-rattan-armut-salincak-kapucino","status":"publish","type":"product","link":"https:\/\/salincakcim.com\/en\/product\/ilgaz-rattan-armut-salincak-kapucino\/","title":{"rendered":"Ilgaz Rattan Pear Swing Cappuccino"},"content":{"rendered":"<p><strong>Dimensions:<\/strong><\/p>\n<p>BASKET: 110x67x135<br \/>\nFEET: 116\u00d8<br \/>\nPOLE: 190<br \/>\nCUSHION: 116x116x198<\/p>\n<p><a href=\"https:\/\/salincakcim.com\/en\/teknik-ozellikler\/\" target=\"_blank\" rel=\"noopener\"><strong>Click for Technical Specifications<\/strong><\/a><\/p>","protected":false},"excerpt":{"rendered":"<p style=\"text-align: justify;\"><strong>Regardless of our age, we all know the feeling of happiness and relaxation that comes to mind when we say swing.<\/strong><\/p>\n<p style=\"text-align: justify;\">Ilgaz rattan pear swing brings the happiness and comfort you seek to your homes. The rattan basket, which is produced wider and higher than its counterparts, provides a great comfortable use area to relieve the tiredness of the day or read a book. Ilgaz rattan pear swing, which you can use comfortably in your home, in your garden, or on your balcony or terrace, will both accompany your enjoyment and add a different atmosphere to your homes with its stylish appearance. You can choose the rattan pear swing that suits your taste with its electrostatic powder coated metal body suitable for outdoor use, waterproof fabric and 4 different color options.<\/p>","protected":false},"featured_media":5439,"comment_status":"open","ping_status":"closed","template":"","meta":{"_acf_changed":false},"product_brand":[],"product_cat":[234],"product_tag":[],"class_list":{"0":"post-448","1":"product","2":"type-product","3":"status-publish","4":"has-post-thumbnail","6":"product_cat-salincaklar","7":"tm-has-options","9":"first","10":"instock","11":"shipping-taxable","12":"purchasable","13":"product-type-simple"},"acf":[],"yoast_head":"<!-- This site is optimized with the Yoast SEO plugin v27.6 - https:\/\/yoast.com\/product\/yoast-seo-wordpress\/ -->\n<title>Ilgaz Rattan Armut Sal\u0131ncak Kapu\u00e7ino | Sal\u0131ncakc\u0131m - Bah\u00e7e Mobilyalar\u0131 - Sal\u0131ncak<\/title>\n<meta name=\"robots\" content=\"index, follow, max-snippet:-1, max-image-preview:large, max-video-preview:-1\" \/>\n<link rel=\"canonical\" href=\"https:\/\/salincakcim.com\/en\/product\/ilgaz-rattan-armut-salincak-kapucino\/\" \/>\n<meta property=\"og:locale\" content=\"en_US\" \/>\n<meta property=\"og:type\" content=\"article\" \/>\n<meta property=\"og:title\" content=\"Ilgaz Rattan Armut Sal\u0131ncak Kapu\u00e7ino | Sal\u0131ncakc\u0131m - Bah\u00e7e Mobilyalar\u0131 - Sal\u0131ncak\" \/>\n<meta property=\"og:description\" content=\"Ya\u015f\u0131m\u0131z ka\u00e7 olursa olsun, sal\u0131ncak deyince ilk akla gelen mutluluk ve rahatlama hissini hepimiz biliyoruz. Ilgaz rattan armut sal\u0131ncak i\u015fte tam da o arad\u0131\u011f\u0131n\u0131z mutluluk ve rahatl\u0131\u011f\u0131 evlerinize getiriyor. Muadillerine g\u00f6re daha geni\u015f ve daha y\u00fcksek \u00fcretilen rattan sepet, g\u00fcn\u00fcn yorgunlu\u011funu atmak veya bir kitap okumak i\u00e7in harika bir konforlu kullan\u0131m alan\u0131 sa\u011flar. \u0130ster evinizde, ister bah\u00e7enizde, isterseniz de balkon veya teras\u0131n\u0131zda rahat\u00e7a kullanabilece\u011finiz Ilgaz rattan armut sal\u0131ncak ile hem keyfinize e\u015flik edecek, hem de \u015f\u0131k g\u00f6r\u00fcn\u00fcm\u00fcyle evlerinize farkl\u0131 bir hava katacak. D\u0131\u015fmekan kullan\u0131m\u0131na uygun elektrostatik toz boya kapl\u0131 metal g\u00f6vde, su ge\u00e7irmez kuma\u015f \u00f6zelli\u011fi ve 4 farkl\u0131 renk se\u00e7ene\u011fiyle zevkinize uygun rattan armut sal\u0131nca\u011f\u0131 se\u00e7ebilirsiniz.\" \/>\n<meta property=\"og:url\" content=\"https:\/\/salincakcim.com\/en\/product\/ilgaz-rattan-armut-salincak-kapucino\/\" \/>\n<meta property=\"og:site_name\" content=\"Sal\u0131ncakc\u0131m - Bah\u00e7e Mobilyalar\u0131 - Sal\u0131ncak\" \/>\n<meta property=\"article:publisher\" content=\"https:\/\/www.facebook.com\/zebgarden\" \/>\n<meta property=\"article:modified_time\" content=\"2025-01-03T18:51:04+00:00\" \/>\n<meta property=\"og:image\" content=\"https:\/\/salincakcim.com\/wp-content\/uploads\/2022\/12\/Basliksiz-1-9.jpg\" \/>\n\t<meta property=\"og:image:width\" content=\"700\" \/>\n\t<meta property=\"og:image:height\" content=\"394\" \/>\n\t<meta property=\"og:image:type\" content=\"image\/jpeg\" \/>\n<meta name=\"twitter:card\" content=\"summary_large_image\" \/>\n<script type=\"application\/ld+json\" class=\"yoast-schema-graph\">{\"@context\":\"https:\\\/\\\/schema.org\",\"@graph\":[{\"@type\":\"WebPage\",\"@id\":\"https:\\\/\\\/salincakcim.com\\\/urun\\\/ilgaz-rattan-armut-salincak-kapucino\\\/\",\"url\":\"https:\\\/\\\/salincakcim.com\\\/urun\\\/ilgaz-rattan-armut-salincak-kapucino\\\/\",\"name\":\"Ilgaz Rattan Armut Sal\u0131ncak Kapu\u00e7ino | Sal\u0131ncakc\u0131m - Bah\u00e7e Mobilyalar\u0131 - Sal\u0131ncak\",\"isPartOf\":{\"@id\":\"https:\\\/\\\/salincakcim.com\\\/#website\"},\"primaryImageOfPage\":{\"@id\":\"https:\\\/\\\/salincakcim.com\\\/urun\\\/ilgaz-rattan-armut-salincak-kapucino\\\/#primaryimage\"},\"image\":{\"@id\":\"https:\\\/\\\/salincakcim.com\\\/urun\\\/ilgaz-rattan-armut-salincak-kapucino\\\/#primaryimage\"},\"thumbnailUrl\":\"https:\\\/\\\/salincakcim.com\\\/wp-content\\\/uploads\\\/2022\\\/12\\\/Basliksiz-1-9.jpg\",\"datePublished\":\"2022-12-25T20:08:09+00:00\",\"dateModified\":\"2025-01-03T18:51:04+00:00\",\"breadcrumb\":{\"@id\":\"https:\\\/\\\/salincakcim.com\\\/urun\\\/ilgaz-rattan-armut-salincak-kapucino\\\/#breadcrumb\"},\"inLanguage\":\"en-US\",\"potentialAction\":[{\"@type\":\"ReadAction\",\"target\":[\"https:\\\/\\\/salincakcim.com\\\/urun\\\/ilgaz-rattan-armut-salincak-kapucino\\\/\"]}]},{\"@type\":\"ImageObject\",\"inLanguage\":\"en-US\",\"@id\":\"https:\\\/\\\/salincakcim.com\\\/urun\\\/ilgaz-rattan-armut-salincak-kapucino\\\/#primaryimage\",\"url\":\"https:\\\/\\\/salincakcim.com\\\/wp-content\\\/uploads\\\/2022\\\/12\\\/Basliksiz-1-9.jpg\",\"contentUrl\":\"https:\\\/\\\/salincakcim.com\\\/wp-content\\\/uploads\\\/2022\\\/12\\\/Basliksiz-1-9.jpg\",\"width\":700,\"height\":394},{\"@type\":\"BreadcrumbList\",\"@id\":\"https:\\\/\\\/salincakcim.com\\\/urun\\\/ilgaz-rattan-armut-salincak-kapucino\\\/#breadcrumb\",\"itemListElement\":[{\"@type\":\"ListItem\",\"position\":1,\"name\":\"Anasayfa\",\"item\":\"https:\\\/\\\/salincakcim.com\\\/\"},{\"@type\":\"ListItem\",\"position\":2,\"name\":\"Ma\u011faza\",\"item\":\"https:\\\/\\\/salincakcim.com\\\/magaza-2\\\/\"},{\"@type\":\"ListItem\",\"position\":3,\"name\":\"Ilgaz Rattan Armut Sal\u0131ncak Kapu\u00e7ino\"}]},{\"@type\":\"WebSite\",\"@id\":\"https:\\\/\\\/salincakcim.com\\\/#website\",\"url\":\"https:\\\/\\\/salincakcim.com\\\/\",\"name\":\"Bah\u00e7e Mobilyalar\u0131 - Bah\u00e7e Sal\u0131ncaklar\u0131 - Toptan ve Perakende Sat\u0131\u015f Platformu\",\"description\":\"T\u00fcrkiye&#039;nin En B\u00fcy\u00fck Bah\u00e7e Mobilyalar\u0131 \u00dcreticisi\",\"publisher\":{\"@id\":\"https:\\\/\\\/salincakcim.com\\\/#organization\"},\"potentialAction\":[{\"@type\":\"SearchAction\",\"target\":{\"@type\":\"EntryPoint\",\"urlTemplate\":\"https:\\\/\\\/salincakcim.com\\\/?s={search_term_string}\"},\"query-input\":{\"@type\":\"PropertyValueSpecification\",\"valueRequired\":true,\"valueName\":\"search_term_string\"}}],\"inLanguage\":\"en-US\"},{\"@type\":\"Organization\",\"@id\":\"https:\\\/\\\/salincakcim.com\\\/#organization\",\"name\":\"Sal\u0131ncakc\u0131m - Bah\u00e7e Mobilyalar\u0131 - Sal\u0131ncaklar - Rattan Masa Sandalye\",\"alternateName\":\"Sal\u0131ncakc\u0131m Rattan Sal\u0131ncak Modelleri\",\"url\":\"https:\\\/\\\/salincakcim.com\\\/\",\"logo\":{\"@type\":\"ImageObject\",\"inLanguage\":\"en-US\",\"@id\":\"https:\\\/\\\/salincakcim.com\\\/#\\\/schema\\\/logo\\\/image\\\/\",\"url\":\"https:\\\/\\\/salincakcim.com\\\/wp-content\\\/uploads\\\/2023\\\/01\\\/logov2.jpg\",\"contentUrl\":\"https:\\\/\\\/salincakcim.com\\\/wp-content\\\/uploads\\\/2023\\\/01\\\/logov2.jpg\",\"width\":300,\"height\":50,\"caption\":\"Sal\u0131ncakc\u0131m - Bah\u00e7e Mobilyalar\u0131 - Sal\u0131ncaklar - Rattan Masa Sandalye\"},\"image\":{\"@id\":\"https:\\\/\\\/salincakcim.com\\\/#\\\/schema\\\/logo\\\/image\\\/\"},\"sameAs\":[\"https:\\\/\\\/www.facebook.com\\\/zebgarden\",\"https:\\\/\\\/www.instagram.com\\\/zebgarden\"]}]}<\/script>\n<!-- \/ Yoast SEO plugin. -->","yoast_head_json":{"title":"Ilgaz Rattan Armut Sal\u0131ncak Kapu\u00e7ino | Sal\u0131ncakc\u0131m - Bah\u00e7e Mobilyalar\u0131 - Sal\u0131ncak","robots":{"index":"index","follow":"follow","max-snippet":"max-snippet:-1","max-image-preview":"max-image-preview:large","max-video-preview":"max-video-preview:-1"},"canonical":"https:\/\/salincakcim.com\/en\/product\/ilgaz-rattan-armut-salincak-kapucino\/","og_locale":"en_US","og_type":"article","og_title":"Ilgaz Rattan Armut Sal\u0131ncak Kapu\u00e7ino | Sal\u0131ncakc\u0131m - Bah\u00e7e Mobilyalar\u0131 - Sal\u0131ncak","og_description":"Ya\u015f\u0131m\u0131z ka\u00e7 olursa olsun, sal\u0131ncak deyince ilk akla gelen mutluluk ve rahatlama hissini hepimiz biliyoruz. Ilgaz rattan armut sal\u0131ncak i\u015fte tam da o arad\u0131\u011f\u0131n\u0131z mutluluk ve rahatl\u0131\u011f\u0131 evlerinize getiriyor. Muadillerine g\u00f6re daha geni\u015f ve daha y\u00fcksek \u00fcretilen rattan sepet, g\u00fcn\u00fcn yorgunlu\u011funu atmak veya bir kitap okumak i\u00e7in harika bir konforlu kullan\u0131m alan\u0131 sa\u011flar. \u0130ster evinizde, ister bah\u00e7enizde, isterseniz de balkon veya teras\u0131n\u0131zda rahat\u00e7a kullanabilece\u011finiz Ilgaz rattan armut sal\u0131ncak ile hem keyfinize e\u015flik edecek, hem de \u015f\u0131k g\u00f6r\u00fcn\u00fcm\u00fcyle evlerinize farkl\u0131 bir hava katacak. D\u0131\u015fmekan kullan\u0131m\u0131na uygun elektrostatik toz boya kapl\u0131 metal g\u00f6vde, su ge\u00e7irmez kuma\u015f \u00f6zelli\u011fi ve 4 farkl\u0131 renk se\u00e7ene\u011fiyle zevkinize uygun rattan armut sal\u0131nca\u011f\u0131 se\u00e7ebilirsiniz.","og_url":"https:\/\/salincakcim.com\/en\/product\/ilgaz-rattan-armut-salincak-kapucino\/","og_site_name":"Sal\u0131ncakc\u0131m - Bah\u00e7e Mobilyalar\u0131 - Sal\u0131ncak","article_publisher":"https:\/\/www.facebook.com\/zebgarden","article_modified_time":"2025-01-03T18:51:04+00:00","og_image":[{"width":700,"height":394,"url":"https:\/\/salincakcim.com\/wp-content\/uploads\/2022\/12\/Basliksiz-1-9.jpg","type":"image\/jpeg"}],"twitter_card":"summary_large_image","schema":{"@context":"https:\/\/schema.org","@graph":[{"@type":"WebPage","@id":"https:\/\/salincakcim.com\/urun\/ilgaz-rattan-armut-salincak-kapucino\/","url":"https:\/\/salincakcim.com\/urun\/ilgaz-rattan-armut-salincak-kapucino\/","name":"Ilgaz Rattan Armut Sal\u0131ncak Kapu\u00e7ino | Sal\u0131ncakc\u0131m - Bah\u00e7e Mobilyalar\u0131 - Sal\u0131ncak","isPartOf":{"@id":"https:\/\/salincakcim.com\/#website"},"primaryImageOfPage":{"@id":"https:\/\/salincakcim.com\/urun\/ilgaz-rattan-armut-salincak-kapucino\/#primaryimage"},"image":{"@id":"https:\/\/salincakcim.com\/urun\/ilgaz-rattan-armut-salincak-kapucino\/#primaryimage"},"thumbnailUrl":"https:\/\/salincakcim.com\/wp-content\/uploads\/2022\/12\/Basliksiz-1-9.jpg","datePublished":"2022-12-25T20:08:09+00:00","dateModified":"2025-01-03T18:51:04+00:00","breadcrumb":{"@id":"https:\/\/salincakcim.com\/urun\/ilgaz-rattan-armut-salincak-kapucino\/#breadcrumb"},"inLanguage":"en-US","potentialAction":[{"@type":"ReadAction","target":["https:\/\/salincakcim.com\/urun\/ilgaz-rattan-armut-salincak-kapucino\/"]}]},{"@type":"ImageObject","inLanguage":"en-US","@id":"https:\/\/salincakcim.com\/urun\/ilgaz-rattan-armut-salincak-kapucino\/#primaryimage","url":"https:\/\/salincakcim.com\/wp-content\/uploads\/2022\/12\/Basliksiz-1-9.jpg","contentUrl":"https:\/\/salincakcim.com\/wp-content\/uploads\/2022\/12\/Basliksiz-1-9.jpg","width":700,"height":394},{"@type":"BreadcrumbList","@id":"https:\/\/salincakcim.com\/urun\/ilgaz-rattan-armut-salincak-kapucino\/#breadcrumb","itemListElement":[{"@type":"ListItem","position":1,"name":"Anasayfa","item":"https:\/\/salincakcim.com\/"},{"@type":"ListItem","position":2,"name":"Ma\u011faza","item":"https:\/\/salincakcim.com\/magaza-2\/"},{"@type":"ListItem","position":3,"name":"Ilgaz Rattan Armut Sal\u0131ncak Kapu\u00e7ino"}]},{"@type":"WebSite","@id":"https:\/\/salincakcim.com\/#website","url":"https:\/\/salincakcim.com\/","name":"Bah\u00e7e Mobilyalar\u0131 - Bah\u00e7e Sal\u0131ncaklar\u0131 - Toptan ve Perakende Sat\u0131\u015f Platformu","description":"T\u00fcrkiye&#039;nin En B\u00fcy\u00fck Bah\u00e7e Mobilyalar\u0131 \u00dcreticisi","publisher":{"@id":"https:\/\/salincakcim.com\/#organization"},"potentialAction":[{"@type":"SearchAction","target":{"@type":"EntryPoint","urlTemplate":"https:\/\/salincakcim.com\/?s={search_term_string}"},"query-input":{"@type":"PropertyValueSpecification","valueRequired":true,"valueName":"search_term_string"}}],"inLanguage":"en-US"},{"@type":"Organization","@id":"https:\/\/salincakcim.com\/#organization","name":"Sal\u0131ncakc\u0131m - Bah\u00e7e Mobilyalar\u0131 - Sal\u0131ncaklar - Rattan Masa Sandalye","alternateName":"Sal\u0131ncakc\u0131m Rattan Sal\u0131ncak Modelleri","url":"https:\/\/salincakcim.com\/","logo":{"@type":"ImageObject","inLanguage":"en-US","@id":"https:\/\/salincakcim.com\/#\/schema\/logo\/image\/","url":"https:\/\/salincakcim.com\/wp-content\/uploads\/2023\/01\/logov2.jpg","contentUrl":"https:\/\/salincakcim.com\/wp-content\/uploads\/2023\/01\/logov2.jpg","width":300,"height":50,"caption":"Sal\u0131ncakc\u0131m - Bah\u00e7e Mobilyalar\u0131 - Sal\u0131ncaklar - Rattan Masa Sandalye"},"image":{"@id":"https:\/\/salincakcim.com\/#\/schema\/logo\/image\/"},"sameAs":["https:\/\/www.facebook.com\/zebgarden","https:\/\/www.instagram.com\/zebgarden"]}]}},"_links":{"self":[{"href":"https:\/\/salincakcim.com\/en\/wp-json\/wp\/v2\/product\/448","targetHints":{"allow":["GET"]}}],"collection":[{"href":"https:\/\/salincakcim.com\/en\/wp-json\/wp\/v2\/product"}],"about":[{"href":"https:\/\/salincakcim.com\/en\/wp-json\/wp\/v2\/types\/product"}],"replies":[{"embeddable":true,"href":"https:\/\/salincakcim.com\/en\/wp-json\/wp\/v2\/comments?post=448"}],"wp:featuredmedia":[{"embeddable":true,"href":"https:\/\/salincakcim.com\/en\/wp-json\/wp\/v2\/media\/5439"}],"wp:attachment":[{"href":"https:\/\/salincakcim.com\/en\/wp-json\/wp\/v2\/media?parent=448"}],"wp:term":[{"taxonomy":"product_brand","embeddable":true,"href":"https:\/\/salincakcim.com\/en\/wp-json\/wp\/v2\/product_brand?post=448"},{"taxonomy":"product_cat","embeddable":true,"href":"https:\/\/salincakcim.com\/en\/wp-json\/wp\/v2\/product_cat?post=448"},{"taxonomy":"product_tag","embeddable":true,"href":"https:\/\/salincakcim.com\/en\/wp-json\/wp\/v2\/product_tag?post=448"}],"curies":[{"name":"wp","href":"https:\/\/api.w.org\/{rel}","templated":true}]}}