{"id":367,"date":"2022-12-25T22:37:54","date_gmt":"2022-12-25T19:37:54","guid":{"rendered":"https:\/\/salincakcim.comincakcim\/?post_type=product&#038;p=367"},"modified":"2024-02-11T02:24:54","modified_gmt":"2024-02-10T23:24:54","slug":"defne-cift-kisilik-rattan-armut-salincak","status":"publish","type":"product","link":"https:\/\/salincakcim.com\/en\/product\/defne-cift-kisilik-rattan-armut-salincak\/","title":{"rendered":"Rattan Sal\u0131ncak Defne \u00c7ift Ki\u015filik Sal\u0131ncak"},"content":{"rendered":"<h1>Rattan Sal\u0131ncak<\/h1>\n<h2><strong>Defne Rattan Sal\u0131ncak \u00c7ift Ki\u015filik<\/strong><\/h2>\n<p>Dimensions:<\/p>\n<p>BASKET: 161x75x129<br \/>\nFEET: 130\u00d7150<br \/>\nPOLE: 190<br \/>\nCUSHION: 161x130x198<\/p>\n<p><a href=\"https:\/\/salincakcim.com\/en\/teknik-ozellikler\/\" target=\"_blank\" rel=\"noopener\"><strong>Click for Technical Specifications<\/strong><\/a><\/p>\n<h3>Defne Rattan Sal\u0131ncak<\/h3>\n<p>Rattan malzemesiyle \u00fcretilen \u00e7ift ki\u015filik armut sal\u0131ncak, hem zarif ve \u015f\u0131k bir tasar\u0131ma sahip olmalar\u0131yla hem de rahat ve keyifli bir oturma deneyimi sunmalar\u0131yla son d\u00f6nemlerde olduk\u00e7a pop\u00fcler hale gelmi\u015ftir. Bu sal\u0131ncak, bah\u00e7elerde, teraslarda ya da verandalarda kullan\u0131larak a\u00e7\u0131k havada keyifli zaman ge\u00e7irmek isteyenler i\u00e7in ideal bir se\u00e7enek olarak \u00f6ne \u00e7\u0131kmaktad\u0131r.<\/p>\n<p>Rattan malzemesi, do\u011fal bir lif olan palmiye t\u00fcrlerinin saplar\u0131ndan elde edilen ve son derece dayan\u0131kl\u0131 olan bir malzemedir. Bu \u00f6zelli\u011fi sayesinde rattan \u00e7ift ki\u015filik armut sal\u0131ncaklar, d\u0131\u015f etkilere kar\u015f\u0131 olduk\u00e7a dayan\u0131kl\u0131d\u0131r ve uzun s\u00fcreli kullan\u0131m i\u00e7in idealdir. Ayr\u0131ca rattan malzemesinin esnek yap\u0131s\u0131, v\u00fccut \u015fekline uyum sa\u011flayarak kullan\u0131c\u0131lara ekstra konfor sunmaktad\u0131r. \u00c7ift ki\u015filik olmas\u0131, bu sal\u0131ncaklar\u0131n iki ki\u015fi taraf\u0131ndan kullan\u0131labilece\u011fi anlam\u0131na gelir. Bu sayede sevdikleriyle veya arkada\u015flar\u0131yla birlikte sal\u0131nca\u011f\u0131n keyfini \u00e7\u0131karabilir, a\u00e7\u0131k havada daha fazla vakit ge\u00e7irebilirsiniz.<\/p>\n<p>\u0130ki ki\u015filik tasar\u0131m\u0131yla ergonomik bir oturma pozisyonu sa\u011flayan rattan \u00e7ift ki\u015filik armut sal\u0131ncaklar, kullan\u0131c\u0131lara sa\u011fl\u0131kl\u0131 bir v\u00fccut duru\u015fu imkan\u0131 sunmaktad\u0131r.<\/p>\n<p>Rattan \u00e7ift ki\u015filik armut sal\u0131ncaklar\u0131n zarif ve \u015f\u0131k tasar\u0131mlar\u0131, her t\u00fcrl\u00fc dekorasyon tarz\u0131na uyum sa\u011flamaktad\u0131r. Klasik, modern veya rustik tarzda dekore edilmi\u015f mek\u00e2nlarla rahatl\u0131kla kombinlenebilir ve mek\u00e2na estetik bir hava katabilir. Ayr\u0131ca rattan malzemesinin do\u011fal ve s\u0131cak bir g\u00f6r\u00fcn\u00fcme sahip olmas\u0131, herhangi bir mek\u00e2nda samimi ve davetk\u00e2r bir atmosfer yaratmaktad\u0131r. Rattan \u00e7ift ki\u015filik armut sal\u0131ncaklar\u0131 tasarlarken, genellikle dikkat \u00e7ekici renkler kullan\u0131lmaktad\u0131r. Bu da sal\u0131ncaklar\u0131n dikkatleri \u00fczerine \u00e7ekmesini ve mek\u00e2n\u0131n odak noktas\u0131 olmas\u0131n\u0131 sa\u011flamaktad\u0131r.<\/p>\n<p>Rattan malzeme sayesinde \u00fcretilen bu sal\u0131ncaklar, ayn\u0131 zamanda suya, g\u00fcne\u015fe ve di\u011fer d\u0131\u015f etkenlere kar\u015f\u0131 dayan\u0131kl\u0131d\u0131r. Bu nedenle, a\u00e7\u0131k hava ko\u015fullar\u0131na maruz kalsa bile uzun s\u00fcreli bir kullan\u0131m sa\u011flamaktad\u0131r. Rattan \u00e7ift ki\u015filik armut sal\u0131ncak, zarif, rahat ve kullan\u0131\u015fl\u0131 tasar\u0131mlar\u0131yla a\u00e7\u0131k havada keyifli zaman ge\u00e7irmek isteyenler i\u00e7in ideal bir se\u00e7enektir. Hem estetik bir g\u00f6r\u00fcn\u00fcm sunan hem de v\u00fccut i\u00e7in rahat bir oturma deneyimi sa\u011flayan bu sal\u0131ncaklar, \u00e7e\u015fitli dekorasyon tarzlar\u0131na uyum sa\u011flayabilir ve mek\u00e2na s\u0131cak bir atmosfer katabilir. Dayan\u0131kl\u0131 ve uzun \u00f6m\u00fcrl\u00fc yap\u0131s\u0131yla da uzun s\u00fcreli bir kullan\u0131m imkan\u0131 sunmaktad\u0131r.<\/p>\n<p>&nbsp;<\/p>","protected":false},"excerpt":{"rendered":"<p><strong>It must be sharing happiness.<\/strong><\/p>\n<p>Defne double rattan pear swing is specially designed to spend quality time with your loved ones. Thanks to the rattan basket, which is produced wider and higher than its counterparts, both you and your loved ones will experience the comfort of the swing in the best way. You can choose the rattan pear swing that suits your taste with its electrostatic powder coated metal body suitable for outdoor use, waterproof fabric and 4 different color options.<\/p>","protected":false},"featured_media":5406,"comment_status":"open","ping_status":"closed","template":"","meta":{"_acf_changed":false},"product_brand":[],"product_cat":[234],"product_tag":[],"class_list":{"0":"post-367","1":"product","2":"type-product","3":"status-publish","4":"has-post-thumbnail","6":"product_cat-salincaklar","7":"tm-no-options","9":"first","10":"instock","11":"shipping-taxable","12":"purchasable","13":"product-type-simple"},"acf":[],"yoast_head":"<!-- This site is optimized with the Yoast SEO plugin v27.6 - https:\/\/yoast.com\/product\/yoast-seo-wordpress\/ -->\n<title>Rattan Sal\u0131ncak Defne \u00c7ift Ki\u015filik Sal\u0131ncak | Sal\u0131ncakc\u0131m - Bah\u00e7e Mobilyalar\u0131 - Sal\u0131ncak<\/title>\n<meta name=\"robots\" content=\"index, follow, max-snippet:-1, max-image-preview:large, max-video-preview:-1\" \/>\n<link rel=\"canonical\" href=\"https:\/\/salincakcim.com\/en\/product\/defne-cift-kisilik-rattan-armut-salincak\/\" \/>\n<meta property=\"og:locale\" content=\"en_US\" \/>\n<meta property=\"og:type\" content=\"article\" \/>\n<meta property=\"og:title\" content=\"Rattan Sal\u0131ncak Defne \u00c7ift Ki\u015filik Sal\u0131ncak | Sal\u0131ncakc\u0131m - Bah\u00e7e Mobilyalar\u0131 - Sal\u0131ncak\" \/>\n<meta property=\"og:description\" content=\"Mutlulu\u011fu payla\u015fmak bu olsa gerek.  Defne \u00e7ift ki\u015filik rattan armut sal\u0131ncak, sevdiklerinizle kaliteli vakit ge\u00e7irmek i\u00e7in \u00f6zel olarak tasarland\u0131. Muadillerine g\u00f6re daha geni\u015f ve daha y\u00fcksek \u00fcretilen rattan sepeti sayesinde, hem siz, hem de sevdikleriniz sal\u0131ncak konforunu en iyi \u015fekilde tecr\u00fcbe edebilecek. D\u0131\u015fmekan kullan\u0131m\u0131na uygun elektrostatik toz boya kapl\u0131 metal g\u00f6vde, su ge\u00e7irmez kuma\u015f \u00f6zelli\u011fi ve 4 farkl\u0131 renk se\u00e7ene\u011fiyle zevkinize uygun rattan armut sal\u0131nca\u011f\u0131 se\u00e7ebilirsiniz.\" \/>\n<meta property=\"og:url\" content=\"https:\/\/salincakcim.com\/en\/product\/defne-cift-kisilik-rattan-armut-salincak\/\" \/>\n<meta property=\"og:site_name\" content=\"Sal\u0131ncakc\u0131m - Bah\u00e7e Mobilyalar\u0131 - Sal\u0131ncak\" \/>\n<meta property=\"article:publisher\" content=\"https:\/\/www.facebook.com\/zebgarden\" \/>\n<meta property=\"article:modified_time\" content=\"2024-02-10T23:24:54+00:00\" \/>\n<meta property=\"og:image\" content=\"https:\/\/salincakcim.com\/wp-content\/uploads\/2022\/12\/Basliksiz-1-8.jpg\" \/>\n\t<meta property=\"og:image:width\" content=\"700\" \/>\n\t<meta property=\"og:image:height\" content=\"394\" \/>\n\t<meta property=\"og:image:type\" content=\"image\/jpeg\" \/>\n<meta name=\"twitter:card\" content=\"summary_large_image\" \/>\n<meta name=\"twitter:label1\" content=\"Est. reading time\" \/>\n\t<meta name=\"twitter:data1\" content=\"3 minutes\" \/>\n<script type=\"application\/ld+json\" class=\"yoast-schema-graph\">{\"@context\":\"https:\\\/\\\/schema.org\",\"@graph\":[{\"@type\":\"WebPage\",\"@id\":\"https:\\\/\\\/salincakcim.com\\\/urun\\\/defne-cift-kisilik-rattan-armut-salincak\\\/\",\"url\":\"https:\\\/\\\/salincakcim.com\\\/urun\\\/defne-cift-kisilik-rattan-armut-salincak\\\/\",\"name\":\"Rattan Sal\u0131ncak Defne \u00c7ift Ki\u015filik Sal\u0131ncak | Sal\u0131ncakc\u0131m - Bah\u00e7e Mobilyalar\u0131 - Sal\u0131ncak\",\"isPartOf\":{\"@id\":\"https:\\\/\\\/salincakcim.com\\\/#website\"},\"primaryImageOfPage\":{\"@id\":\"https:\\\/\\\/salincakcim.com\\\/urun\\\/defne-cift-kisilik-rattan-armut-salincak\\\/#primaryimage\"},\"image\":{\"@id\":\"https:\\\/\\\/salincakcim.com\\\/urun\\\/defne-cift-kisilik-rattan-armut-salincak\\\/#primaryimage\"},\"thumbnailUrl\":\"https:\\\/\\\/salincakcim.com\\\/wp-content\\\/uploads\\\/2022\\\/12\\\/Basliksiz-1-8.jpg\",\"datePublished\":\"2022-12-25T19:37:54+00:00\",\"dateModified\":\"2024-02-10T23:24:54+00:00\",\"breadcrumb\":{\"@id\":\"https:\\\/\\\/salincakcim.com\\\/urun\\\/defne-cift-kisilik-rattan-armut-salincak\\\/#breadcrumb\"},\"inLanguage\":\"en-US\",\"potentialAction\":[{\"@type\":\"ReadAction\",\"target\":[\"https:\\\/\\\/salincakcim.com\\\/urun\\\/defne-cift-kisilik-rattan-armut-salincak\\\/\"]}]},{\"@type\":\"ImageObject\",\"inLanguage\":\"en-US\",\"@id\":\"https:\\\/\\\/salincakcim.com\\\/urun\\\/defne-cift-kisilik-rattan-armut-salincak\\\/#primaryimage\",\"url\":\"https:\\\/\\\/salincakcim.com\\\/wp-content\\\/uploads\\\/2022\\\/12\\\/Basliksiz-1-8.jpg\",\"contentUrl\":\"https:\\\/\\\/salincakcim.com\\\/wp-content\\\/uploads\\\/2022\\\/12\\\/Basliksiz-1-8.jpg\",\"width\":700,\"height\":394},{\"@type\":\"BreadcrumbList\",\"@id\":\"https:\\\/\\\/salincakcim.com\\\/urun\\\/defne-cift-kisilik-rattan-armut-salincak\\\/#breadcrumb\",\"itemListElement\":[{\"@type\":\"ListItem\",\"position\":1,\"name\":\"Anasayfa\",\"item\":\"https:\\\/\\\/salincakcim.com\\\/\"},{\"@type\":\"ListItem\",\"position\":2,\"name\":\"Ma\u011faza\",\"item\":\"https:\\\/\\\/salincakcim.com\\\/magaza-2\\\/\"},{\"@type\":\"ListItem\",\"position\":3,\"name\":\"Rattan Sal\u0131ncak Defne \u00c7ift Ki\u015filik Sal\u0131ncak\"}]},{\"@type\":\"WebSite\",\"@id\":\"https:\\\/\\\/salincakcim.com\\\/#website\",\"url\":\"https:\\\/\\\/salincakcim.com\\\/\",\"name\":\"Bah\u00e7e Mobilyalar\u0131 - Bah\u00e7e Sal\u0131ncaklar\u0131 - Toptan ve Perakende Sat\u0131\u015f Platformu\",\"description\":\"T\u00fcrkiye&#039;nin En B\u00fcy\u00fck Bah\u00e7e Mobilyalar\u0131 \u00dcreticisi\",\"publisher\":{\"@id\":\"https:\\\/\\\/salincakcim.com\\\/#organization\"},\"potentialAction\":[{\"@type\":\"SearchAction\",\"target\":{\"@type\":\"EntryPoint\",\"urlTemplate\":\"https:\\\/\\\/salincakcim.com\\\/?s={search_term_string}\"},\"query-input\":{\"@type\":\"PropertyValueSpecification\",\"valueRequired\":true,\"valueName\":\"search_term_string\"}}],\"inLanguage\":\"en-US\"},{\"@type\":\"Organization\",\"@id\":\"https:\\\/\\\/salincakcim.com\\\/#organization\",\"name\":\"Sal\u0131ncakc\u0131m - Bah\u00e7e Mobilyalar\u0131 - Sal\u0131ncaklar - Rattan Masa Sandalye\",\"alternateName\":\"Sal\u0131ncakc\u0131m Rattan Sal\u0131ncak Modelleri\",\"url\":\"https:\\\/\\\/salincakcim.com\\\/\",\"logo\":{\"@type\":\"ImageObject\",\"inLanguage\":\"en-US\",\"@id\":\"https:\\\/\\\/salincakcim.com\\\/#\\\/schema\\\/logo\\\/image\\\/\",\"url\":\"https:\\\/\\\/salincakcim.com\\\/wp-content\\\/uploads\\\/2023\\\/01\\\/logov2.jpg\",\"contentUrl\":\"https:\\\/\\\/salincakcim.com\\\/wp-content\\\/uploads\\\/2023\\\/01\\\/logov2.jpg\",\"width\":300,\"height\":50,\"caption\":\"Sal\u0131ncakc\u0131m - Bah\u00e7e Mobilyalar\u0131 - Sal\u0131ncaklar - Rattan Masa Sandalye\"},\"image\":{\"@id\":\"https:\\\/\\\/salincakcim.com\\\/#\\\/schema\\\/logo\\\/image\\\/\"},\"sameAs\":[\"https:\\\/\\\/www.facebook.com\\\/zebgarden\",\"https:\\\/\\\/www.instagram.com\\\/zebgarden\"]}]}<\/script>\n<!-- \/ Yoast SEO plugin. -->","yoast_head_json":{"title":"Rattan Sal\u0131ncak Defne \u00c7ift Ki\u015filik Sal\u0131ncak | Sal\u0131ncakc\u0131m - Bah\u00e7e Mobilyalar\u0131 - Sal\u0131ncak","robots":{"index":"index","follow":"follow","max-snippet":"max-snippet:-1","max-image-preview":"max-image-preview:large","max-video-preview":"max-video-preview:-1"},"canonical":"https:\/\/salincakcim.com\/en\/product\/defne-cift-kisilik-rattan-armut-salincak\/","og_locale":"en_US","og_type":"article","og_title":"Rattan Sal\u0131ncak Defne \u00c7ift Ki\u015filik Sal\u0131ncak | Sal\u0131ncakc\u0131m - Bah\u00e7e Mobilyalar\u0131 - Sal\u0131ncak","og_description":"Mutlulu\u011fu payla\u015fmak bu olsa gerek.  Defne \u00e7ift ki\u015filik rattan armut sal\u0131ncak, sevdiklerinizle kaliteli vakit ge\u00e7irmek i\u00e7in \u00f6zel olarak tasarland\u0131. Muadillerine g\u00f6re daha geni\u015f ve daha y\u00fcksek \u00fcretilen rattan sepeti sayesinde, hem siz, hem de sevdikleriniz sal\u0131ncak konforunu en iyi \u015fekilde tecr\u00fcbe edebilecek. D\u0131\u015fmekan kullan\u0131m\u0131na uygun elektrostatik toz boya kapl\u0131 metal g\u00f6vde, su ge\u00e7irmez kuma\u015f \u00f6zelli\u011fi ve 4 farkl\u0131 renk se\u00e7ene\u011fiyle zevkinize uygun rattan armut sal\u0131nca\u011f\u0131 se\u00e7ebilirsiniz.","og_url":"https:\/\/salincakcim.com\/en\/product\/defne-cift-kisilik-rattan-armut-salincak\/","og_site_name":"Sal\u0131ncakc\u0131m - Bah\u00e7e Mobilyalar\u0131 - Sal\u0131ncak","article_publisher":"https:\/\/www.facebook.com\/zebgarden","article_modified_time":"2024-02-10T23:24:54+00:00","og_image":[{"width":700,"height":394,"url":"https:\/\/salincakcim.com\/wp-content\/uploads\/2022\/12\/Basliksiz-1-8.jpg","type":"image\/jpeg"}],"twitter_card":"summary_large_image","twitter_misc":{"Est. reading time":"3 minutes"},"schema":{"@context":"https:\/\/schema.org","@graph":[{"@type":"WebPage","@id":"https:\/\/salincakcim.com\/urun\/defne-cift-kisilik-rattan-armut-salincak\/","url":"https:\/\/salincakcim.com\/urun\/defne-cift-kisilik-rattan-armut-salincak\/","name":"Rattan Sal\u0131ncak Defne \u00c7ift Ki\u015filik Sal\u0131ncak | Sal\u0131ncakc\u0131m - Bah\u00e7e Mobilyalar\u0131 - Sal\u0131ncak","isPartOf":{"@id":"https:\/\/salincakcim.com\/#website"},"primaryImageOfPage":{"@id":"https:\/\/salincakcim.com\/urun\/defne-cift-kisilik-rattan-armut-salincak\/#primaryimage"},"image":{"@id":"https:\/\/salincakcim.com\/urun\/defne-cift-kisilik-rattan-armut-salincak\/#primaryimage"},"thumbnailUrl":"https:\/\/salincakcim.com\/wp-content\/uploads\/2022\/12\/Basliksiz-1-8.jpg","datePublished":"2022-12-25T19:37:54+00:00","dateModified":"2024-02-10T23:24:54+00:00","breadcrumb":{"@id":"https:\/\/salincakcim.com\/urun\/defne-cift-kisilik-rattan-armut-salincak\/#breadcrumb"},"inLanguage":"en-US","potentialAction":[{"@type":"ReadAction","target":["https:\/\/salincakcim.com\/urun\/defne-cift-kisilik-rattan-armut-salincak\/"]}]},{"@type":"ImageObject","inLanguage":"en-US","@id":"https:\/\/salincakcim.com\/urun\/defne-cift-kisilik-rattan-armut-salincak\/#primaryimage","url":"https:\/\/salincakcim.com\/wp-content\/uploads\/2022\/12\/Basliksiz-1-8.jpg","contentUrl":"https:\/\/salincakcim.com\/wp-content\/uploads\/2022\/12\/Basliksiz-1-8.jpg","width":700,"height":394},{"@type":"BreadcrumbList","@id":"https:\/\/salincakcim.com\/urun\/defne-cift-kisilik-rattan-armut-salincak\/#breadcrumb","itemListElement":[{"@type":"ListItem","position":1,"name":"Anasayfa","item":"https:\/\/salincakcim.com\/"},{"@type":"ListItem","position":2,"name":"Ma\u011faza","item":"https:\/\/salincakcim.com\/magaza-2\/"},{"@type":"ListItem","position":3,"name":"Rattan Sal\u0131ncak Defne \u00c7ift Ki\u015filik Sal\u0131ncak"}]},{"@type":"WebSite","@id":"https:\/\/salincakcim.com\/#website","url":"https:\/\/salincakcim.com\/","name":"Bah\u00e7e Mobilyalar\u0131 - Bah\u00e7e Sal\u0131ncaklar\u0131 - Toptan ve Perakende Sat\u0131\u015f Platformu","description":"T\u00fcrkiye&#039;nin En B\u00fcy\u00fck Bah\u00e7e Mobilyalar\u0131 \u00dcreticisi","publisher":{"@id":"https:\/\/salincakcim.com\/#organization"},"potentialAction":[{"@type":"SearchAction","target":{"@type":"EntryPoint","urlTemplate":"https:\/\/salincakcim.com\/?s={search_term_string}"},"query-input":{"@type":"PropertyValueSpecification","valueRequired":true,"valueName":"search_term_string"}}],"inLanguage":"en-US"},{"@type":"Organization","@id":"https:\/\/salincakcim.com\/#organization","name":"Sal\u0131ncakc\u0131m - Bah\u00e7e Mobilyalar\u0131 - Sal\u0131ncaklar - Rattan Masa Sandalye","alternateName":"Sal\u0131ncakc\u0131m Rattan Sal\u0131ncak Modelleri","url":"https:\/\/salincakcim.com\/","logo":{"@type":"ImageObject","inLanguage":"en-US","@id":"https:\/\/salincakcim.com\/#\/schema\/logo\/image\/","url":"https:\/\/salincakcim.com\/wp-content\/uploads\/2023\/01\/logov2.jpg","contentUrl":"https:\/\/salincakcim.com\/wp-content\/uploads\/2023\/01\/logov2.jpg","width":300,"height":50,"caption":"Sal\u0131ncakc\u0131m - Bah\u00e7e Mobilyalar\u0131 - Sal\u0131ncaklar - Rattan Masa Sandalye"},"image":{"@id":"https:\/\/salincakcim.com\/#\/schema\/logo\/image\/"},"sameAs":["https:\/\/www.facebook.com\/zebgarden","https:\/\/www.instagram.com\/zebgarden"]}]}},"_links":{"self":[{"href":"https:\/\/salincakcim.com\/en\/wp-json\/wp\/v2\/product\/367","targetHints":{"allow":["GET"]}}],"collection":[{"href":"https:\/\/salincakcim.com\/en\/wp-json\/wp\/v2\/product"}],"about":[{"href":"https:\/\/salincakcim.com\/en\/wp-json\/wp\/v2\/types\/product"}],"replies":[{"embeddable":true,"href":"https:\/\/salincakcim.com\/en\/wp-json\/wp\/v2\/comments?post=367"}],"wp:featuredmedia":[{"embeddable":true,"href":"https:\/\/salincakcim.com\/en\/wp-json\/wp\/v2\/media\/5406"}],"wp:attachment":[{"href":"https:\/\/salincakcim.com\/en\/wp-json\/wp\/v2\/media?parent=367"}],"wp:term":[{"taxonomy":"product_brand","embeddable":true,"href":"https:\/\/salincakcim.com\/en\/wp-json\/wp\/v2\/product_brand?post=367"},{"taxonomy":"product_cat","embeddable":true,"href":"https:\/\/salincakcim.com\/en\/wp-json\/wp\/v2\/product_cat?post=367"},{"taxonomy":"product_tag","embeddable":true,"href":"https:\/\/salincakcim.com\/en\/wp-json\/wp\/v2\/product_tag?post=367"}],"curies":[{"name":"wp","href":"https:\/\/api.w.org\/{rel}","templated":true}]}}