{"id":355,"date":"2022-12-25T22:35:04","date_gmt":"2022-12-25T19:35:04","guid":{"rendered":"https:\/\/salincakcim.comincakcim\/?post_type=product&#038;p=355"},"modified":"2024-11-25T13:34:23","modified_gmt":"2024-11-25T10:34:23","slug":"comfort-koltuk-kirmizi","status":"publish","type":"product","link":"https:\/\/salincakcim.com\/en\/product\/comfort-koltuk-kirmizi\/","title":{"rendered":"Comfort Seat Red"},"content":{"rendered":"<p><strong>Contents:<\/strong><br \/>\nARM: 68x78x84<br \/>\nCUSHION: 84X46.5X12<\/p>\n<p><a href=\"https:\/\/salincakcim.com\/en\/teknik-ozellikler\/\" target=\"_blank\" rel=\"noopener\"><strong>Click for Technical Specifications<\/strong><\/a><\/p>","protected":false},"excerpt":{"rendered":"<p><strong>The new fashion in the comfortable seat: the comfort seat.<\/strong><\/p>\n<p>Cushion unlimited color options<\/p>\n<p>We are sure that you will not want to sit in the chair after trying this comfort. It is small, very comfortable, stylish, and ergonomic. Here is a great sofa experience for you to relax in your room, on your balcony or in your garden.<\/p>\n<p>Thanks to the fiber-filled hanging cushion, you will feel comfortable as if you are on the clouds. You can choose the comfort seat that suits your taste with its electrostatic powder-painted metal body suitable for outdoor use, waterproof fabric and unlimited color options.<\/p>","protected":false},"featured_media":6161,"comment_status":"open","ping_status":"closed","template":"","meta":{"_acf_changed":false},"product_brand":[],"product_cat":[301],"product_tag":[],"class_list":{"0":"post-355","1":"product","2":"type-product","3":"status-publish","4":"has-post-thumbnail","6":"product_cat-konfor-koltuk","7":"tm-no-options","9":"first","10":"instock","11":"sale","12":"shipping-taxable","13":"purchasable","14":"product-type-simple"},"acf":[],"yoast_head":"<!-- This site is optimized with the Yoast SEO plugin v27.4 - https:\/\/yoast.com\/product\/yoast-seo-wordpress\/ -->\n<title>Comfort Koltuk K\u0131rm\u0131z\u0131 | Sal\u0131ncakc\u0131m - Bah\u00e7e Mobilyalar\u0131 - Sal\u0131ncak<\/title>\n<meta name=\"robots\" content=\"index, follow, max-snippet:-1, max-image-preview:large, max-video-preview:-1\" \/>\n<link rel=\"canonical\" href=\"https:\/\/salincakcim.com\/en\/product\/comfort-koltuk-kirmizi\/\" \/>\n<meta property=\"og:locale\" content=\"en_US\" \/>\n<meta property=\"og:type\" content=\"article\" \/>\n<meta property=\"og:title\" content=\"Comfort Koltuk K\u0131rm\u0131z\u0131 | Sal\u0131ncakc\u0131m - Bah\u00e7e Mobilyalar\u0131 - Sal\u0131ncak\" \/>\n<meta property=\"og:description\" content=\"Rahat koltukta yeni moda: Konfor koltuk.  Minder s\u0131n\u0131rs\u0131z se\u00e7ene\u011fi  Bu rahatl\u0131\u011f\u0131 denedikten sonra sandalyede oturmak istemeyece\u011finize eminiz. Hem k\u00fc\u00e7\u00fck, hem \u00e7ok rahat, hem \u015f\u0131k, hem de ergonomik. \u0130\u015fte size odan\u0131zda, balkonunuzda veya bah\u00e7enizde rahatlamak i\u00e7in harika bir koltuk deneyimi.  Elyaf dolgulu asma minderi sayesinde bulutlar\u0131n \u00fczerindeymi\u015f gibi rahat edeceksiniz. D\u0131\u015fmekan kullan\u0131m\u0131na uygun elektrostatik toz boya kapl\u0131 metal g\u00f6vde, su ge\u00e7irmez kuma\u015f \u00f6zelli\u011fi ve s\u0131n\u0131rs\u0131z renk se\u00e7ene\u011fiyle zevkinize uygun konfor koltu\u011fu se\u00e7ebilirsiniz.\" \/>\n<meta property=\"og:url\" content=\"https:\/\/salincakcim.com\/en\/product\/comfort-koltuk-kirmizi\/\" \/>\n<meta property=\"og:site_name\" content=\"Sal\u0131ncakc\u0131m - Bah\u00e7e Mobilyalar\u0131 - Sal\u0131ncak\" \/>\n<meta property=\"article:publisher\" content=\"https:\/\/www.facebook.com\/zebgarden\" \/>\n<meta property=\"article:modified_time\" content=\"2024-11-25T10:34:23+00:00\" \/>\n<meta property=\"og:image\" content=\"https:\/\/salincakcim.com\/wp-content\/uploads\/2022\/12\/comfort-kirmizi-Photoroom.webp\" \/>\n\t<meta property=\"og:image:width\" content=\"1080\" \/>\n\t<meta property=\"og:image:height\" content=\"1080\" \/>\n\t<meta property=\"og:image:type\" content=\"image\/webp\" \/>\n<meta name=\"twitter:card\" content=\"summary_large_image\" \/>\n<meta name=\"twitter:label1\" content=\"Est. reading time\" \/>\n\t<meta name=\"twitter:data1\" content=\"1 minute\" \/>\n<script type=\"application\/ld+json\" class=\"yoast-schema-graph\">{\"@context\":\"https:\\\/\\\/schema.org\",\"@graph\":[{\"@type\":\"WebPage\",\"@id\":\"https:\\\/\\\/salincakcim.com\\\/urun\\\/comfort-koltuk-kirmizi\\\/\",\"url\":\"https:\\\/\\\/salincakcim.com\\\/urun\\\/comfort-koltuk-kirmizi\\\/\",\"name\":\"Comfort Koltuk K\u0131rm\u0131z\u0131 | Sal\u0131ncakc\u0131m - Bah\u00e7e Mobilyalar\u0131 - Sal\u0131ncak\",\"isPartOf\":{\"@id\":\"https:\\\/\\\/salincakcim.com\\\/#website\"},\"primaryImageOfPage\":{\"@id\":\"https:\\\/\\\/salincakcim.com\\\/urun\\\/comfort-koltuk-kirmizi\\\/#primaryimage\"},\"image\":{\"@id\":\"https:\\\/\\\/salincakcim.com\\\/urun\\\/comfort-koltuk-kirmizi\\\/#primaryimage\"},\"thumbnailUrl\":\"https:\\\/\\\/salincakcim.com\\\/wp-content\\\/uploads\\\/2022\\\/12\\\/comfort-kirmizi-Photoroom.webp\",\"datePublished\":\"2022-12-25T19:35:04+00:00\",\"dateModified\":\"2024-11-25T10:34:23+00:00\",\"breadcrumb\":{\"@id\":\"https:\\\/\\\/salincakcim.com\\\/urun\\\/comfort-koltuk-kirmizi\\\/#breadcrumb\"},\"inLanguage\":\"en-US\",\"potentialAction\":[{\"@type\":\"ReadAction\",\"target\":[\"https:\\\/\\\/salincakcim.com\\\/urun\\\/comfort-koltuk-kirmizi\\\/\"]}]},{\"@type\":\"ImageObject\",\"inLanguage\":\"en-US\",\"@id\":\"https:\\\/\\\/salincakcim.com\\\/urun\\\/comfort-koltuk-kirmizi\\\/#primaryimage\",\"url\":\"https:\\\/\\\/salincakcim.com\\\/wp-content\\\/uploads\\\/2022\\\/12\\\/comfort-kirmizi-Photoroom.webp\",\"contentUrl\":\"https:\\\/\\\/salincakcim.com\\\/wp-content\\\/uploads\\\/2022\\\/12\\\/comfort-kirmizi-Photoroom.webp\",\"width\":1080,\"height\":1080},{\"@type\":\"BreadcrumbList\",\"@id\":\"https:\\\/\\\/salincakcim.com\\\/urun\\\/comfort-koltuk-kirmizi\\\/#breadcrumb\",\"itemListElement\":[{\"@type\":\"ListItem\",\"position\":1,\"name\":\"Anasayfa\",\"item\":\"https:\\\/\\\/salincakcim.com\\\/\"},{\"@type\":\"ListItem\",\"position\":2,\"name\":\"Ma\u011faza\",\"item\":\"https:\\\/\\\/salincakcim.com\\\/magaza-2\\\/\"},{\"@type\":\"ListItem\",\"position\":3,\"name\":\"Comfort Koltuk K\u0131rm\u0131z\u0131\"}]},{\"@type\":\"WebSite\",\"@id\":\"https:\\\/\\\/salincakcim.com\\\/#website\",\"url\":\"https:\\\/\\\/salincakcim.com\\\/\",\"name\":\"Bah\u00e7e Mobilyalar\u0131 - Bah\u00e7e Sal\u0131ncaklar\u0131 - Toptan ve Perakende Sat\u0131\u015f Platformu\",\"description\":\"T\u00fcrkiye&#039;nin En B\u00fcy\u00fck Bah\u00e7e Mobilyalar\u0131 \u00dcreticisi\",\"publisher\":{\"@id\":\"https:\\\/\\\/salincakcim.com\\\/#organization\"},\"potentialAction\":[{\"@type\":\"SearchAction\",\"target\":{\"@type\":\"EntryPoint\",\"urlTemplate\":\"https:\\\/\\\/salincakcim.com\\\/?s={search_term_string}\"},\"query-input\":{\"@type\":\"PropertyValueSpecification\",\"valueRequired\":true,\"valueName\":\"search_term_string\"}}],\"inLanguage\":\"en-US\"},{\"@type\":\"Organization\",\"@id\":\"https:\\\/\\\/salincakcim.com\\\/#organization\",\"name\":\"Sal\u0131ncakc\u0131m - Bah\u00e7e Mobilyalar\u0131 - Sal\u0131ncaklar - Rattan Masa Sandalye\",\"alternateName\":\"Sal\u0131ncakc\u0131m Rattan Sal\u0131ncak Modelleri\",\"url\":\"https:\\\/\\\/salincakcim.com\\\/\",\"logo\":{\"@type\":\"ImageObject\",\"inLanguage\":\"en-US\",\"@id\":\"https:\\\/\\\/salincakcim.com\\\/#\\\/schema\\\/logo\\\/image\\\/\",\"url\":\"https:\\\/\\\/salincakcim.com\\\/wp-content\\\/uploads\\\/2023\\\/01\\\/logov2.jpg\",\"contentUrl\":\"https:\\\/\\\/salincakcim.com\\\/wp-content\\\/uploads\\\/2023\\\/01\\\/logov2.jpg\",\"width\":300,\"height\":50,\"caption\":\"Sal\u0131ncakc\u0131m - Bah\u00e7e Mobilyalar\u0131 - Sal\u0131ncaklar - Rattan Masa Sandalye\"},\"image\":{\"@id\":\"https:\\\/\\\/salincakcim.com\\\/#\\\/schema\\\/logo\\\/image\\\/\"},\"sameAs\":[\"https:\\\/\\\/www.facebook.com\\\/zebgarden\",\"https:\\\/\\\/www.instagram.com\\\/zebgarden\"]}]}<\/script>\n<!-- \/ Yoast SEO plugin. -->","yoast_head_json":{"title":"Comfort Koltuk K\u0131rm\u0131z\u0131 | Sal\u0131ncakc\u0131m - Bah\u00e7e Mobilyalar\u0131 - Sal\u0131ncak","robots":{"index":"index","follow":"follow","max-snippet":"max-snippet:-1","max-image-preview":"max-image-preview:large","max-video-preview":"max-video-preview:-1"},"canonical":"https:\/\/salincakcim.com\/en\/product\/comfort-koltuk-kirmizi\/","og_locale":"en_US","og_type":"article","og_title":"Comfort Koltuk K\u0131rm\u0131z\u0131 | Sal\u0131ncakc\u0131m - Bah\u00e7e Mobilyalar\u0131 - Sal\u0131ncak","og_description":"Rahat koltukta yeni moda: Konfor koltuk.  Minder s\u0131n\u0131rs\u0131z se\u00e7ene\u011fi  Bu rahatl\u0131\u011f\u0131 denedikten sonra sandalyede oturmak istemeyece\u011finize eminiz. Hem k\u00fc\u00e7\u00fck, hem \u00e7ok rahat, hem \u015f\u0131k, hem de ergonomik. \u0130\u015fte size odan\u0131zda, balkonunuzda veya bah\u00e7enizde rahatlamak i\u00e7in harika bir koltuk deneyimi.  Elyaf dolgulu asma minderi sayesinde bulutlar\u0131n \u00fczerindeymi\u015f gibi rahat edeceksiniz. D\u0131\u015fmekan kullan\u0131m\u0131na uygun elektrostatik toz boya kapl\u0131 metal g\u00f6vde, su ge\u00e7irmez kuma\u015f \u00f6zelli\u011fi ve s\u0131n\u0131rs\u0131z renk se\u00e7ene\u011fiyle zevkinize uygun konfor koltu\u011fu se\u00e7ebilirsiniz.","og_url":"https:\/\/salincakcim.com\/en\/product\/comfort-koltuk-kirmizi\/","og_site_name":"Sal\u0131ncakc\u0131m - Bah\u00e7e Mobilyalar\u0131 - Sal\u0131ncak","article_publisher":"https:\/\/www.facebook.com\/zebgarden","article_modified_time":"2024-11-25T10:34:23+00:00","og_image":[{"width":1080,"height":1080,"url":"https:\/\/salincakcim.com\/wp-content\/uploads\/2022\/12\/comfort-kirmizi-Photoroom.webp","type":"image\/webp"}],"twitter_card":"summary_large_image","twitter_misc":{"Est. reading time":"1 minute"},"schema":{"@context":"https:\/\/schema.org","@graph":[{"@type":"WebPage","@id":"https:\/\/salincakcim.com\/urun\/comfort-koltuk-kirmizi\/","url":"https:\/\/salincakcim.com\/urun\/comfort-koltuk-kirmizi\/","name":"Comfort Koltuk K\u0131rm\u0131z\u0131 | Sal\u0131ncakc\u0131m - Bah\u00e7e Mobilyalar\u0131 - Sal\u0131ncak","isPartOf":{"@id":"https:\/\/salincakcim.com\/#website"},"primaryImageOfPage":{"@id":"https:\/\/salincakcim.com\/urun\/comfort-koltuk-kirmizi\/#primaryimage"},"image":{"@id":"https:\/\/salincakcim.com\/urun\/comfort-koltuk-kirmizi\/#primaryimage"},"thumbnailUrl":"https:\/\/salincakcim.com\/wp-content\/uploads\/2022\/12\/comfort-kirmizi-Photoroom.webp","datePublished":"2022-12-25T19:35:04+00:00","dateModified":"2024-11-25T10:34:23+00:00","breadcrumb":{"@id":"https:\/\/salincakcim.com\/urun\/comfort-koltuk-kirmizi\/#breadcrumb"},"inLanguage":"en-US","potentialAction":[{"@type":"ReadAction","target":["https:\/\/salincakcim.com\/urun\/comfort-koltuk-kirmizi\/"]}]},{"@type":"ImageObject","inLanguage":"en-US","@id":"https:\/\/salincakcim.com\/urun\/comfort-koltuk-kirmizi\/#primaryimage","url":"https:\/\/salincakcim.com\/wp-content\/uploads\/2022\/12\/comfort-kirmizi-Photoroom.webp","contentUrl":"https:\/\/salincakcim.com\/wp-content\/uploads\/2022\/12\/comfort-kirmizi-Photoroom.webp","width":1080,"height":1080},{"@type":"BreadcrumbList","@id":"https:\/\/salincakcim.com\/urun\/comfort-koltuk-kirmizi\/#breadcrumb","itemListElement":[{"@type":"ListItem","position":1,"name":"Anasayfa","item":"https:\/\/salincakcim.com\/"},{"@type":"ListItem","position":2,"name":"Ma\u011faza","item":"https:\/\/salincakcim.com\/magaza-2\/"},{"@type":"ListItem","position":3,"name":"Comfort Koltuk K\u0131rm\u0131z\u0131"}]},{"@type":"WebSite","@id":"https:\/\/salincakcim.com\/#website","url":"https:\/\/salincakcim.com\/","name":"Bah\u00e7e Mobilyalar\u0131 - Bah\u00e7e Sal\u0131ncaklar\u0131 - Toptan ve Perakende Sat\u0131\u015f Platformu","description":"T\u00fcrkiye&#039;nin En B\u00fcy\u00fck Bah\u00e7e Mobilyalar\u0131 \u00dcreticisi","publisher":{"@id":"https:\/\/salincakcim.com\/#organization"},"potentialAction":[{"@type":"SearchAction","target":{"@type":"EntryPoint","urlTemplate":"https:\/\/salincakcim.com\/?s={search_term_string}"},"query-input":{"@type":"PropertyValueSpecification","valueRequired":true,"valueName":"search_term_string"}}],"inLanguage":"en-US"},{"@type":"Organization","@id":"https:\/\/salincakcim.com\/#organization","name":"Sal\u0131ncakc\u0131m - Bah\u00e7e Mobilyalar\u0131 - Sal\u0131ncaklar - Rattan Masa Sandalye","alternateName":"Sal\u0131ncakc\u0131m Rattan Sal\u0131ncak Modelleri","url":"https:\/\/salincakcim.com\/","logo":{"@type":"ImageObject","inLanguage":"en-US","@id":"https:\/\/salincakcim.com\/#\/schema\/logo\/image\/","url":"https:\/\/salincakcim.com\/wp-content\/uploads\/2023\/01\/logov2.jpg","contentUrl":"https:\/\/salincakcim.com\/wp-content\/uploads\/2023\/01\/logov2.jpg","width":300,"height":50,"caption":"Sal\u0131ncakc\u0131m - Bah\u00e7e Mobilyalar\u0131 - Sal\u0131ncaklar - Rattan Masa Sandalye"},"image":{"@id":"https:\/\/salincakcim.com\/#\/schema\/logo\/image\/"},"sameAs":["https:\/\/www.facebook.com\/zebgarden","https:\/\/www.instagram.com\/zebgarden"]}]}},"_links":{"self":[{"href":"https:\/\/salincakcim.com\/en\/wp-json\/wp\/v2\/product\/355","targetHints":{"allow":["GET"]}}],"collection":[{"href":"https:\/\/salincakcim.com\/en\/wp-json\/wp\/v2\/product"}],"about":[{"href":"https:\/\/salincakcim.com\/en\/wp-json\/wp\/v2\/types\/product"}],"replies":[{"embeddable":true,"href":"https:\/\/salincakcim.com\/en\/wp-json\/wp\/v2\/comments?post=355"}],"wp:featuredmedia":[{"embeddable":true,"href":"https:\/\/salincakcim.com\/en\/wp-json\/wp\/v2\/media\/6161"}],"wp:attachment":[{"href":"https:\/\/salincakcim.com\/en\/wp-json\/wp\/v2\/media?parent=355"}],"wp:term":[{"taxonomy":"product_brand","embeddable":true,"href":"https:\/\/salincakcim.com\/en\/wp-json\/wp\/v2\/product_brand?post=355"},{"taxonomy":"product_cat","embeddable":true,"href":"https:\/\/salincakcim.com\/en\/wp-json\/wp\/v2\/product_cat?post=355"},{"taxonomy":"product_tag","embeddable":true,"href":"https:\/\/salincakcim.com\/en\/wp-json\/wp\/v2\/product_tag?post=355"}],"curies":[{"name":"wp","href":"https:\/\/api.w.org\/{rel}","templated":true}]}}