{"id":305,"date":"2022-12-25T22:16:45","date_gmt":"2022-12-25T19:16:45","guid":{"rendered":"https:\/\/salincakcim.comincakcim\/?post_type=product&#038;p=305"},"modified":"2025-01-03T21:52:04","modified_gmt":"2025-01-03T18:52:04","slug":"rattan-bahce-mobilyasi-aras-oturma-grubu","status":"publish","type":"product","link":"https:\/\/salincakcim.com\/en\/product\/rattan-bahce-mobilyasi-aras-oturma-grubu\/","title":{"rendered":"Rattan Bah\u00e7e Mobilyas\u0131 Oturma Grubu Aras Spor Gri (2+1+1)"},"content":{"rendered":"<h1><strong>Rattan Bah\u00e7e Mobilyalar\u0131<br \/>\nAras Oturma Grubu Spor Modeli 2+1+1<\/strong><\/h1>\n<p>Package Includes: 2+1+1+M<\/p>\n<h2><strong>Product Dimensions:<\/strong><\/h2>\n<p>2 SEATS: 132x88x89<br \/>\nSINGLE SEAT: 69x88x89<br \/>\nTABLE: 152x86x76<\/p>\n<p><strong>Puffs Excluded.<br \/>\n<\/strong>Pufflar\u0131 ayr\u0131ca sipari\u015f veriniz.<\/p>\n<p><a href=\"https:\/\/salincakcim.com\/en\/teknik-ozellikler\/\" target=\"_blank\" rel=\"noopener\"><strong>Click for Technical Specifications<\/strong><\/a><\/p>\n<h2><strong><br \/>\nGri Aras Spor Oturma Grubu 2+1+1<\/strong><\/h2>\n<p>Gri renkli rattan oturma grubu, son y\u0131llarda i\u00e7 mekan ve d\u0131\u015f mekan dekorasyonunda pop\u00fcler bir tercih haline gelmi\u015ftir. Bu rattan bah\u00e7e mobilyas\u0131, \u015f\u0131k ve modern bir tasar\u0131ma sahip olmas\u0131yla beraber, kullan\u0131c\u0131lara konforlu bir deneyim sunar. Ayn\u0131 zamanda, rattan malzemesi sayesinde dayan\u0131kl\u0131 ve uzun \u00f6m\u00fcrl\u00fc bir se\u00e7enektir.<\/p>\n<p>Rattan, \u00f6zellikle mobilya sekt\u00f6r\u00fcnde s\u0131k\u00e7a tercih edilen bir do\u011fal malzemedir. Bir palmiye t\u00fcr\u00fc rattan bitkisinden elde edilen bu malzeme, do\u011fal bir g\u00f6r\u00fcn\u00fcm ve dokuya sahiptir. Ayn\u0131 zamanda rattan, esnek bir yap\u0131ya sahip oldu\u011fu i\u00e7in mobilya \u00fcretiminde kullan\u0131lan ideal malzemelerden biridir.<\/p>\n<p>Gri renkli rattan oturma grubunu, oturma odalar\u0131, verandalar ve bah\u00e7eler gibi \u00e7e\u015fitli mekanlarda kullan\u0131labilirsiniz. \u00dcst\u00fcn dayan\u0131kl\u0131l\u0131\u011f\u0131 sayesinde d\u0131\u015f mekan kullan\u0131m\u0131na uygun rattan oturma grubu, hava ko\u015fullar\u0131na kar\u015f\u0131 diren\u00e7 g\u00f6sterebilir. UV \u0131\u015f\u0131nlar\u0131na ve nem gibi fakt\u00f6rlere kar\u015f\u0131 dayan\u0131kl\u0131 olan rattan malzemesi, mevsimsel de\u011fi\u015fikliklere ra\u011fmen orijinal formunu korur.<\/p>\n<p><strong>Tekli Rattan Koltuk<\/strong><\/p>\n<p>Tekli rattan koltuk, gri renkli rattan oturma grubunun \u00f6nemli bir par\u00e7as\u0131d\u0131r. Bu koltuklar, \u015f\u0131k ve minimal tasar\u0131mlar\u0131yla dikkat \u00e7eker. Rahat bir oturma deneyimi sunan tekli rattan koltuklar, s\u0131rt\u0131n\u0131z\u0131 ve kollar\u0131n\u0131z\u0131 desteklerken ayn\u0131 zamanda zarif bir g\u00f6r\u00fcn\u00fcm sa\u011flar. Ergonomik yap\u0131s\u0131 sayesinde uzun s\u00fcreli oturma s\u00fcrelerinde bile konforlu bir his yarat\u0131r.<\/p>\n<p>Ikili rattan koltuk ise, daha geni\u015f bir oturma alan\u0131 sunan bir se\u00e7enektir. \u00c7iftler veya aileler i\u00e7in ideal olan bu koltuklar, payla\u015f\u0131lan keyifli anlar i\u00e7in m\u00fckemmel bir se\u00e7imdir. \u00d6zellikle daha b\u00fcy\u00fck mekanlarda kullan\u0131lan ikili rattan koltuklar, oturma grubuna \u015f\u0131k bir g\u00f6r\u00fcn\u00fcm kazand\u0131r\u0131rken ayn\u0131 zamanda kullan\u0131c\u0131lara rahat bir oturma deneyimi sunar.<\/p>\n<h3>Rattan Masa<\/h3>\n<p>Rattan masa ise, oturma grubunu tamamlayan \u00f6nemli bir par\u00e7ad\u0131r. Genellikle cam bir masa \u00fcst\u00fcne sahip olan rattan masa, \u015f\u0131k bir g\u00f6r\u00fcn\u00fcm sunar. Masa \u00fcst\u00fcne yerle\u015ftirilen \u00e7i\u00e7ekler veya dekoratif aksesuarlarla da daha cazip bir hale getirilebilir. Ayn\u0131 zamanda, rattan masan\u0131n kolay temizlenebilir bir y\u00fczeyi oldu\u011fu i\u00e7in prati\u011fi de \u00f6n plandad\u0131r.<\/p>\n<p>Sonu\u00e7 olarak, gri renkli rattan oturma grubu, estetik ve dayan\u0131kl\u0131l\u0131\u011f\u0131n m\u00fckemmel bir birle\u015fimidir. Bu oturma grubu, hem i\u00e7 mekanlarda hem de d\u0131\u015f mekanlarda\u00a0 evinize veya i\u015fyerinize modern bir atmosfer kat\u0131yor. Do\u011fal rattan malzemesi sayesinde uzun \u00f6m\u00fcrl\u00fc ve kullan\u0131\u015fl\u0131 olan bu oturma grubu, konforu ve \u015f\u0131kl\u0131\u011f\u0131 bir arada sunar. \u00dcstelik, gri rengin sadeli\u011fiyle de her t\u00fcrl\u00fc dekorasyon stilini tamamlar.<\/p>","protected":false},"excerpt":{"rendered":"<p><strong>We bring comfort to your gardens with the Aras rattan sofa set, which is produced in the form and quality of a standard sofa set.<\/strong><\/p>\n<p>Aras Rattan Sofa Set, which consists of 1 double rattan armchair, 2 single rattan armchairs and 1 rattan table, will be indispensable for your crowded invitations with its rich set content. You can choose the rattan garden furniture that suits your taste with its aluminum body suitable for outdoor use, waterproof fabric and two different color options.<\/p>","protected":false},"featured_media":5352,"comment_status":"open","ping_status":"closed","template":"","meta":{"_acf_changed":false},"product_brand":[],"product_cat":[239],"product_tag":[],"class_list":{"0":"post-305","1":"product","2":"type-product","3":"status-publish","4":"has-post-thumbnail","6":"product_cat-bahce-mobilyalari","7":"tm-no-options","9":"first","10":"instock","11":"shipping-taxable","12":"purchasable","13":"product-type-simple"},"acf":[],"yoast_head":"<!-- This site is optimized with the Yoast SEO plugin v27.5 - https:\/\/yoast.com\/product\/yoast-seo-wordpress\/ -->\n<title>Rattan Bah\u00e7e Mobilyas\u0131 Oturma Grubu Aras Spor Gri (2+1+1) | Sal\u0131ncakc\u0131m - Bah\u00e7e Mobilyalar\u0131 - Sal\u0131ncak<\/title>\n<meta name=\"description\" content=\"Fabrikadan T\u00fcketiciye El Eme\u011fi Bah\u00e7e Mobilyalar\u0131, Konforun ve Kalitenin Adresi, Rattan Bah\u00e7e Mobilyas\u0131, Rattan Oturma Grubu, Aras Spor Oturma Grubu\" \/>\n<meta name=\"robots\" content=\"index, follow, max-snippet:-1, max-image-preview:large, max-video-preview:-1\" \/>\n<link rel=\"canonical\" href=\"https:\/\/salincakcim.com\/en\/product\/rattan-bahce-mobilyasi-aras-oturma-grubu\/\" \/>\n<meta property=\"og:locale\" content=\"en_US\" \/>\n<meta property=\"og:type\" content=\"article\" \/>\n<meta property=\"og:title\" content=\"Rattan Bah\u00e7e Mobilyas\u0131 Oturma Grubu Aras Spor Gri (2+1+1) | Sal\u0131ncakc\u0131m - Bah\u00e7e Mobilyalar\u0131 - Sal\u0131ncak\" \/>\n<meta property=\"og:description\" content=\"Fabrikadan T\u00fcketiciye El Eme\u011fi Bah\u00e7e Mobilyalar\u0131, Konforun ve Kalitenin Adresi, Rattan Bah\u00e7e Mobilyas\u0131, Rattan Oturma Grubu, Aras Spor Oturma Grubu\" \/>\n<meta property=\"og:url\" content=\"https:\/\/salincakcim.com\/en\/product\/rattan-bahce-mobilyasi-aras-oturma-grubu\/\" \/>\n<meta property=\"og:site_name\" content=\"Sal\u0131ncakc\u0131m - Bah\u00e7e Mobilyalar\u0131 - Sal\u0131ncak\" \/>\n<meta property=\"article:publisher\" content=\"https:\/\/www.facebook.com\/zebgarden\" \/>\n<meta property=\"article:modified_time\" content=\"2025-01-03T18:52:04+00:00\" \/>\n<meta property=\"og:image\" content=\"https:\/\/salincakcim.com\/wp-content\/uploads\/2022\/12\/Basliksiz-1.jpg\" \/>\n\t<meta property=\"og:image:width\" content=\"700\" \/>\n\t<meta property=\"og:image:height\" content=\"394\" \/>\n\t<meta property=\"og:image:type\" content=\"image\/jpeg\" \/>\n<meta name=\"twitter:card\" content=\"summary_large_image\" \/>\n<meta name=\"twitter:label1\" content=\"Est. reading time\" \/>\n\t<meta name=\"twitter:data1\" content=\"3 minutes\" \/>\n<script type=\"application\/ld+json\" class=\"yoast-schema-graph\">{\"@context\":\"https:\\\/\\\/schema.org\",\"@graph\":[{\"@type\":\"WebPage\",\"@id\":\"https:\\\/\\\/salincakcim.com\\\/urun\\\/rattan-bahce-mobilyasi-aras-oturma-grubu\\\/\",\"url\":\"https:\\\/\\\/salincakcim.com\\\/urun\\\/rattan-bahce-mobilyasi-aras-oturma-grubu\\\/\",\"name\":\"Rattan Bah\u00e7e Mobilyas\u0131 Oturma Grubu Aras Spor Gri (2+1+1) | Sal\u0131ncakc\u0131m - Bah\u00e7e Mobilyalar\u0131 - Sal\u0131ncak\",\"isPartOf\":{\"@id\":\"https:\\\/\\\/salincakcim.com\\\/#website\"},\"primaryImageOfPage\":{\"@id\":\"https:\\\/\\\/salincakcim.com\\\/urun\\\/rattan-bahce-mobilyasi-aras-oturma-grubu\\\/#primaryimage\"},\"image\":{\"@id\":\"https:\\\/\\\/salincakcim.com\\\/urun\\\/rattan-bahce-mobilyasi-aras-oturma-grubu\\\/#primaryimage\"},\"thumbnailUrl\":\"https:\\\/\\\/salincakcim.com\\\/wp-content\\\/uploads\\\/2022\\\/12\\\/Basliksiz-1.jpg\",\"datePublished\":\"2022-12-25T19:16:45+00:00\",\"dateModified\":\"2025-01-03T18:52:04+00:00\",\"description\":\"Fabrikadan T\u00fcketiciye El Eme\u011fi Bah\u00e7e Mobilyalar\u0131, Konforun ve Kalitenin Adresi, Rattan Bah\u00e7e Mobilyas\u0131, Rattan Oturma Grubu, Aras Spor Oturma Grubu\",\"breadcrumb\":{\"@id\":\"https:\\\/\\\/salincakcim.com\\\/urun\\\/rattan-bahce-mobilyasi-aras-oturma-grubu\\\/#breadcrumb\"},\"inLanguage\":\"en-US\",\"potentialAction\":[{\"@type\":\"ReadAction\",\"target\":[\"https:\\\/\\\/salincakcim.com\\\/urun\\\/rattan-bahce-mobilyasi-aras-oturma-grubu\\\/\"]}]},{\"@type\":\"ImageObject\",\"inLanguage\":\"en-US\",\"@id\":\"https:\\\/\\\/salincakcim.com\\\/urun\\\/rattan-bahce-mobilyasi-aras-oturma-grubu\\\/#primaryimage\",\"url\":\"https:\\\/\\\/salincakcim.com\\\/wp-content\\\/uploads\\\/2022\\\/12\\\/Basliksiz-1.jpg\",\"contentUrl\":\"https:\\\/\\\/salincakcim.com\\\/wp-content\\\/uploads\\\/2022\\\/12\\\/Basliksiz-1.jpg\",\"width\":700,\"height\":394},{\"@type\":\"BreadcrumbList\",\"@id\":\"https:\\\/\\\/salincakcim.com\\\/urun\\\/rattan-bahce-mobilyasi-aras-oturma-grubu\\\/#breadcrumb\",\"itemListElement\":[{\"@type\":\"ListItem\",\"position\":1,\"name\":\"Anasayfa\",\"item\":\"https:\\\/\\\/salincakcim.com\\\/\"},{\"@type\":\"ListItem\",\"position\":2,\"name\":\"Ma\u011faza\",\"item\":\"https:\\\/\\\/salincakcim.com\\\/magaza-2\\\/\"},{\"@type\":\"ListItem\",\"position\":3,\"name\":\"Rattan Bah\u00e7e Mobilyas\u0131 Oturma Grubu Aras Spor Gri (2+1+1)\"}]},{\"@type\":\"WebSite\",\"@id\":\"https:\\\/\\\/salincakcim.com\\\/#website\",\"url\":\"https:\\\/\\\/salincakcim.com\\\/\",\"name\":\"Bah\u00e7e Mobilyalar\u0131 - Bah\u00e7e Sal\u0131ncaklar\u0131 - Toptan ve Perakende Sat\u0131\u015f Platformu\",\"description\":\"T\u00fcrkiye&#039;nin En B\u00fcy\u00fck Bah\u00e7e Mobilyalar\u0131 \u00dcreticisi\",\"publisher\":{\"@id\":\"https:\\\/\\\/salincakcim.com\\\/#organization\"},\"potentialAction\":[{\"@type\":\"SearchAction\",\"target\":{\"@type\":\"EntryPoint\",\"urlTemplate\":\"https:\\\/\\\/salincakcim.com\\\/?s={search_term_string}\"},\"query-input\":{\"@type\":\"PropertyValueSpecification\",\"valueRequired\":true,\"valueName\":\"search_term_string\"}}],\"inLanguage\":\"en-US\"},{\"@type\":\"Organization\",\"@id\":\"https:\\\/\\\/salincakcim.com\\\/#organization\",\"name\":\"Sal\u0131ncakc\u0131m - Bah\u00e7e Mobilyalar\u0131 - Sal\u0131ncaklar - Rattan Masa Sandalye\",\"alternateName\":\"Sal\u0131ncakc\u0131m Rattan Sal\u0131ncak Modelleri\",\"url\":\"https:\\\/\\\/salincakcim.com\\\/\",\"logo\":{\"@type\":\"ImageObject\",\"inLanguage\":\"en-US\",\"@id\":\"https:\\\/\\\/salincakcim.com\\\/#\\\/schema\\\/logo\\\/image\\\/\",\"url\":\"https:\\\/\\\/salincakcim.com\\\/wp-content\\\/uploads\\\/2023\\\/01\\\/logov2.jpg\",\"contentUrl\":\"https:\\\/\\\/salincakcim.com\\\/wp-content\\\/uploads\\\/2023\\\/01\\\/logov2.jpg\",\"width\":300,\"height\":50,\"caption\":\"Sal\u0131ncakc\u0131m - Bah\u00e7e Mobilyalar\u0131 - Sal\u0131ncaklar - Rattan Masa Sandalye\"},\"image\":{\"@id\":\"https:\\\/\\\/salincakcim.com\\\/#\\\/schema\\\/logo\\\/image\\\/\"},\"sameAs\":[\"https:\\\/\\\/www.facebook.com\\\/zebgarden\",\"https:\\\/\\\/www.instagram.com\\\/zebgarden\"]}]}<\/script>\n<!-- \/ Yoast SEO plugin. -->","yoast_head_json":{"title":"Rattan Bah\u00e7e Mobilyas\u0131 Oturma Grubu Aras Spor Gri (2+1+1) | Sal\u0131ncakc\u0131m - Bah\u00e7e Mobilyalar\u0131 - Sal\u0131ncak","description":"Fabrikadan T\u00fcketiciye El Eme\u011fi Bah\u00e7e Mobilyalar\u0131, Konforun ve Kalitenin Adresi, Rattan Bah\u00e7e Mobilyas\u0131, Rattan Oturma Grubu, Aras Spor Oturma Grubu","robots":{"index":"index","follow":"follow","max-snippet":"max-snippet:-1","max-image-preview":"max-image-preview:large","max-video-preview":"max-video-preview:-1"},"canonical":"https:\/\/salincakcim.com\/en\/product\/rattan-bahce-mobilyasi-aras-oturma-grubu\/","og_locale":"en_US","og_type":"article","og_title":"Rattan Bah\u00e7e Mobilyas\u0131 Oturma Grubu Aras Spor Gri (2+1+1) | Sal\u0131ncakc\u0131m - Bah\u00e7e Mobilyalar\u0131 - Sal\u0131ncak","og_description":"Fabrikadan T\u00fcketiciye El Eme\u011fi Bah\u00e7e Mobilyalar\u0131, Konforun ve Kalitenin Adresi, Rattan Bah\u00e7e Mobilyas\u0131, Rattan Oturma Grubu, Aras Spor Oturma Grubu","og_url":"https:\/\/salincakcim.com\/en\/product\/rattan-bahce-mobilyasi-aras-oturma-grubu\/","og_site_name":"Sal\u0131ncakc\u0131m - Bah\u00e7e Mobilyalar\u0131 - Sal\u0131ncak","article_publisher":"https:\/\/www.facebook.com\/zebgarden","article_modified_time":"2025-01-03T18:52:04+00:00","og_image":[{"width":700,"height":394,"url":"https:\/\/salincakcim.com\/wp-content\/uploads\/2022\/12\/Basliksiz-1.jpg","type":"image\/jpeg"}],"twitter_card":"summary_large_image","twitter_misc":{"Est. reading time":"3 minutes"},"schema":{"@context":"https:\/\/schema.org","@graph":[{"@type":"WebPage","@id":"https:\/\/salincakcim.com\/urun\/rattan-bahce-mobilyasi-aras-oturma-grubu\/","url":"https:\/\/salincakcim.com\/urun\/rattan-bahce-mobilyasi-aras-oturma-grubu\/","name":"Rattan Bah\u00e7e Mobilyas\u0131 Oturma Grubu Aras Spor Gri (2+1+1) | Sal\u0131ncakc\u0131m - Bah\u00e7e Mobilyalar\u0131 - Sal\u0131ncak","isPartOf":{"@id":"https:\/\/salincakcim.com\/#website"},"primaryImageOfPage":{"@id":"https:\/\/salincakcim.com\/urun\/rattan-bahce-mobilyasi-aras-oturma-grubu\/#primaryimage"},"image":{"@id":"https:\/\/salincakcim.com\/urun\/rattan-bahce-mobilyasi-aras-oturma-grubu\/#primaryimage"},"thumbnailUrl":"https:\/\/salincakcim.com\/wp-content\/uploads\/2022\/12\/Basliksiz-1.jpg","datePublished":"2022-12-25T19:16:45+00:00","dateModified":"2025-01-03T18:52:04+00:00","description":"Fabrikadan T\u00fcketiciye El Eme\u011fi Bah\u00e7e Mobilyalar\u0131, Konforun ve Kalitenin Adresi, Rattan Bah\u00e7e Mobilyas\u0131, Rattan Oturma Grubu, Aras Spor Oturma Grubu","breadcrumb":{"@id":"https:\/\/salincakcim.com\/urun\/rattan-bahce-mobilyasi-aras-oturma-grubu\/#breadcrumb"},"inLanguage":"en-US","potentialAction":[{"@type":"ReadAction","target":["https:\/\/salincakcim.com\/urun\/rattan-bahce-mobilyasi-aras-oturma-grubu\/"]}]},{"@type":"ImageObject","inLanguage":"en-US","@id":"https:\/\/salincakcim.com\/urun\/rattan-bahce-mobilyasi-aras-oturma-grubu\/#primaryimage","url":"https:\/\/salincakcim.com\/wp-content\/uploads\/2022\/12\/Basliksiz-1.jpg","contentUrl":"https:\/\/salincakcim.com\/wp-content\/uploads\/2022\/12\/Basliksiz-1.jpg","width":700,"height":394},{"@type":"BreadcrumbList","@id":"https:\/\/salincakcim.com\/urun\/rattan-bahce-mobilyasi-aras-oturma-grubu\/#breadcrumb","itemListElement":[{"@type":"ListItem","position":1,"name":"Anasayfa","item":"https:\/\/salincakcim.com\/"},{"@type":"ListItem","position":2,"name":"Ma\u011faza","item":"https:\/\/salincakcim.com\/magaza-2\/"},{"@type":"ListItem","position":3,"name":"Rattan Bah\u00e7e Mobilyas\u0131 Oturma Grubu Aras Spor Gri (2+1+1)"}]},{"@type":"WebSite","@id":"https:\/\/salincakcim.com\/#website","url":"https:\/\/salincakcim.com\/","name":"Bah\u00e7e Mobilyalar\u0131 - Bah\u00e7e Sal\u0131ncaklar\u0131 - Toptan ve Perakende Sat\u0131\u015f Platformu","description":"T\u00fcrkiye&#039;nin En B\u00fcy\u00fck Bah\u00e7e Mobilyalar\u0131 \u00dcreticisi","publisher":{"@id":"https:\/\/salincakcim.com\/#organization"},"potentialAction":[{"@type":"SearchAction","target":{"@type":"EntryPoint","urlTemplate":"https:\/\/salincakcim.com\/?s={search_term_string}"},"query-input":{"@type":"PropertyValueSpecification","valueRequired":true,"valueName":"search_term_string"}}],"inLanguage":"en-US"},{"@type":"Organization","@id":"https:\/\/salincakcim.com\/#organization","name":"Sal\u0131ncakc\u0131m - Bah\u00e7e Mobilyalar\u0131 - Sal\u0131ncaklar - Rattan Masa Sandalye","alternateName":"Sal\u0131ncakc\u0131m Rattan Sal\u0131ncak Modelleri","url":"https:\/\/salincakcim.com\/","logo":{"@type":"ImageObject","inLanguage":"en-US","@id":"https:\/\/salincakcim.com\/#\/schema\/logo\/image\/","url":"https:\/\/salincakcim.com\/wp-content\/uploads\/2023\/01\/logov2.jpg","contentUrl":"https:\/\/salincakcim.com\/wp-content\/uploads\/2023\/01\/logov2.jpg","width":300,"height":50,"caption":"Sal\u0131ncakc\u0131m - Bah\u00e7e Mobilyalar\u0131 - Sal\u0131ncaklar - Rattan Masa Sandalye"},"image":{"@id":"https:\/\/salincakcim.com\/#\/schema\/logo\/image\/"},"sameAs":["https:\/\/www.facebook.com\/zebgarden","https:\/\/www.instagram.com\/zebgarden"]}]}},"_links":{"self":[{"href":"https:\/\/salincakcim.com\/en\/wp-json\/wp\/v2\/product\/305","targetHints":{"allow":["GET"]}}],"collection":[{"href":"https:\/\/salincakcim.com\/en\/wp-json\/wp\/v2\/product"}],"about":[{"href":"https:\/\/salincakcim.com\/en\/wp-json\/wp\/v2\/types\/product"}],"replies":[{"embeddable":true,"href":"https:\/\/salincakcim.com\/en\/wp-json\/wp\/v2\/comments?post=305"}],"wp:featuredmedia":[{"embeddable":true,"href":"https:\/\/salincakcim.com\/en\/wp-json\/wp\/v2\/media\/5352"}],"wp:attachment":[{"href":"https:\/\/salincakcim.com\/en\/wp-json\/wp\/v2\/media?parent=305"}],"wp:term":[{"taxonomy":"product_brand","embeddable":true,"href":"https:\/\/salincakcim.com\/en\/wp-json\/wp\/v2\/product_brand?post=305"},{"taxonomy":"product_cat","embeddable":true,"href":"https:\/\/salincakcim.com\/en\/wp-json\/wp\/v2\/product_cat?post=305"},{"taxonomy":"product_tag","embeddable":true,"href":"https:\/\/salincakcim.com\/en\/wp-json\/wp\/v2\/product_tag?post=305"}],"curies":[{"name":"wp","href":"https:\/\/api.w.org\/{rel}","templated":true}]}}