{"id":5980,"date":"2023-01-17T19:45:32","date_gmt":"2023-01-17T16:45:32","guid":{"rendered":"https:\/\/salincakcim.com\/?page_id=5980"},"modified":"2023-01-17T19:52:25","modified_gmt":"2023-01-17T16:52:25","slug":"bayilik","status":"publish","type":"page","link":"https:\/\/salincakcim.com\/en\/bayilik\/","title":{"rendered":"Franchise"},"content":{"rendered":"<section class=\"wpb-content-wrapper\"><div class=\"vc_row wpb_row vc_row-fluid vc_row-o-content-middle vc_row-flex\"><div class=\"wpb_column vc_column_container vc_col-sm-2\"><div class=\"vc_column-inner\"><div class=\"wpb_wrapper\"><\/div><\/div><\/div><div class=\"wpb_column vc_column_container vc_col-sm-8\"><div class=\"vc_column-inner\"><div class=\"wpb_wrapper\"><div class=\"wpforms-container wpforms-container-full\" id=\"wpforms-5975\"><form id=\"wpforms-form-5975\" class=\"wpforms-validate wpforms-form wpforms-ajax-form\" data-formid=\"5975\" method=\"post\" enctype=\"multipart\/form-data\" action=\"\/en\/wp-json\/wp\/v2\/pages\/5980\" data-token=\"893fabf3839a9ed73238d86bd2beafcf\" data-token-time=\"1776389012\"><noscript class=\"wpforms-error-noscript\">Please enable JavaScript in your browser to complete this form.<\/noscript><div class=\"wpforms-field-container\"><div id=\"wpforms-5975-field_1-container\" class=\"wpforms-field wpforms-field-name\" data-field-id=\"1\"><label class=\"wpforms-field-label\" for=\"wpforms-5975-field_1\">Ad &amp; Soyad <span class=\"wpforms-required-label\">*<\/span><\/label><div class=\"wpforms-field-row wpforms-field-large\"><div class=\"wpforms-field-row-block wpforms-first wpforms-one-half\"><input type=\"text\" id=\"wpforms-5975-field_1\" class=\"wpforms-field-name-first wpforms-field-required\" name=\"wpforms[fields][1][first]\" required><label for=\"wpforms-5975-field_1\" class=\"wpforms-field-sublabel after wpforms-sublabel-hide\">First<\/label><\/div><div class=\"wpforms-field-row-block wpforms-one-half\"><input type=\"text\" id=\"wpforms-5975-field_1-last\" class=\"wpforms-field-name-last wpforms-field-required\" name=\"wpforms[fields][1][last]\" required><label for=\"wpforms-5975-field_1-last\" class=\"wpforms-field-sublabel after wpforms-sublabel-hide\">Last<\/label><\/div><\/div><\/div><div id=\"wpforms-5975-field_2-container\" class=\"wpforms-field wpforms-field-email\" data-field-id=\"2\"><label class=\"wpforms-field-label\" for=\"wpforms-5975-field_2\">E-Posta Adresiniz <span class=\"wpforms-required-label\">*<\/span><\/label><input type=\"email\" id=\"wpforms-5975-field_2\" class=\"wpforms-field-large wpforms-field-required\" name=\"wpforms[fields][2]\" spellcheck=\"false\" required><\/div><div id=\"wpforms-5975-field_3-container\" class=\"wpforms-field wpforms-field-number\" data-field-id=\"3\"><label class=\"wpforms-field-label\" for=\"wpforms-5975-field_3\">Sabit Telefon <span class=\"wpforms-required-label\">*<\/span><\/label><input type=\"number\" id=\"wpforms-5975-field_3\" class=\"wpforms-field-large wpforms-field-required\" name=\"wpforms[fields][3]\" step=\"any\" required><\/div><div id=\"wpforms-5975-field_4-container\" class=\"wpforms-field wpforms-field-number\" data-field-id=\"4\"><label class=\"wpforms-field-label\" for=\"wpforms-5975-field_4\">GSM <span class=\"wpforms-required-label\">*<\/span><\/label><input type=\"number\" id=\"wpforms-5975-field_4\" class=\"wpforms-field-large wpforms-field-required\" name=\"wpforms[fields][4]\" step=\"any\" required><\/div><div id=\"wpforms-5975-field_5-container\" class=\"wpforms-field wpforms-field-text\" data-field-id=\"5\"><label class=\"wpforms-field-label\" for=\"wpforms-5975-field_5\">Bayilik a\u00e7mak istedi\u011finiz il <span class=\"wpforms-required-label\">*<\/span><\/label><input type=\"text\" id=\"wpforms-5975-field_5\" class=\"wpforms-field-large wpforms-field-required\" name=\"wpforms[fields][5]\" required><\/div><div id=\"wpforms-5975-field_6-container\" class=\"wpforms-field wpforms-field-text\" data-field-id=\"6\"><label class=\"wpforms-field-label\" for=\"wpforms-5975-field_6\">Bayilik a\u00e7mak istedi\u011finiz il\u00e7e <span class=\"wpforms-required-label\">*<\/span><\/label><input type=\"text\" id=\"wpforms-5975-field_6\" class=\"wpforms-field-large wpforms-field-required\" name=\"wpforms[fields][6]\" required><\/div><div id=\"wpforms-5975-field_7-container\" class=\"wpforms-field wpforms-field-text\" data-field-id=\"7\"><label class=\"wpforms-field-label\" for=\"wpforms-5975-field_7\">Mevcutta ne i\u015f yap\u0131yorsunuz ? <span class=\"wpforms-required-label\">*<\/span><\/label><input type=\"text\" id=\"wpforms-5975-field_7\" class=\"wpforms-field-large wpforms-field-required\" name=\"wpforms[fields][7]\" required><\/div><div id=\"wpforms-5975-field_8-container\" class=\"wpforms-field wpforms-field-text\" data-field-id=\"8\"><label class=\"wpforms-field-label\" for=\"wpforms-5975-field_8\">Ne kadar yat\u0131r\u0131m yapabilirsiniz?  Yat\u0131r\u0131m i\u00e7in ay\u0131rd\u0131\u011f\u0131n\u0131z b\u00fct\u00e7e? <span class=\"wpforms-required-label\">*<\/span><\/label><input type=\"text\" id=\"wpforms-5975-field_8\" class=\"wpforms-field-large wpforms-field-required\" name=\"wpforms[fields][8]\" required><\/div><div id=\"wpforms-5975-field_9-container\" class=\"wpforms-field wpforms-field-checkbox\" data-field-id=\"9\"><label class=\"wpforms-field-label\">Bayilik Tercihiniz? <span class=\"wpforms-required-label\">*<\/span><\/label><ul id=\"wpforms-5975-field_9\" class=\"wpforms-field-required\"><li class=\"choice-1 depth-1\"><input type=\"checkbox\" id=\"wpforms-5975-field_9_1\" name=\"wpforms[fields][9][]\" value=\"Sizin markan\u0131z ile sadece sizin \u00fcr\u00fcnlerinizi satmak istiyorum.\" required ><label class=\"wpforms-field-label-inline\" for=\"wpforms-5975-field_9_1\">Sizin markan\u0131z ile sadece sizin \u00fcr\u00fcnlerinizi satmak istiyorum.<\/label><\/li><li class=\"choice-2 depth-1\"><input type=\"checkbox\" id=\"wpforms-5975-field_9_2\" name=\"wpforms[fields][9][]\" value=\"Kendi i\u015fyerim var, \u00fcr\u00fcnlerinizi de bulundurmak istiyorum.\" required ><label class=\"wpforms-field-label-inline\" for=\"wpforms-5975-field_9_2\">Kendi i\u015fyerim var, \u00fcr\u00fcnlerinizi de bulundurmak istiyorum.<\/label><\/li><li class=\"choice-3 depth-1\"><input type=\"checkbox\" id=\"wpforms-5975-field_9_3\" name=\"wpforms[fields][9][]\" value=\"Di\u011fer\" required ><label class=\"wpforms-field-label-inline\" for=\"wpforms-5975-field_9_3\">Di\u011fer<\/label><\/li><\/ul><\/div><div id=\"wpforms-5975-field_10-container\" class=\"wpforms-field wpforms-field-checkbox\" data-field-id=\"10\"><label class=\"wpforms-field-label\">Mevcutta bah\u00e7e mobilyalar\u0131 \u00fcr\u00fcnleri sat\u0131\u015f\u0131n\u0131z var m\u0131? <span class=\"wpforms-required-label\">*<\/span><\/label><ul id=\"wpforms-5975-field_10\" class=\"wpforms-field-required\"><li class=\"choice-1 depth-1\"><input type=\"checkbox\" id=\"wpforms-5975-field_10_1\" name=\"wpforms[fields][10][]\" value=\"Evet\" required ><label class=\"wpforms-field-label-inline\" for=\"wpforms-5975-field_10_1\">Evet<\/label><\/li><li class=\"choice-2 depth-1\"><input type=\"checkbox\" id=\"wpforms-5975-field_10_2\" name=\"wpforms[fields][10][]\" value=\"Hay\u0131r\" required ><label class=\"wpforms-field-label-inline\" for=\"wpforms-5975-field_10_2\">Hay\u0131r<\/label><\/li><\/ul><\/div><div id=\"wpforms-5975-field_15-container\" class=\"wpforms-field wpforms-field-text\" data-field-id=\"15\"><label class=\"wpforms-field-label\" for=\"wpforms-5975-field_15\">Sekt\u00f6rde ka\u00e7 y\u0131ld\u0131r sat\u0131\u015f yap\u0131yorsunuz.<\/label><input type=\"text\" id=\"wpforms-5975-field_15\" class=\"wpforms-field-medium\" name=\"wpforms[fields][15]\" ><\/div><div id=\"wpforms-5975-field_16-container\" class=\"wpforms-field wpforms-field-text\" data-field-id=\"16\"><label class=\"wpforms-field-label\" for=\"wpforms-5975-field_16\">B\u00f6lgenizde bah\u00e7e mobilyalar\u0131n\u0131 neden tercih ediyorlar?<\/label><input type=\"text\" id=\"wpforms-5975-field_16\" class=\"wpforms-field-medium\" name=\"wpforms[fields][16]\" ><\/div><div id=\"wpforms-5975-field_17-container\" class=\"wpforms-field wpforms-field-text\" data-field-id=\"17\"><label class=\"wpforms-field-label\" for=\"wpforms-5975-field_17\">M\u00fc\u015fterilerinizin en \u00e7ok tercih etti\u011fi \u00fcr\u00fcnler hangileri?<\/label><input type=\"text\" id=\"wpforms-5975-field_17\" class=\"wpforms-field-medium\" name=\"wpforms[fields][17]\" ><\/div><div id=\"wpforms-5975-field_12-container\" class=\"wpforms-field wpforms-field-checkbox\" data-field-id=\"12\"><label class=\"wpforms-field-label\">Y\u00f6netim Ve ortakl\u0131k <span class=\"wpforms-required-label\">*<\/span><\/label><ul id=\"wpforms-5975-field_12\" class=\"wpforms-field-required\"><li class=\"choice-1 depth-1\"><input type=\"checkbox\" id=\"wpforms-5975-field_12_1\" name=\"wpforms[fields][12][]\" value=\"Ben ve ailem y\u00f6netece\u011fiz. Orta\u011f\u0131m yok.\" required ><label class=\"wpforms-field-label-inline\" for=\"wpforms-5975-field_12_1\">Ben ve ailem y\u00f6netece\u011fiz. Orta\u011f\u0131m yok.<\/label><\/li><li class=\"choice-2 depth-1\"><input type=\"checkbox\" id=\"wpforms-5975-field_12_2\" name=\"wpforms[fields][12][]\" value=\"\u0130\u015fi orta\u011f\u0131mla birlikte y\u00fcr\u00fctece\u011fiz\" required ><label class=\"wpforms-field-label-inline\" for=\"wpforms-5975-field_12_2\">\u0130\u015fi orta\u011f\u0131mla birlikte y\u00fcr\u00fctece\u011fiz<\/label><\/li><li class=\"choice-3 depth-1\"><input type=\"checkbox\" id=\"wpforms-5975-field_12_3\" name=\"wpforms[fields][12][]\" value=\"Orta\u011f\u0131m y\u00fcr\u00fctecek\" required ><label class=\"wpforms-field-label-inline\" for=\"wpforms-5975-field_12_3\">Orta\u011f\u0131m y\u00fcr\u00fctecek<\/label><\/li><li class=\"choice-4 depth-1\"><input type=\"checkbox\" id=\"wpforms-5975-field_12_4\" name=\"wpforms[fields][12][]\" value=\"Y\u00f6netici Bulaca\u011f\u0131m\" required ><label class=\"wpforms-field-label-inline\" for=\"wpforms-5975-field_12_4\">Y\u00f6netici Bulaca\u011f\u0131m<\/label><\/li><li class=\"choice-5 depth-1\"><input type=\"checkbox\" id=\"wpforms-5975-field_12_5\" name=\"wpforms[fields][12][]\" value=\"Di\u011fer\" required ><label class=\"wpforms-field-label-inline\" for=\"wpforms-5975-field_12_5\">Di\u011fer<\/label><\/li><\/ul><\/div><div id=\"wpforms-5975-field_13-container\" class=\"wpforms-field wpforms-field-checkbox\" data-field-id=\"13\"><label class=\"wpforms-field-label\">Bizi nerede farkettiniz? <span class=\"wpforms-required-label\">*<\/span><\/label><ul id=\"wpforms-5975-field_13\" class=\"wpforms-field-required\"><li class=\"choice-1 depth-1\"><input type=\"checkbox\" id=\"wpforms-5975-field_13_1\" name=\"wpforms[fields][13][]\" value=\"Sosyal medya, dijital reklamlar\" required ><label class=\"wpforms-field-label-inline\" for=\"wpforms-5975-field_13_1\">Sosyal medya, dijital reklamlar<\/label><\/li><li class=\"choice-2 depth-1\"><input type=\"checkbox\" id=\"wpforms-5975-field_13_2\" name=\"wpforms[fields][13][]\" value=\"A\u00e7\u0131k Hava Reklamlar\u0131\" required ><label class=\"wpforms-field-label-inline\" for=\"wpforms-5975-field_13_2\">A\u00e7\u0131k Hava Reklamlar\u0131<\/label><\/li><li class=\"choice-3 depth-1\"><input type=\"checkbox\" id=\"wpforms-5975-field_13_3\" name=\"wpforms[fields][13][]\" value=\"Fuar\" required ><label class=\"wpforms-field-label-inline\" for=\"wpforms-5975-field_13_3\">Fuar<\/label><\/li><li class=\"choice-4 depth-1\"><input type=\"checkbox\" id=\"wpforms-5975-field_13_4\" name=\"wpforms[fields][13][]\" value=\"Di\u011fer\" required ><label class=\"wpforms-field-label-inline\" for=\"wpforms-5975-field_13_4\">Di\u011fer<\/label><\/li><\/ul><\/div><div id=\"wpforms-5975-field_14-container\" class=\"wpforms-field wpforms-field-textarea\" data-field-id=\"14\"><label class=\"wpforms-field-label\" for=\"wpforms-5975-field_14\">Neden ZEB GARDEN bayisi olmak istiyorsunuz? Bizi neden tercih ettiniz?  <span class=\"wpforms-required-label\">*<\/span><\/label><textarea id=\"wpforms-5975-field_14\" class=\"wpforms-field-medium wpforms-field-required\" name=\"wpforms[fields][14]\" required><\/textarea><\/div><\/div><!-- .wpforms-field-container --><div class=\"wpforms-submit-container\" ><input type=\"hidden\" name=\"wpforms[id]\" value=\"5975\"><input type=\"hidden\" name=\"page_title\" value=\"\"><input type=\"hidden\" name=\"page_url\" value=\"https:\/\/salincakcim.com\/en\/wp-json\/wp\/v2\/pages\/5980\"><input type=\"hidden\" name=\"url_referer\" value=\"\"><button type=\"submit\" name=\"wpforms[submit]\" id=\"wpforms-submit-5975\" class=\"wpforms-submit\" data-alt-text=\"G\u00f6nderiliyor...\" data-submit-text=\"G\u00f6nder\" aria-live=\"assertive\" value=\"wpforms-submit\">G\u00f6nder<\/button><img decoding=\"async\" src=\"https:\/\/salincakcim.com\/wp-content\/plugins\/wpforms-lite\/assets\/images\/submit-spin.svg\" class=\"wpforms-submit-spinner\" style=\"display: none;\" width=\"26\" height=\"26\" alt=\"Loading\"><\/div><\/form><\/div>  <!-- .wpforms-container --><\/div><\/div><\/div><div class=\"wpb_column vc_column_container vc_col-sm-2\"><div class=\"vc_column-inner\"><div class=\"wpb_wrapper\"><\/div><\/div><\/div><\/div>\n<\/section>","protected":false},"excerpt":{"rendered":"Please enable JavaScript in your browser to complete this form.Ad &amp; Soyad *FirstLastE-Posta Adresiniz *Sabit Telefon *GSM *Bayilik a\u00e7mak istedi\u011finiz il *Bayilik a\u00e7mak istedi\u011finiz il\u00e7e *Mevcutta ne i\u015f yap\u0131yorsunuz ?","protected":false},"author":1,"featured_media":0,"parent":0,"menu_order":0,"comment_status":"closed","ping_status":"closed","template":"","meta":{"_acf_changed":false,"footnotes":""},"class_list":["post-5980","page","type-page","status-publish","hentry"],"acf":[],"yoast_head":"<!-- This site is optimized with the Yoast SEO plugin v27.4 - https:\/\/yoast.com\/product\/yoast-seo-wordpress\/ -->\n<title>Bayilik | Sal\u0131ncakc\u0131m - Bah\u00e7e Mobilyalar\u0131 - Sal\u0131ncak<\/title>\n<meta name=\"robots\" content=\"index, follow, max-snippet:-1, max-image-preview:large, max-video-preview:-1\" \/>\n<link rel=\"canonical\" href=\"https:\/\/salincakcim.com\/en\/bayilik\/\" \/>\n<meta property=\"og:locale\" content=\"en_US\" \/>\n<meta property=\"og:type\" content=\"article\" \/>\n<meta property=\"og:title\" content=\"Bayilik | Sal\u0131ncakc\u0131m - Bah\u00e7e Mobilyalar\u0131 - Sal\u0131ncak\" \/>\n<meta property=\"og:url\" content=\"https:\/\/salincakcim.com\/en\/bayilik\/\" \/>\n<meta property=\"og:site_name\" content=\"Sal\u0131ncakc\u0131m - Bah\u00e7e Mobilyalar\u0131 - Sal\u0131ncak\" \/>\n<meta property=\"article:publisher\" content=\"https:\/\/www.facebook.com\/zebgarden\" \/>\n<meta property=\"article:modified_time\" content=\"2023-01-17T16:52:25+00:00\" \/>\n<meta property=\"og:image\" content=\"https:\/\/salincakcim.com\/wp-content\/uploads\/2023\/01\/eeffac31-6c82-4ea4-b122-d7a032f2b24d.png\" \/>\n\t<meta property=\"og:image:width\" content=\"512\" \/>\n\t<meta property=\"og:image:height\" content=\"512\" \/>\n\t<meta property=\"og:image:type\" content=\"image\/png\" \/>\n<meta name=\"twitter:card\" content=\"summary_large_image\" \/>\n<script type=\"application\/ld+json\" class=\"yoast-schema-graph\">{\"@context\":\"https:\\\/\\\/schema.org\",\"@graph\":[{\"@type\":\"WebPage\",\"@id\":\"https:\\\/\\\/salincakcim.com\\\/bayilik\\\/\",\"url\":\"https:\\\/\\\/salincakcim.com\\\/bayilik\\\/\",\"name\":\"Bayilik | Sal\u0131ncakc\u0131m - Bah\u00e7e Mobilyalar\u0131 - Sal\u0131ncak\",\"isPartOf\":{\"@id\":\"https:\\\/\\\/salincakcim.com\\\/#website\"},\"datePublished\":\"2023-01-17T16:45:32+00:00\",\"dateModified\":\"2023-01-17T16:52:25+00:00\",\"breadcrumb\":{\"@id\":\"https:\\\/\\\/salincakcim.com\\\/bayilik\\\/#breadcrumb\"},\"inLanguage\":\"en-US\",\"potentialAction\":[{\"@type\":\"ReadAction\",\"target\":[\"https:\\\/\\\/salincakcim.com\\\/bayilik\\\/\"]}]},{\"@type\":\"BreadcrumbList\",\"@id\":\"https:\\\/\\\/salincakcim.com\\\/bayilik\\\/#breadcrumb\",\"itemListElement\":[{\"@type\":\"ListItem\",\"position\":1,\"name\":\"Anasayfa\",\"item\":\"https:\\\/\\\/salincakcim.com\\\/\"},{\"@type\":\"ListItem\",\"position\":2,\"name\":\"Bayilik\"}]},{\"@type\":\"WebSite\",\"@id\":\"https:\\\/\\\/salincakcim.com\\\/#website\",\"url\":\"https:\\\/\\\/salincakcim.com\\\/\",\"name\":\"Bah\u00e7e Mobilyalar\u0131 - Bah\u00e7e Sal\u0131ncaklar\u0131 - Toptan ve Perakende Sat\u0131\u015f Platformu\",\"description\":\"T\u00fcrkiye&#039;nin En B\u00fcy\u00fck Bah\u00e7e Mobilyalar\u0131 \u00dcreticisi\",\"publisher\":{\"@id\":\"https:\\\/\\\/salincakcim.com\\\/#organization\"},\"potentialAction\":[{\"@type\":\"SearchAction\",\"target\":{\"@type\":\"EntryPoint\",\"urlTemplate\":\"https:\\\/\\\/salincakcim.com\\\/?s={search_term_string}\"},\"query-input\":{\"@type\":\"PropertyValueSpecification\",\"valueRequired\":true,\"valueName\":\"search_term_string\"}}],\"inLanguage\":\"en-US\"},{\"@type\":\"Organization\",\"@id\":\"https:\\\/\\\/salincakcim.com\\\/#organization\",\"name\":\"Sal\u0131ncakc\u0131m - Bah\u00e7e Mobilyalar\u0131 - Sal\u0131ncaklar - Rattan Masa Sandalye\",\"alternateName\":\"Sal\u0131ncakc\u0131m Rattan Sal\u0131ncak Modelleri\",\"url\":\"https:\\\/\\\/salincakcim.com\\\/\",\"logo\":{\"@type\":\"ImageObject\",\"inLanguage\":\"en-US\",\"@id\":\"https:\\\/\\\/salincakcim.com\\\/#\\\/schema\\\/logo\\\/image\\\/\",\"url\":\"https:\\\/\\\/salincakcim.com\\\/wp-content\\\/uploads\\\/2023\\\/01\\\/logov2.jpg\",\"contentUrl\":\"https:\\\/\\\/salincakcim.com\\\/wp-content\\\/uploads\\\/2023\\\/01\\\/logov2.jpg\",\"width\":300,\"height\":50,\"caption\":\"Sal\u0131ncakc\u0131m - Bah\u00e7e Mobilyalar\u0131 - Sal\u0131ncaklar - Rattan Masa Sandalye\"},\"image\":{\"@id\":\"https:\\\/\\\/salincakcim.com\\\/#\\\/schema\\\/logo\\\/image\\\/\"},\"sameAs\":[\"https:\\\/\\\/www.facebook.com\\\/zebgarden\",\"https:\\\/\\\/www.instagram.com\\\/zebgarden\"]}]}<\/script>\n<!-- \/ Yoast SEO plugin. -->","yoast_head_json":{"title":"Bayilik | Sal\u0131ncakc\u0131m - Bah\u00e7e Mobilyalar\u0131 - Sal\u0131ncak","robots":{"index":"index","follow":"follow","max-snippet":"max-snippet:-1","max-image-preview":"max-image-preview:large","max-video-preview":"max-video-preview:-1"},"canonical":"https:\/\/salincakcim.com\/en\/bayilik\/","og_locale":"en_US","og_type":"article","og_title":"Bayilik | Sal\u0131ncakc\u0131m - Bah\u00e7e Mobilyalar\u0131 - Sal\u0131ncak","og_url":"https:\/\/salincakcim.com\/en\/bayilik\/","og_site_name":"Sal\u0131ncakc\u0131m - Bah\u00e7e Mobilyalar\u0131 - Sal\u0131ncak","article_publisher":"https:\/\/www.facebook.com\/zebgarden","article_modified_time":"2023-01-17T16:52:25+00:00","og_image":[{"width":512,"height":512,"url":"https:\/\/salincakcim.com\/wp-content\/uploads\/2023\/01\/eeffac31-6c82-4ea4-b122-d7a032f2b24d.png","type":"image\/png"}],"twitter_card":"summary_large_image","schema":{"@context":"https:\/\/schema.org","@graph":[{"@type":"WebPage","@id":"https:\/\/salincakcim.com\/bayilik\/","url":"https:\/\/salincakcim.com\/bayilik\/","name":"Bayilik | Sal\u0131ncakc\u0131m - Bah\u00e7e Mobilyalar\u0131 - Sal\u0131ncak","isPartOf":{"@id":"https:\/\/salincakcim.com\/#website"},"datePublished":"2023-01-17T16:45:32+00:00","dateModified":"2023-01-17T16:52:25+00:00","breadcrumb":{"@id":"https:\/\/salincakcim.com\/bayilik\/#breadcrumb"},"inLanguage":"en-US","potentialAction":[{"@type":"ReadAction","target":["https:\/\/salincakcim.com\/bayilik\/"]}]},{"@type":"BreadcrumbList","@id":"https:\/\/salincakcim.com\/bayilik\/#breadcrumb","itemListElement":[{"@type":"ListItem","position":1,"name":"Anasayfa","item":"https:\/\/salincakcim.com\/"},{"@type":"ListItem","position":2,"name":"Bayilik"}]},{"@type":"WebSite","@id":"https:\/\/salincakcim.com\/#website","url":"https:\/\/salincakcim.com\/","name":"Bah\u00e7e Mobilyalar\u0131 - Bah\u00e7e Sal\u0131ncaklar\u0131 - Toptan ve Perakende Sat\u0131\u015f Platformu","description":"T\u00fcrkiye&#039;nin En B\u00fcy\u00fck Bah\u00e7e Mobilyalar\u0131 \u00dcreticisi","publisher":{"@id":"https:\/\/salincakcim.com\/#organization"},"potentialAction":[{"@type":"SearchAction","target":{"@type":"EntryPoint","urlTemplate":"https:\/\/salincakcim.com\/?s={search_term_string}"},"query-input":{"@type":"PropertyValueSpecification","valueRequired":true,"valueName":"search_term_string"}}],"inLanguage":"en-US"},{"@type":"Organization","@id":"https:\/\/salincakcim.com\/#organization","name":"Sal\u0131ncakc\u0131m - Bah\u00e7e Mobilyalar\u0131 - Sal\u0131ncaklar - Rattan Masa Sandalye","alternateName":"Sal\u0131ncakc\u0131m Rattan Sal\u0131ncak Modelleri","url":"https:\/\/salincakcim.com\/","logo":{"@type":"ImageObject","inLanguage":"en-US","@id":"https:\/\/salincakcim.com\/#\/schema\/logo\/image\/","url":"https:\/\/salincakcim.com\/wp-content\/uploads\/2023\/01\/logov2.jpg","contentUrl":"https:\/\/salincakcim.com\/wp-content\/uploads\/2023\/01\/logov2.jpg","width":300,"height":50,"caption":"Sal\u0131ncakc\u0131m - Bah\u00e7e Mobilyalar\u0131 - Sal\u0131ncaklar - Rattan Masa Sandalye"},"image":{"@id":"https:\/\/salincakcim.com\/#\/schema\/logo\/image\/"},"sameAs":["https:\/\/www.facebook.com\/zebgarden","https:\/\/www.instagram.com\/zebgarden"]}]}},"_links":{"self":[{"href":"https:\/\/salincakcim.com\/en\/wp-json\/wp\/v2\/pages\/5980","targetHints":{"allow":["GET"]}}],"collection":[{"href":"https:\/\/salincakcim.com\/en\/wp-json\/wp\/v2\/pages"}],"about":[{"href":"https:\/\/salincakcim.com\/en\/wp-json\/wp\/v2\/types\/page"}],"author":[{"embeddable":true,"href":"https:\/\/salincakcim.com\/en\/wp-json\/wp\/v2\/users\/1"}],"replies":[{"embeddable":true,"href":"https:\/\/salincakcim.com\/en\/wp-json\/wp\/v2\/comments?post=5980"}],"version-history":[{"count":3,"href":"https:\/\/salincakcim.com\/en\/wp-json\/wp\/v2\/pages\/5980\/revisions"}],"predecessor-version":[{"id":5987,"href":"https:\/\/salincakcim.com\/en\/wp-json\/wp\/v2\/pages\/5980\/revisions\/5987"}],"wp:attachment":[{"href":"https:\/\/salincakcim.com\/en\/wp-json\/wp\/v2\/media?parent=5980"}],"curies":[{"name":"wp","href":"https:\/\/api.w.org\/{rel}","templated":true}]}}