{"id":5564,"date":"2023-01-08T00:47:33","date_gmt":"2023-01-07T21:47:33","guid":{"rendered":"https:\/\/salincakcim.com\/?page_id=5564"},"modified":"2023-01-08T01:06:19","modified_gmt":"2023-01-07T22:06:19","slug":"kalite-politikasi","status":"publish","type":"page","link":"https:\/\/salincakcim.com\/en\/kalite-politikasi\/","title":{"rendered":"Quality policy"},"content":{"rendered":"<section class=\"wpb-content-wrapper\"><div class=\"vc_row wpb_row vc_row-fluid vc_custom_1673128305618\"><div class=\"wpb_column vc_column_container vc_col-sm-12\"><div class=\"vc_column-inner\"><div class=\"wpb_wrapper\"><h2 style=\"text-align: center;font-family:Open Sans;font-weight:600;font-style:normal\" class=\"vc_custom_heading\" >Kalite Politikas\u0131<\/h2>\n\t<div class=\"wpb_text_column wpb_content_element \" >\n\t\t<div class=\"wpb_wrapper\">\n\t\t\t<p>Kalite politikam\u0131z, bah\u00e7e mobilyalar\u0131m\u0131z\u0131n ve sal\u0131ncak gruplar\u0131m\u0131z\u0131n \u00fcretilmesi s\u0131ras\u0131nda kaliteyi her a\u015famada g\u00f6zeterek, \u00fcr\u00fcnlerimizi en y\u00fcksek standartlar\u0131n\u0131 kar\u015f\u0131lamak ve m\u00fc\u015fterilerimizin beklentilerini kar\u015f\u0131lamak i\u00e7in titizlikle \u00e7al\u0131\u015fmakt\u0131r. Bu s\u00fcre\u00e7te kalite kontrolleri \u00fcretimin her a\u015famas\u0131nda yap\u0131lmakta ve tedarik\u00e7ilerimizin \u00fcr\u00fcnleri kalite standartlar\u0131m\u0131za tam olarak uygun olacak \u015fekilde kontrol edilmektektir.<\/p>\n<p>Do\u011faya zarar vermeyen \u00e7evre dostu \u00fcr\u00fcnlerimizin dayan\u0131kl\u0131l\u0131\u011f\u0131 ve sa\u011flaml\u0131\u011f\u0131 sizlerin olumlu d\u00f6n\u00fc\u015flerinizi sa\u011fl\u0131yor.<\/p>\n<p>Rahat, konforlu ve ergonomik bir tasar\u0131m ve el i\u015f\u00e7ili\u011fi ile \u00fcretimlerini ger\u00e7ekle\u015ftirdi\u011fimiz \u00fcr\u00fcnlerimizi m\u00fc\u015fteri memnuniyeti esas\u0131na g\u00f6re s\u00fcrekli geli\u015ftirmekteyiz. M\u00fc\u015fterilerimizin ihtiya\u00e7lar\u0131na ve memnuniyetine \u00f6nem vermekteyiz.<\/p>\n<p>\u00dcr\u00fcnlerimizi m\u00fc\u015fterilerimize kusursuz olarak ula\u015ft\u0131rmak i\u00e7in, g\u00fcvenli ve kaliteli ambalajlama, nakliye ve depolama s\u00fcre\u00e7lerini de kontrol etmekte, nakliye kaynakl\u0131 sorunlara an\u0131nda \u00e7\u00f6z\u00fcmler \u00fcretmekteyiz.<\/p>\n<p>\u00dcr\u00fcnlerimizde kaliteyi g\u00f6zetmek i\u00e7in her zaman en iyi malzemeleri ve \u00fcretim y\u00f6ntemlerini kullanmaktay\u0131z. Bu nedenle, \u00fcretim s\u00fcrecinde her a\u015famada kalite kontrolleri yap\u0131l\u0131yor ve \u00fcr\u00fcnlerimizin kalitesinin en y\u00fcksek d\u00fczeyde tutulmas\u0131na \u00e7al\u0131\u015f\u0131l\u0131yor.<\/p>\n<p>\u00dcretim s\u00fcrecini g\u00f6zetmek ve \u00fcr\u00fcn kalitesini s\u00fcrekli olarak izlemek i\u00e7in, \u00fcretim m\u00fchendislerimiz ve kalite kontrol ekibimiz s\u00fcrekli olarak \u00e7al\u0131\u015fmalar\u0131n\u0131 s\u00fcrd\u00fcr\u00fcyor.<\/p>\n<p>Bah\u00e7e mobilyas\u0131 ve Sal\u0131ncak \u00fcr\u00fcnlerimizi sat\u0131n alan m\u00fc\u015fterilerimizin memnuniyetini sa\u011flamak i\u00e7in, ayn\u0131 zamanda gerekli m\u00fc\u015fteri deste\u011fini ve hizmetlerini de sa\u011fl\u0131yoruz.<\/p>\n<p>B\u00fct\u00fcn Bah\u00e7e mobilyalar\u0131m\u0131z Avrupa Standartlar\u0131na uygun CE belgeli \u00fcr\u00fcnlerden \u00fcretilmektedir. Al\u00fcminyum kal\u0131nl\u0131\u011f\u0131, kuma\u015f kalitesi, Rattan \u00f6rg\u00fc modellerimizin e\u015fsiz el i\u015f\u00e7ili\u011fi bizi tercih etmenizin en belirgin sebepleridir.<\/p>\n\n\t\t<\/div>\n\t<\/div>\n<\/div><\/div><\/div><\/div><div class=\"vc_row wpb_row vc_row-fluid\"><div class=\"wpb_column vc_column_container vc_col-sm-1\/5\"><div class=\"vc_column-inner\"><div class=\"wpb_wrapper\">\n\t<div  class=\"wpb_single_image wpb_content_element vc_align_center\">\n\t\t\n\t\t<figure class=\"wpb_wrapper vc_figure\">\n\t\t\t<a class=\"\" data-lightbox=\"lightbox[rel-5564-1535183119]\" href=\"https:\/\/salincakcim.com\/wp-content\/uploads\/2023\/01\/TESTUV_CERTIFICATE.jpg\" target=\"_self\" class=\"vc_single_image-wrapper   vc_box_border_grey\"><img fetchpriority=\"high\" decoding=\"async\" width=\"700\" height=\"1000\" src=\"https:\/\/salincakcim.com\/wp-content\/uploads\/2023\/01\/TESTUV_CERTIFICATE.jpg\" class=\"vc_single_image-img attachment-full\" alt=\"\" title=\"TESTUV_CERT\u0130F\u0130CATE\" srcset=\"https:\/\/salincakcim.com\/wp-content\/uploads\/2023\/01\/TESTUV_CERTIFICATE.jpg 700w, https:\/\/salincakcim.com\/wp-content\/uploads\/2023\/01\/TESTUV_CERTIFICATE-300x429.jpg 300w, https:\/\/salincakcim.com\/wp-content\/uploads\/2023\/01\/TESTUV_CERTIFICATE-600x857.jpg 600w, https:\/\/salincakcim.com\/wp-content\/uploads\/2023\/01\/TESTUV_CERTIFICATE-210x300.jpg 210w\" sizes=\"(max-width: 700px) 100vw, 700px\" \/><\/a>\n\t\t<\/figure>\n\t<\/div>\n<\/div><\/div><\/div><div class=\"wpb_column vc_column_container vc_col-sm-1\/5\"><div class=\"vc_column-inner\"><div class=\"wpb_wrapper\">\n\t<div  class=\"wpb_single_image wpb_content_element vc_align_center\">\n\t\t\n\t\t<figure class=\"wpb_wrapper vc_figure\">\n\t\t\t<a class=\"\" data-lightbox=\"lightbox[rel-5564-1020980584]\" href=\"https:\/\/salincakcim.com\/wp-content\/uploads\/2023\/01\/certificate_ISO_9001.2015.jpg\" target=\"_self\" class=\"vc_single_image-wrapper   vc_box_border_grey\"><img decoding=\"async\" width=\"700\" height=\"1000\" src=\"https:\/\/salincakcim.com\/wp-content\/uploads\/2023\/01\/certificate_ISO_9001.2015.jpg\" class=\"vc_single_image-img attachment-full\" alt=\"\" title=\"certificate_ISO_9001.2015\" srcset=\"https:\/\/salincakcim.com\/wp-content\/uploads\/2023\/01\/certificate_ISO_9001.2015.jpg 700w, https:\/\/salincakcim.com\/wp-content\/uploads\/2023\/01\/certificate_ISO_9001.2015-300x429.jpg 300w, https:\/\/salincakcim.com\/wp-content\/uploads\/2023\/01\/certificate_ISO_9001.2015-600x857.jpg 600w, https:\/\/salincakcim.com\/wp-content\/uploads\/2023\/01\/certificate_ISO_9001.2015-210x300.jpg 210w\" sizes=\"(max-width: 700px) 100vw, 700px\" \/><\/a>\n\t\t<\/figure>\n\t<\/div>\n<\/div><\/div><\/div><div class=\"wpb_column vc_column_container vc_col-sm-1\/5\"><div class=\"vc_column-inner\"><div class=\"wpb_wrapper\">\n\t<div  class=\"wpb_single_image wpb_content_element vc_align_center\">\n\t\t\n\t\t<figure class=\"wpb_wrapper vc_figure\">\n\t\t\t<a class=\"\" data-lightbox=\"lightbox[rel-5564-1497913260]\" href=\"https:\/\/salincakcim.com\/wp-content\/uploads\/2023\/01\/CERTIFICATE_ISO_10002.2018.jpg\" target=\"_self\" class=\"vc_single_image-wrapper   vc_box_border_grey\"><img decoding=\"async\" width=\"700\" height=\"1000\" src=\"https:\/\/salincakcim.com\/wp-content\/uploads\/2023\/01\/CERTIFICATE_ISO_10002.2018.jpg\" class=\"vc_single_image-img attachment-full\" alt=\"\" title=\"CERTIFICATE_ISO_10002.2018\" srcset=\"https:\/\/salincakcim.com\/wp-content\/uploads\/2023\/01\/CERTIFICATE_ISO_10002.2018.jpg 700w, https:\/\/salincakcim.com\/wp-content\/uploads\/2023\/01\/CERTIFICATE_ISO_10002.2018-300x429.jpg 300w, https:\/\/salincakcim.com\/wp-content\/uploads\/2023\/01\/CERTIFICATE_ISO_10002.2018-600x857.jpg 600w, https:\/\/salincakcim.com\/wp-content\/uploads\/2023\/01\/CERTIFICATE_ISO_10002.2018-210x300.jpg 210w\" sizes=\"(max-width: 700px) 100vw, 700px\" \/><\/a>\n\t\t<\/figure>\n\t<\/div>\n<\/div><\/div><\/div><div class=\"wpb_column vc_column_container vc_col-sm-1\/5\"><div class=\"vc_column-inner\"><div class=\"wpb_wrapper\">\n\t<div  class=\"wpb_single_image wpb_content_element vc_align_center\">\n\t\t\n\t\t<figure class=\"wpb_wrapper vc_figure\">\n\t\t\t<a class=\"\" data-lightbox=\"lightbox[rel-5564-2969430905]\" href=\"https:\/\/salincakcim.com\/wp-content\/uploads\/2023\/01\/CERTIFICATE_ISO_14001.2018.jpg\" target=\"_self\" class=\"vc_single_image-wrapper   vc_box_border_grey\"><img loading=\"lazy\" decoding=\"async\" width=\"700\" height=\"1000\" src=\"https:\/\/salincakcim.com\/wp-content\/uploads\/2023\/01\/CERTIFICATE_ISO_14001.2018.jpg\" class=\"vc_single_image-img attachment-full\" alt=\"\" title=\"CERTIFICATE_ISO_14001.2018\" srcset=\"https:\/\/salincakcim.com\/wp-content\/uploads\/2023\/01\/CERTIFICATE_ISO_14001.2018.jpg 700w, https:\/\/salincakcim.com\/wp-content\/uploads\/2023\/01\/CERTIFICATE_ISO_14001.2018-300x429.jpg 300w, https:\/\/salincakcim.com\/wp-content\/uploads\/2023\/01\/CERTIFICATE_ISO_14001.2018-600x857.jpg 600w, https:\/\/salincakcim.com\/wp-content\/uploads\/2023\/01\/CERTIFICATE_ISO_14001.2018-210x300.jpg 210w\" sizes=\"(max-width: 700px) 100vw, 700px\" \/><\/a>\n\t\t<\/figure>\n\t<\/div>\n<\/div><\/div><\/div><div class=\"wpb_column vc_column_container vc_col-sm-1\/5\"><div class=\"vc_column-inner\"><div class=\"wpb_wrapper\">\n\t<div  class=\"wpb_single_image wpb_content_element vc_align_center\">\n\t\t\n\t\t<figure class=\"wpb_wrapper vc_figure\">\n\t\t\t<a class=\"\" data-lightbox=\"lightbox[rel-5564-640282139]\" href=\"https:\/\/salincakcim.com\/wp-content\/uploads\/2023\/01\/CERTIFICATE_ISO_14001_2015.jpg\" target=\"_self\" class=\"vc_single_image-wrapper   vc_box_border_grey\"><img loading=\"lazy\" decoding=\"async\" width=\"700\" height=\"1000\" src=\"https:\/\/salincakcim.com\/wp-content\/uploads\/2023\/01\/CERTIFICATE_ISO_14001_2015.jpg\" class=\"vc_single_image-img attachment-full\" alt=\"\" title=\"CERTIFICATE_ISO_14001_2015\" srcset=\"https:\/\/salincakcim.com\/wp-content\/uploads\/2023\/01\/CERTIFICATE_ISO_14001_2015.jpg 700w, https:\/\/salincakcim.com\/wp-content\/uploads\/2023\/01\/CERTIFICATE_ISO_14001_2015-300x429.jpg 300w, https:\/\/salincakcim.com\/wp-content\/uploads\/2023\/01\/CERTIFICATE_ISO_14001_2015-600x857.jpg 600w, https:\/\/salincakcim.com\/wp-content\/uploads\/2023\/01\/CERTIFICATE_ISO_14001_2015-210x300.jpg 210w\" sizes=\"(max-width: 700px) 100vw, 700px\" \/><\/a>\n\t\t<\/figure>\n\t<\/div>\n<\/div><\/div><\/div><\/div>\n<\/section>","protected":false},"excerpt":{"rendered":"Kalite Politikas\u0131 Kalite politikam\u0131z, bah\u00e7e mobilyalar\u0131m\u0131z\u0131n ve sal\u0131ncak gruplar\u0131m\u0131z\u0131n \u00fcretilmesi s\u0131ras\u0131nda kaliteyi her a\u015famada g\u00f6zeterek, \u00fcr\u00fcnlerimizi en y\u00fcksek standartlar\u0131n\u0131 kar\u015f\u0131lamak ve m\u00fc\u015fterilerimizin beklentilerini kar\u015f\u0131lamak i\u00e7in titizlikle \u00e7al\u0131\u015fmakt\u0131r. Bu s\u00fcre\u00e7te kalite","protected":false},"author":1,"featured_media":0,"parent":0,"menu_order":0,"comment_status":"closed","ping_status":"closed","template":"","meta":{"_acf_changed":false,"footnotes":""},"class_list":["post-5564","page","type-page","status-publish","hentry"],"acf":[],"yoast_head":"<!-- This site is optimized with the Yoast SEO plugin v27.5 - https:\/\/yoast.com\/product\/yoast-seo-wordpress\/ -->\n<title>Kalite Politikas\u0131 | Sal\u0131ncakc\u0131m - Bah\u00e7e Mobilyalar\u0131 - Sal\u0131ncak<\/title>\n<meta name=\"robots\" content=\"index, follow, max-snippet:-1, max-image-preview:large, max-video-preview:-1\" \/>\n<link rel=\"canonical\" href=\"https:\/\/salincakcim.com\/en\/kalite-politikasi\/\" \/>\n<meta property=\"og:locale\" content=\"en_US\" \/>\n<meta property=\"og:type\" content=\"article\" \/>\n<meta property=\"og:title\" content=\"Kalite Politikas\u0131 | Sal\u0131ncakc\u0131m - Bah\u00e7e Mobilyalar\u0131 - Sal\u0131ncak\" \/>\n<meta property=\"og:url\" content=\"https:\/\/salincakcim.com\/en\/kalite-politikasi\/\" \/>\n<meta property=\"og:site_name\" content=\"Sal\u0131ncakc\u0131m - Bah\u00e7e Mobilyalar\u0131 - Sal\u0131ncak\" \/>\n<meta property=\"article:publisher\" content=\"https:\/\/www.facebook.com\/zebgarden\" \/>\n<meta property=\"article:modified_time\" content=\"2023-01-07T22:06:19+00:00\" \/>\n<meta property=\"og:image\" content=\"https:\/\/salincakcim.com\/wp-content\/uploads\/2023\/01\/eeffac31-6c82-4ea4-b122-d7a032f2b24d.png\" \/>\n\t<meta property=\"og:image:width\" content=\"512\" \/>\n\t<meta property=\"og:image:height\" content=\"512\" \/>\n\t<meta property=\"og:image:type\" content=\"image\/png\" \/>\n<meta name=\"twitter:card\" content=\"summary_large_image\" \/>\n<meta name=\"twitter:label1\" content=\"Est. reading time\" \/>\n\t<meta name=\"twitter:data1\" content=\"2 minutes\" \/>\n<script type=\"application\/ld+json\" class=\"yoast-schema-graph\">{\"@context\":\"https:\\\/\\\/schema.org\",\"@graph\":[{\"@type\":\"WebPage\",\"@id\":\"https:\\\/\\\/salincakcim.com\\\/kalite-politikasi\\\/\",\"url\":\"https:\\\/\\\/salincakcim.com\\\/kalite-politikasi\\\/\",\"name\":\"Kalite Politikas\u0131 | Sal\u0131ncakc\u0131m - Bah\u00e7e Mobilyalar\u0131 - Sal\u0131ncak\",\"isPartOf\":{\"@id\":\"https:\\\/\\\/salincakcim.com\\\/#website\"},\"datePublished\":\"2023-01-07T21:47:33+00:00\",\"dateModified\":\"2023-01-07T22:06:19+00:00\",\"breadcrumb\":{\"@id\":\"https:\\\/\\\/salincakcim.com\\\/kalite-politikasi\\\/#breadcrumb\"},\"inLanguage\":\"en-US\",\"potentialAction\":[{\"@type\":\"ReadAction\",\"target\":[\"https:\\\/\\\/salincakcim.com\\\/kalite-politikasi\\\/\"]}]},{\"@type\":\"BreadcrumbList\",\"@id\":\"https:\\\/\\\/salincakcim.com\\\/kalite-politikasi\\\/#breadcrumb\",\"itemListElement\":[{\"@type\":\"ListItem\",\"position\":1,\"name\":\"Anasayfa\",\"item\":\"https:\\\/\\\/salincakcim.com\\\/\"},{\"@type\":\"ListItem\",\"position\":2,\"name\":\"Kalite Politikas\u0131\"}]},{\"@type\":\"WebSite\",\"@id\":\"https:\\\/\\\/salincakcim.com\\\/#website\",\"url\":\"https:\\\/\\\/salincakcim.com\\\/\",\"name\":\"Bah\u00e7e Mobilyalar\u0131 - Bah\u00e7e Sal\u0131ncaklar\u0131 - Toptan ve Perakende Sat\u0131\u015f Platformu\",\"description\":\"T\u00fcrkiye&#039;nin En B\u00fcy\u00fck Bah\u00e7e Mobilyalar\u0131 \u00dcreticisi\",\"publisher\":{\"@id\":\"https:\\\/\\\/salincakcim.com\\\/#organization\"},\"potentialAction\":[{\"@type\":\"SearchAction\",\"target\":{\"@type\":\"EntryPoint\",\"urlTemplate\":\"https:\\\/\\\/salincakcim.com\\\/?s={search_term_string}\"},\"query-input\":{\"@type\":\"PropertyValueSpecification\",\"valueRequired\":true,\"valueName\":\"search_term_string\"}}],\"inLanguage\":\"en-US\"},{\"@type\":\"Organization\",\"@id\":\"https:\\\/\\\/salincakcim.com\\\/#organization\",\"name\":\"Sal\u0131ncakc\u0131m - Bah\u00e7e Mobilyalar\u0131 - Sal\u0131ncaklar - Rattan Masa Sandalye\",\"alternateName\":\"Sal\u0131ncakc\u0131m Rattan Sal\u0131ncak Modelleri\",\"url\":\"https:\\\/\\\/salincakcim.com\\\/\",\"logo\":{\"@type\":\"ImageObject\",\"inLanguage\":\"en-US\",\"@id\":\"https:\\\/\\\/salincakcim.com\\\/#\\\/schema\\\/logo\\\/image\\\/\",\"url\":\"https:\\\/\\\/salincakcim.com\\\/wp-content\\\/uploads\\\/2023\\\/01\\\/logov2.jpg\",\"contentUrl\":\"https:\\\/\\\/salincakcim.com\\\/wp-content\\\/uploads\\\/2023\\\/01\\\/logov2.jpg\",\"width\":300,\"height\":50,\"caption\":\"Sal\u0131ncakc\u0131m - Bah\u00e7e Mobilyalar\u0131 - Sal\u0131ncaklar - Rattan Masa Sandalye\"},\"image\":{\"@id\":\"https:\\\/\\\/salincakcim.com\\\/#\\\/schema\\\/logo\\\/image\\\/\"},\"sameAs\":[\"https:\\\/\\\/www.facebook.com\\\/zebgarden\",\"https:\\\/\\\/www.instagram.com\\\/zebgarden\"]}]}<\/script>\n<!-- \/ Yoast SEO plugin. -->","yoast_head_json":{"title":"Kalite Politikas\u0131 | Sal\u0131ncakc\u0131m - Bah\u00e7e Mobilyalar\u0131 - Sal\u0131ncak","robots":{"index":"index","follow":"follow","max-snippet":"max-snippet:-1","max-image-preview":"max-image-preview:large","max-video-preview":"max-video-preview:-1"},"canonical":"https:\/\/salincakcim.com\/en\/kalite-politikasi\/","og_locale":"en_US","og_type":"article","og_title":"Kalite Politikas\u0131 | Sal\u0131ncakc\u0131m - Bah\u00e7e Mobilyalar\u0131 - Sal\u0131ncak","og_url":"https:\/\/salincakcim.com\/en\/kalite-politikasi\/","og_site_name":"Sal\u0131ncakc\u0131m - Bah\u00e7e Mobilyalar\u0131 - Sal\u0131ncak","article_publisher":"https:\/\/www.facebook.com\/zebgarden","article_modified_time":"2023-01-07T22:06:19+00:00","og_image":[{"width":512,"height":512,"url":"https:\/\/salincakcim.com\/wp-content\/uploads\/2023\/01\/eeffac31-6c82-4ea4-b122-d7a032f2b24d.png","type":"image\/png"}],"twitter_card":"summary_large_image","twitter_misc":{"Est. reading time":"2 minutes"},"schema":{"@context":"https:\/\/schema.org","@graph":[{"@type":"WebPage","@id":"https:\/\/salincakcim.com\/kalite-politikasi\/","url":"https:\/\/salincakcim.com\/kalite-politikasi\/","name":"Kalite Politikas\u0131 | Sal\u0131ncakc\u0131m - Bah\u00e7e Mobilyalar\u0131 - Sal\u0131ncak","isPartOf":{"@id":"https:\/\/salincakcim.com\/#website"},"datePublished":"2023-01-07T21:47:33+00:00","dateModified":"2023-01-07T22:06:19+00:00","breadcrumb":{"@id":"https:\/\/salincakcim.com\/kalite-politikasi\/#breadcrumb"},"inLanguage":"en-US","potentialAction":[{"@type":"ReadAction","target":["https:\/\/salincakcim.com\/kalite-politikasi\/"]}]},{"@type":"BreadcrumbList","@id":"https:\/\/salincakcim.com\/kalite-politikasi\/#breadcrumb","itemListElement":[{"@type":"ListItem","position":1,"name":"Anasayfa","item":"https:\/\/salincakcim.com\/"},{"@type":"ListItem","position":2,"name":"Kalite Politikas\u0131"}]},{"@type":"WebSite","@id":"https:\/\/salincakcim.com\/#website","url":"https:\/\/salincakcim.com\/","name":"Bah\u00e7e Mobilyalar\u0131 - Bah\u00e7e Sal\u0131ncaklar\u0131 - Toptan ve Perakende Sat\u0131\u015f Platformu","description":"T\u00fcrkiye&#039;nin En B\u00fcy\u00fck Bah\u00e7e Mobilyalar\u0131 \u00dcreticisi","publisher":{"@id":"https:\/\/salincakcim.com\/#organization"},"potentialAction":[{"@type":"SearchAction","target":{"@type":"EntryPoint","urlTemplate":"https:\/\/salincakcim.com\/?s={search_term_string}"},"query-input":{"@type":"PropertyValueSpecification","valueRequired":true,"valueName":"search_term_string"}}],"inLanguage":"en-US"},{"@type":"Organization","@id":"https:\/\/salincakcim.com\/#organization","name":"Sal\u0131ncakc\u0131m - Bah\u00e7e Mobilyalar\u0131 - Sal\u0131ncaklar - Rattan Masa Sandalye","alternateName":"Sal\u0131ncakc\u0131m Rattan Sal\u0131ncak Modelleri","url":"https:\/\/salincakcim.com\/","logo":{"@type":"ImageObject","inLanguage":"en-US","@id":"https:\/\/salincakcim.com\/#\/schema\/logo\/image\/","url":"https:\/\/salincakcim.com\/wp-content\/uploads\/2023\/01\/logov2.jpg","contentUrl":"https:\/\/salincakcim.com\/wp-content\/uploads\/2023\/01\/logov2.jpg","width":300,"height":50,"caption":"Sal\u0131ncakc\u0131m - Bah\u00e7e Mobilyalar\u0131 - Sal\u0131ncaklar - Rattan Masa Sandalye"},"image":{"@id":"https:\/\/salincakcim.com\/#\/schema\/logo\/image\/"},"sameAs":["https:\/\/www.facebook.com\/zebgarden","https:\/\/www.instagram.com\/zebgarden"]}]}},"_links":{"self":[{"href":"https:\/\/salincakcim.com\/en\/wp-json\/wp\/v2\/pages\/5564","targetHints":{"allow":["GET"]}}],"collection":[{"href":"https:\/\/salincakcim.com\/en\/wp-json\/wp\/v2\/pages"}],"about":[{"href":"https:\/\/salincakcim.com\/en\/wp-json\/wp\/v2\/types\/page"}],"author":[{"embeddable":true,"href":"https:\/\/salincakcim.com\/en\/wp-json\/wp\/v2\/users\/1"}],"replies":[{"embeddable":true,"href":"https:\/\/salincakcim.com\/en\/wp-json\/wp\/v2\/comments?post=5564"}],"version-history":[{"count":6,"href":"https:\/\/salincakcim.com\/en\/wp-json\/wp\/v2\/pages\/5564\/revisions"}],"predecessor-version":[{"id":5588,"href":"https:\/\/salincakcim.com\/en\/wp-json\/wp\/v2\/pages\/5564\/revisions\/5588"}],"wp:attachment":[{"href":"https:\/\/salincakcim.com\/en\/wp-json\/wp\/v2\/media?parent=5564"}],"curies":[{"name":"wp","href":"https:\/\/api.w.org\/{rel}","templated":true}]}}