{"id":5520,"date":"2023-01-03T22:23:55","date_gmt":"2023-01-03T19:23:55","guid":{"rendered":"https:\/\/salincakcim.com\/?page_id=5520"},"modified":"2023-01-03T22:39:47","modified_gmt":"2023-01-03T19:39:47","slug":"odeme-ve-teslimat","status":"publish","type":"page","link":"https:\/\/salincakcim.com\/en\/odeme-ve-teslimat\/","title":{"rendered":"Payment and Delivery"},"content":{"rendered":"<section class=\"wpb-content-wrapper\"><div class=\"vc_row wpb_row vc_row-fluid\"><div class=\"wpb_column vc_column_container vc_col-sm-12\"><div class=\"vc_column-inner\"><div class=\"wpb_wrapper\">\n\t<div class=\"wpb_text_column wpb_content_element\" >\n\t\t<div class=\"wpb_wrapper\">\n\t\t\t<ol>\n<li>\u00dcretim program\u0131n\u0131n yo\u011funlu\u011fu sebebiyle modellere g\u00f6re de\u011fi\u015fiklik olmakla birlikte teslim s\u00fcresi 3 ile 10 g\u00fcn aras\u0131nda de\u011fi\u015fmektedir. (G\u00fcncelleme:21.09.2019)<\/li>\n<li>Pazar g\u00fcn\u00fc ve resmi tatil g\u00fcnleri verilen sipari\u015fler tatil bitimi i\u015fleme al\u0131n\u0131r.<\/li>\n<li>Sipari\u015flerinizi daha sa\u011fl\u0131kl\u0131 g\u00f6nderebilmemiz i\u00e7in a\u00e7\u0131k adres ve bir telefon belirtilmesi gereklidir.<\/li>\n<li>Teslimat sadece kimlik ibraz\u0131 kar\u015f\u0131l\u0131\u011f\u0131nda yap\u0131l\u0131r. M\u00fc\u015fterimiz verdi\u011fi adreste bulunamazsa b\u00f6lgesinde ki KARGO \u015firketinden kimli\u011fiyle teslim alabilir.<\/li>\n<li>Tipografik hatalar ve fiyat hatalar\u0131ndan firma sorumlu tutulamaz.<\/li>\n<li>Sto\u011fumuzda kalmam\u0131\u015f veya iste\u011fe g\u00f6re getirilen \u00fcr\u00fcnlerde teslimat s\u00fcresi size bildirilecektir. Sipari\u015f verilen zamanla teslim s\u00fcresi 30 i\u015f g\u00fcn\u00fc a\u015famaz.<\/li>\n<li>Sat\u0131n almadan sonraki fiyat de\u011fi\u015fikliklerinden al\u0131c\u0131 hi\u00e7bir \u015fekilde etkilenmez.<\/li>\n<li>\u00d6demeler TL \u00fczerinden yap\u0131l\u0131r. \u00d6deme sadece Kredi Kart\u0131, Banka Transfer ve Kap\u0131da \u00d6deme sistemiyle yap\u0131l\u0131r.<\/li>\n<li>zebgarden.com sitede g\u00f6r\u00fclen \u00fcr\u00fcn g\u00f6rsellerini ve fiyatlar\u0131n\u0131 herhangi bir duyuru yapmaks\u0131z\u0131n de\u011fi\u015ftirme hakk\u0131n\u0131 sakl\u0131 tutar.<\/li>\n<li>Banka havale ve EFT \u00fccreti al\u0131c\u0131ya aittir. (2 G\u00fcn i\u00e7erisinde \u00f6demesi yap\u0131lmayan i\u015flemler iptal edilir.)<\/li>\n<li>Kargo ve ta\u015f\u0131ma \u00fccreti\u00a0sat\u0131c\u0131ya\u00a0aittir.<\/li>\n<li>Firmam\u0131z yurtd\u0131\u015f\u0131 teslimat\u0131 yapmaKtad\u0131r.(+ Kargo bedeli)<\/li>\n<\/ol>\n\n\t\t<\/div>\n\t<\/div>\n<\/div><\/div><\/div><\/div>\n<\/section>","protected":false},"excerpt":{"rendered":"\u00dcretim program\u0131n\u0131n yo\u011funlu\u011fu sebebiyle modellere g\u00f6re de\u011fi\u015fiklik olmakla birlikte teslim s\u00fcresi 3 ile 10 g\u00fcn aras\u0131nda de\u011fi\u015fmektedir. (G\u00fcncelleme:21.09.2019) Pazar g\u00fcn\u00fc ve resmi tatil g\u00fcnleri verilen sipari\u015fler tatil bitimi i\u015fleme al\u0131n\u0131r.","protected":false},"author":1,"featured_media":0,"parent":0,"menu_order":0,"comment_status":"closed","ping_status":"closed","template":"","meta":{"_acf_changed":false,"footnotes":""},"class_list":["post-5520","page","type-page","status-publish","hentry"],"acf":[],"yoast_head":"<!-- This site is optimized with the Yoast SEO plugin v27.4 - https:\/\/yoast.com\/product\/yoast-seo-wordpress\/ -->\n<title>\u00d6deme ve Teslimat | Sal\u0131ncakc\u0131m - Bah\u00e7e Mobilyalar\u0131 - Sal\u0131ncak<\/title>\n<meta name=\"robots\" content=\"index, follow, max-snippet:-1, max-image-preview:large, max-video-preview:-1\" \/>\n<link rel=\"canonical\" href=\"https:\/\/salincakcim.com\/en\/odeme-ve-teslimat\/\" \/>\n<meta property=\"og:locale\" content=\"en_US\" \/>\n<meta property=\"og:type\" content=\"article\" \/>\n<meta property=\"og:title\" content=\"\u00d6deme ve Teslimat | Sal\u0131ncakc\u0131m - Bah\u00e7e Mobilyalar\u0131 - Sal\u0131ncak\" \/>\n<meta property=\"og:url\" content=\"https:\/\/salincakcim.com\/en\/odeme-ve-teslimat\/\" \/>\n<meta property=\"og:site_name\" content=\"Sal\u0131ncakc\u0131m - Bah\u00e7e Mobilyalar\u0131 - Sal\u0131ncak\" \/>\n<meta property=\"article:publisher\" content=\"https:\/\/www.facebook.com\/zebgarden\" \/>\n<meta property=\"article:modified_time\" content=\"2023-01-03T19:39:47+00:00\" \/>\n<meta property=\"og:image\" content=\"https:\/\/salincakcim.com\/wp-content\/uploads\/2023\/01\/eeffac31-6c82-4ea4-b122-d7a032f2b24d.png\" \/>\n\t<meta property=\"og:image:width\" content=\"512\" \/>\n\t<meta property=\"og:image:height\" content=\"512\" \/>\n\t<meta property=\"og:image:type\" content=\"image\/png\" \/>\n<meta name=\"twitter:card\" content=\"summary_large_image\" \/>\n<meta name=\"twitter:label1\" content=\"Est. reading time\" \/>\n\t<meta name=\"twitter:data1\" content=\"1 minute\" \/>\n<script type=\"application\/ld+json\" class=\"yoast-schema-graph\">{\"@context\":\"https:\\\/\\\/schema.org\",\"@graph\":[{\"@type\":\"WebPage\",\"@id\":\"https:\\\/\\\/salincakcim.com\\\/odeme-ve-teslimat\\\/\",\"url\":\"https:\\\/\\\/salincakcim.com\\\/odeme-ve-teslimat\\\/\",\"name\":\"\u00d6deme ve Teslimat | Sal\u0131ncakc\u0131m - Bah\u00e7e Mobilyalar\u0131 - Sal\u0131ncak\",\"isPartOf\":{\"@id\":\"https:\\\/\\\/salincakcim.com\\\/#website\"},\"datePublished\":\"2023-01-03T19:23:55+00:00\",\"dateModified\":\"2023-01-03T19:39:47+00:00\",\"breadcrumb\":{\"@id\":\"https:\\\/\\\/salincakcim.com\\\/odeme-ve-teslimat\\\/#breadcrumb\"},\"inLanguage\":\"en-US\",\"potentialAction\":[{\"@type\":\"ReadAction\",\"target\":[\"https:\\\/\\\/salincakcim.com\\\/odeme-ve-teslimat\\\/\"]}]},{\"@type\":\"BreadcrumbList\",\"@id\":\"https:\\\/\\\/salincakcim.com\\\/odeme-ve-teslimat\\\/#breadcrumb\",\"itemListElement\":[{\"@type\":\"ListItem\",\"position\":1,\"name\":\"Anasayfa\",\"item\":\"https:\\\/\\\/salincakcim.com\\\/\"},{\"@type\":\"ListItem\",\"position\":2,\"name\":\"\u00d6deme ve Teslimat\"}]},{\"@type\":\"WebSite\",\"@id\":\"https:\\\/\\\/salincakcim.com\\\/#website\",\"url\":\"https:\\\/\\\/salincakcim.com\\\/\",\"name\":\"Bah\u00e7e Mobilyalar\u0131 - Bah\u00e7e Sal\u0131ncaklar\u0131 - Toptan ve Perakende Sat\u0131\u015f Platformu\",\"description\":\"T\u00fcrkiye&#039;nin En B\u00fcy\u00fck Bah\u00e7e Mobilyalar\u0131 \u00dcreticisi\",\"publisher\":{\"@id\":\"https:\\\/\\\/salincakcim.com\\\/#organization\"},\"potentialAction\":[{\"@type\":\"SearchAction\",\"target\":{\"@type\":\"EntryPoint\",\"urlTemplate\":\"https:\\\/\\\/salincakcim.com\\\/?s={search_term_string}\"},\"query-input\":{\"@type\":\"PropertyValueSpecification\",\"valueRequired\":true,\"valueName\":\"search_term_string\"}}],\"inLanguage\":\"en-US\"},{\"@type\":\"Organization\",\"@id\":\"https:\\\/\\\/salincakcim.com\\\/#organization\",\"name\":\"Sal\u0131ncakc\u0131m - Bah\u00e7e Mobilyalar\u0131 - Sal\u0131ncaklar - Rattan Masa Sandalye\",\"alternateName\":\"Sal\u0131ncakc\u0131m Rattan Sal\u0131ncak Modelleri\",\"url\":\"https:\\\/\\\/salincakcim.com\\\/\",\"logo\":{\"@type\":\"ImageObject\",\"inLanguage\":\"en-US\",\"@id\":\"https:\\\/\\\/salincakcim.com\\\/#\\\/schema\\\/logo\\\/image\\\/\",\"url\":\"https:\\\/\\\/salincakcim.com\\\/wp-content\\\/uploads\\\/2023\\\/01\\\/logov2.jpg\",\"contentUrl\":\"https:\\\/\\\/salincakcim.com\\\/wp-content\\\/uploads\\\/2023\\\/01\\\/logov2.jpg\",\"width\":300,\"height\":50,\"caption\":\"Sal\u0131ncakc\u0131m - Bah\u00e7e Mobilyalar\u0131 - Sal\u0131ncaklar - Rattan Masa Sandalye\"},\"image\":{\"@id\":\"https:\\\/\\\/salincakcim.com\\\/#\\\/schema\\\/logo\\\/image\\\/\"},\"sameAs\":[\"https:\\\/\\\/www.facebook.com\\\/zebgarden\",\"https:\\\/\\\/www.instagram.com\\\/zebgarden\"]}]}<\/script>\n<!-- \/ Yoast SEO plugin. -->","yoast_head_json":{"title":"\u00d6deme ve Teslimat | Sal\u0131ncakc\u0131m - Bah\u00e7e Mobilyalar\u0131 - Sal\u0131ncak","robots":{"index":"index","follow":"follow","max-snippet":"max-snippet:-1","max-image-preview":"max-image-preview:large","max-video-preview":"max-video-preview:-1"},"canonical":"https:\/\/salincakcim.com\/en\/odeme-ve-teslimat\/","og_locale":"en_US","og_type":"article","og_title":"\u00d6deme ve Teslimat | Sal\u0131ncakc\u0131m - Bah\u00e7e Mobilyalar\u0131 - Sal\u0131ncak","og_url":"https:\/\/salincakcim.com\/en\/odeme-ve-teslimat\/","og_site_name":"Sal\u0131ncakc\u0131m - Bah\u00e7e Mobilyalar\u0131 - Sal\u0131ncak","article_publisher":"https:\/\/www.facebook.com\/zebgarden","article_modified_time":"2023-01-03T19:39:47+00:00","og_image":[{"width":512,"height":512,"url":"https:\/\/salincakcim.com\/wp-content\/uploads\/2023\/01\/eeffac31-6c82-4ea4-b122-d7a032f2b24d.png","type":"image\/png"}],"twitter_card":"summary_large_image","twitter_misc":{"Est. reading time":"1 minute"},"schema":{"@context":"https:\/\/schema.org","@graph":[{"@type":"WebPage","@id":"https:\/\/salincakcim.com\/odeme-ve-teslimat\/","url":"https:\/\/salincakcim.com\/odeme-ve-teslimat\/","name":"\u00d6deme ve Teslimat | Sal\u0131ncakc\u0131m - Bah\u00e7e Mobilyalar\u0131 - Sal\u0131ncak","isPartOf":{"@id":"https:\/\/salincakcim.com\/#website"},"datePublished":"2023-01-03T19:23:55+00:00","dateModified":"2023-01-03T19:39:47+00:00","breadcrumb":{"@id":"https:\/\/salincakcim.com\/odeme-ve-teslimat\/#breadcrumb"},"inLanguage":"en-US","potentialAction":[{"@type":"ReadAction","target":["https:\/\/salincakcim.com\/odeme-ve-teslimat\/"]}]},{"@type":"BreadcrumbList","@id":"https:\/\/salincakcim.com\/odeme-ve-teslimat\/#breadcrumb","itemListElement":[{"@type":"ListItem","position":1,"name":"Anasayfa","item":"https:\/\/salincakcim.com\/"},{"@type":"ListItem","position":2,"name":"\u00d6deme ve Teslimat"}]},{"@type":"WebSite","@id":"https:\/\/salincakcim.com\/#website","url":"https:\/\/salincakcim.com\/","name":"Bah\u00e7e Mobilyalar\u0131 - Bah\u00e7e Sal\u0131ncaklar\u0131 - Toptan ve Perakende Sat\u0131\u015f Platformu","description":"T\u00fcrkiye&#039;nin En B\u00fcy\u00fck Bah\u00e7e Mobilyalar\u0131 \u00dcreticisi","publisher":{"@id":"https:\/\/salincakcim.com\/#organization"},"potentialAction":[{"@type":"SearchAction","target":{"@type":"EntryPoint","urlTemplate":"https:\/\/salincakcim.com\/?s={search_term_string}"},"query-input":{"@type":"PropertyValueSpecification","valueRequired":true,"valueName":"search_term_string"}}],"inLanguage":"en-US"},{"@type":"Organization","@id":"https:\/\/salincakcim.com\/#organization","name":"Sal\u0131ncakc\u0131m - Bah\u00e7e Mobilyalar\u0131 - Sal\u0131ncaklar - Rattan Masa Sandalye","alternateName":"Sal\u0131ncakc\u0131m Rattan Sal\u0131ncak Modelleri","url":"https:\/\/salincakcim.com\/","logo":{"@type":"ImageObject","inLanguage":"en-US","@id":"https:\/\/salincakcim.com\/#\/schema\/logo\/image\/","url":"https:\/\/salincakcim.com\/wp-content\/uploads\/2023\/01\/logov2.jpg","contentUrl":"https:\/\/salincakcim.com\/wp-content\/uploads\/2023\/01\/logov2.jpg","width":300,"height":50,"caption":"Sal\u0131ncakc\u0131m - Bah\u00e7e Mobilyalar\u0131 - Sal\u0131ncaklar - Rattan Masa Sandalye"},"image":{"@id":"https:\/\/salincakcim.com\/#\/schema\/logo\/image\/"},"sameAs":["https:\/\/www.facebook.com\/zebgarden","https:\/\/www.instagram.com\/zebgarden"]}]}},"_links":{"self":[{"href":"https:\/\/salincakcim.com\/en\/wp-json\/wp\/v2\/pages\/5520","targetHints":{"allow":["GET"]}}],"collection":[{"href":"https:\/\/salincakcim.com\/en\/wp-json\/wp\/v2\/pages"}],"about":[{"href":"https:\/\/salincakcim.com\/en\/wp-json\/wp\/v2\/types\/page"}],"author":[{"embeddable":true,"href":"https:\/\/salincakcim.com\/en\/wp-json\/wp\/v2\/users\/1"}],"replies":[{"embeddable":true,"href":"https:\/\/salincakcim.com\/en\/wp-json\/wp\/v2\/comments?post=5520"}],"version-history":[{"count":3,"href":"https:\/\/salincakcim.com\/en\/wp-json\/wp\/v2\/pages\/5520\/revisions"}],"predecessor-version":[{"id":5524,"href":"https:\/\/salincakcim.com\/en\/wp-json\/wp\/v2\/pages\/5520\/revisions\/5524"}],"wp:attachment":[{"href":"https:\/\/salincakcim.com\/en\/wp-json\/wp\/v2\/media?parent=5520"}],"curies":[{"name":"wp","href":"https:\/\/api.w.org\/{rel}","templated":true}]}}