{"id":5507,"date":"2023-01-03T22:18:09","date_gmt":"2023-01-03T19:18:09","guid":{"rendered":"https:\/\/salincakcim.com\/?page_id=5507"},"modified":"2023-01-03T22:35:17","modified_gmt":"2023-01-03T19:35:17","slug":"garanti-sartlari","status":"publish","type":"page","link":"https:\/\/salincakcim.com\/en\/garanti-sartlari\/","title":{"rendered":"Warranty conditions"},"content":{"rendered":"<section class=\"wpb-content-wrapper\"><div class=\"vc_row wpb_row vc_row-fluid\"><div class=\"wpb_column vc_column_container vc_col-sm-12\"><div class=\"vc_column-inner\"><div class=\"wpb_wrapper\">\n\t<div class=\"wpb_text_column wpb_content_element\" >\n\t\t<div class=\"wpb_wrapper\">\n\t\t\t<p><strong>GENEL KO\u015eULLAR<\/strong><\/p>\n<ul>\n<li>\u0130lk Sevkiyat sonras\u0131nda yap\u0131lacak taraf\u0131m\u0131z harici t\u00fcm nakliyeler s\u0131ras\u0131nda olu\u015fabilecek hasarlar sorumlulu\u011fumuzun d\u0131\u015f\u0131ndad\u0131r.<\/li>\n<li>\u00dcr\u00fcnlerin teslimi esnas\u0131nda sizlere verilecek olan kullanma k\u0131lavuzuna ve uyar\u0131 etiketlerine uyum sa\u011flaman\u0131z garanti ko\u015fullar\u0131ndand\u0131r.<\/li>\n<li>ZEB Garden yetkili servisi d\u0131\u015f\u0131nda ki\u015filer taraf\u0131ndan \u00fcr\u00fcn\u00fcn tamiri yapt\u0131r\u0131ld\u0131\u011f\u0131 takdirde, \u00fcr\u00fcn garanti kapsam\u0131na girmeyecektir.<\/li>\n<li>M\u00fc\u015fteri sat\u0131n alaca\u011f\u0131 \u00fcr\u00fcnlerin \u00f6l\u00e7\u00fclerini bayinin yetkili sat\u0131c\u0131s\u0131ndan \u00f6\u011frenmelidir. Alm\u0131\u015f oldu\u011fu \u00fcr\u00fcnlerin kullanaca\u011f\u0131 meskene \u00f6l\u00e7\u00fc ve renk olarak uygun olmas\u0131 sat\u0131n almay\u0131 yapan m\u00fc\u015fterinin sorumlulu\u011fundad\u0131r. Bundan dolay\u0131 do\u011facak s\u0131k\u0131nt\u0131dan ve sorunlardan Bayi veya ZEB Garden sorumlu de\u011fildir.<\/li>\n<li>\u00dcr\u00fcnler sat\u0131n al\u0131nd\u0131ktan sonra, \u00fcr\u00fcn\u00fcn formunda, renginde veya sat\u0131n al\u0131nma esnas\u0131nda mevcut olan herhangi bir yerinde t\u00fcketici taraf\u0131ndan de\u011fi\u015fiklik yap\u0131lmas\u0131 halinde, \u00fcr\u00fcn garanti kapsam\u0131na dahil edilmeyecektir.<\/li>\n<li>F\u0131rsat reyonundan al\u0131nacak ve ma\u011fazalarda \u201chaliyle\u201d sat\u0131lan defolu \u00fcr\u00fcnler garanti kapsam\u0131 d\u0131\u015f\u0131ndad\u0131r. ZEB Garden, ma\u011fazalar\u0131nda sat\u0131lan \u00fcr\u00fcnlerin tamam\u0131 veya bir b\u00f6l\u00fcm\u00fcn\u00fc piyasadan kald\u0131rma ve\/veya tekrar piyasaya s\u00fcrme, fiyat d\u00fc\u015f\u00fcrme \/art\u0131rma hakk\u0131n\u0131 sakl\u0131 tutar.<\/li>\n<li>Oval hatl\u0131 d\u00f6\u015femeli \u00fcr\u00fcnlerde desenli kuma\u015flar\u0131n desen takibi yap\u0131lamamaktad\u0131r. Bu sebeple oval \u00fcr\u00fcnlerde desenli kuma\u015f se\u00e7iminden ka\u00e7\u0131n\u0131lmal\u0131d\u0131r. Bu durumdan kaynakl\u0131 sorunlar garanti kapsam\u0131 d\u0131\u015f\u0131ndad\u0131r.<\/li>\n<li>Garanti ko\u015fullar\u0131 ekonomik \u00f6mre g\u00f6re belirlenmi\u015ftir. Garantiden faydalanabilmek i\u00e7in tek yap\u0131lmas\u0131 gereken garanti belgesini ve \u00fcr\u00fcn faturas\u0131n\u0131 saklamak, \u00fcr\u00fcn bak\u0131m ve kullan\u0131m \u00f6nerilerine dikkat etmek ve sat\u0131n ald\u0131\u011f\u0131n\u0131z \u00fcr\u00fcnleri denetlememize izin vermektir. \u015eayet garanti belgesi veya fatura ibraz edilmez ise garanti kapsam\u0131 hakk\u0131 sona erecektir.<\/li>\n<\/ul>\n<p>&nbsp;<\/p>\n<p><strong>\u00a0<\/strong><\/p>\n<p><strong>\u00a0<\/strong><\/p>\n<table>\n<tbody>\n<tr>\n<td colspan=\"2\" width=\"488\"><strong>GARANT\u0130 BELGES\u0130<\/strong><\/td>\n<\/tr>\n<tr>\n<td width=\"244\">Mal\u0131n Cinsi : BAH\u00c7E MOB\u0130LYASI<\/p>\n<p>Markas\u0131 : ZEB GARDEN<\/p>\n<p>Model Ad\u0131 :<\/p>\n<p>Belge \u0130zin Tarihi :<\/p>\n<p>Garanti Belge No :<\/p>\n<p>Belge Ge\u00e7erlilik Tarihi :<\/td>\n<td width=\"244\">Fatura No :<\/p>\n<p>Fatura Tarihi :<\/p>\n<p>Mal\u0131n T\u00fcketiciye Tesilim Yeri ve Teslim Tarihi :<\/td>\n<\/tr>\n<tr>\n<td colspan=\"2\" width=\"488\"><strong>\u00dcRET\u0130C\u0130 F\u0130RMANIN<\/strong><\/td>\n<\/tr>\n<tr>\n<td width=\"244\">\u00dcNVANI : YAVUZER EV BAH\u00c7E D\u0130ZAYN ISITMA S\u0130STEMLER\u0130 \u0130MALAT \u0130N\u015eAAT GIDA SAN. VE T\u0130C. LTD. \u015eT\u0130.<\/p>\n<p>TELEFONU : (+90) 542 676 38 50<\/p>\n<p>MALIN C\u0130NS\u0130 : BAH\u00c7E MOB\u0130LYASI<\/p>\n<p>MALIN MARKASI: ZEB GARDEN<\/p>\n<p>MALIN MODEL\u0130 :<\/td>\n<td width=\"244\">ADRES\u0130 : RAHM\u0130YE MAHALLES\u0130 \u00a0\u00a0\u00a0\u00a0BEYAZ G\u00dcL SK. NO: 50 A\/A \u00a0\u00a0\u00a0\u00a0\u00a0\u00a0KARTEPE \/ KOCAEL\u0130<\/p>\n<p>YETK\u0130L\u0130N\u0130N \u0130MZASI :<\/p>\n<p>F\u0130RMANIN KA\u015eES\u0130 :<\/p>\n<p>&nbsp;<\/td>\n<\/tr>\n<\/tbody>\n<\/table>\n<p><strong>\u00a0<\/strong><\/p>\n<p><strong>\u00a0<\/strong><\/p>\n<p><strong>\u00a0<\/strong><\/p>\n<p><strong>GARANT\u0130 \u015eARTLARI<\/strong><\/p>\n<ol>\n<li>Garanti s\u00fcresi, \u00fcr\u00fcn\u00fcn teslim tarihinden itibaren ba\u015flar ve 2 y\u0131ld\u0131r.<\/li>\n<li>\u00dcr\u00fcn\u00fcn b\u00fct\u00fcn par\u00e7alar\u0131 dahil olmak \u00fczere tamam\u0131 firmam\u0131z\u0131n garanti kapsam\u0131ndad\u0131r.<\/li>\n<li>\u00dcr\u00fcn tamir s\u00fcresi en fazla 20 i\u015f g\u00fcn\u00fcd\u00fcr. Bu s\u00fcre ar\u0131zal\u0131 veya hasarl\u0131 \u00fcr\u00fcn\u00fcn \u00fcretici firman\u0131n fabrikas\u0131na veya tamir istasyonuna ula\u015ft\u0131\u011f\u0131nda ba\u015flayacakt\u0131r.<\/li>\n<li>Tamirde ge\u00e7en s\u00fcre garanti s\u00fcresine eklenir.<\/li>\n<li>Garanti s\u00fcresi 2 (\u0130ki) y\u0131l dolduktan sonra ortaya \u00e7\u0131kan her sorun \u00fccret kar\u015f\u0131l\u0131\u011f\u0131 \u00e7\u00f6z\u00fclecektir. \u015eayet m\u00fc\u015fterinin ifade etti\u011fi sorunun veya ar\u0131zal\u0131 mod\u00fcl\u00fcn par\u00e7as\u0131 bulunamay\u0131p sorunun tamiri m\u00fcmk\u00fcn de\u011filse m\u00fc\u015fteri \u00fcreticiden veya bayiden bir hak talebinde bulunamaz.<\/li>\n<li>Bir sorunun garanti d\u0131\u015f\u0131 hallerinde olup olmad\u0131\u011f\u0131na ZEB Garden\u2019 \u0131n yetkilendirece\u011fi veya g\u00f6revlendirece\u011fi bilirki\u015fi karar verecektir.<\/li>\n<li>\u00dcr\u00fcn garanti s\u00fcresi i\u00e7erisinde gerek malzeme ve i\u015f\u00e7ilik, gerekse montaj hatalar\u0131ndan dolay\u0131 ar\u0131zalanmas\u0131 halinde, i\u015f\u00e7ilik masraf\u0131, de\u011fi\u015ftirilen par\u00e7a bedeli ya da ba\u015fka herhangi bir ad alt\u0131nda hi\u00e7bir talep \u00fccret etmeksizin tamiri yap\u0131lacakt\u0131r.<\/li>\n<li>T\u00fcketicinin onar\u0131m hakk\u0131n\u0131 kullanmas\u0131na ra\u011fmen \u00fcr\u00fcn\u00fcn:<\/li>\n<\/ol>\n<ul>\n<li>T\u00fcketiciye teslim edildi\u011fi tarihten itibaren garanti s\u00fcresi i\u00e7inde kalmak kayd\u0131yla, bir y\u0131l i\u00e7erisinde en az d\u00f6rt defa ve imalat\u00e7\u0131 \u00fcretici ve\/veya ithalat\u00e7\u0131 taraf\u0131ndan belirlenen garanti s\u00fcresi i\u00e7erisinde alt\u0131 defa ar\u0131zalanmas\u0131n\u0131n yan\u0131 s\u0131ra bu ar\u0131zalar\u0131n maldan yararlanmamay\u0131 s\u00fcrekli k\u0131lmas\u0131,<\/li>\n<li>Tamiri i\u00e7in gereken azami s\u00fcrenin a\u015f\u0131lmas\u0131<\/li>\n<li>Firma servis istasyonunun, servis istasyonunun mevcut olmas\u0131 halinde s\u0131rayla sat\u0131c\u0131, bayii, acentesi temsilcili\u011fi, ithalat\u00e7\u0131s\u0131 veya imalat\u00e7\u0131 \u00fcreticisinden birisinin d\u00fczenleyece\u011fi raporla ar\u0131zan\u0131n tamirinin m\u00fcmk\u00fcn bulunmad\u0131\u011f\u0131n\u0131n belirlenmesi durumlar\u0131nda, t\u00fcketici mal\u0131n \u00fccretsiz olarak bir yenisiyle de\u011fi\u015ftirilmesini, bedel iadesini ya da ay\u0131p oran\u0131nda bedel indirimi isteyebilir.<\/li>\n<li>Garanti kapsam\u0131nda de\u011fi\u015ftirilen \u00fcr\u00fcnlerin garanti s\u00fcresi sat\u0131n al\u0131nan mal\u0131n kalan garanti s\u00fcresi ile s\u0131n\u0131rl\u0131d\u0131r.<\/li>\n<\/ul>\n<ol start=\"9\">\n<li>T\u00fcketicinin \u00fcr\u00fcn\u00fc kullanma k\u0131lavuzunda yer alan hususlara ayk\u0131r\u0131 kullanmas\u0131 kullan\u0131m hatas\u0131 olarak de\u011ferlendirilir. Kullan\u0131m hatalar\u0131ndan kaynaklanan hasarlar ve t\u00fcketici taraf\u0131ndan d\u00fc\u015f\u00fcr\u00fclme sunucu veya darbeye maruz kalma sonucunda ortaya \u00e7\u0131kan hasarlar garanti kapsam\u0131n\u0131n d\u0131\u015f\u0131ndad\u0131r.<\/li>\n<li>Yang\u0131n, sel, deprem, a\u015f\u0131r\u0131 g\u00fcne\u015fe maruz kalma vb. gibi olaylardan olu\u015fan hasar ve ar\u0131zalar garanti d\u0131\u015f\u0131ndad\u0131r.<\/li>\n<li>\u00dcr\u00fcn sat\u0131n al\u0131nd\u0131ktan sonra, \u00fcr\u00fcn\u00fcn formunda, renginde veya sat\u0131n al\u0131nma esnas\u0131nda mevcut olan herhangi bir yerinde ve detay\u0131nda t\u00fcketici taraf\u0131ndan de\u011fi\u015fiklik yap\u0131lmas\u0131 halinde, \u00fcr\u00fcn garanti kapsam\u0131 d\u0131\u015f\u0131ndad\u0131r.<\/li>\n<li>Teslim edilen \u00fcr\u00fcn\u00fcn tamirinin ZEB Garden yetkili servis d\u0131\u015f\u0131nda ki\u015filer taraf\u0131ndan yap\u0131lmas\u0131 halinde \u00fcr\u00fcn garanti kapsam\u0131ndan \u00e7\u0131kar.<\/li>\n<\/ol>\n<p>13.Defolu oldu\u011fu belirtilen \u00fcr\u00fcnler garanti kapsam\u0131 d\u0131\u015f\u0131ndad\u0131r.<\/p>\n<ol start=\"14\">\n<li>Garanti kapsam\u0131ndan yararlanabilmek i\u00e7in \u00fcr\u00fcn\u00fcn Garanti Belgesi ve faturas\u0131 saklanmal\u0131d\u0131r.<\/li>\n<li>Koltuk tak\u0131mlar\u0131n\u0131n mod\u00fcllerinden birinde tamirat veya bak\u0131m gerekti\u011fi durumlarda tamirat\u0131 yap\u0131lan mod\u00fcl\u00fcn kuma\u015flar\u0131nda ton fark\u0131 meydana gelecektir. Bu durumda ortaya \u00e7\u0131kan ton sorunu garanti kapsam\u0131nda de\u011ferlendirilecektir.<\/li>\n<li>S\u00fcngerin do\u011fal yap\u0131s\u0131ndan kaynakl\u0131 zamanla +\/- %15 density (yo\u011funluk) de\u011feri olabilir. Kullan\u0131m sonucunda +%4 oran\u0131nda s\u00fcnger yumu\u015fayabilir. S\u00fcngerlerdeki %19 yumu\u015fama veya sertle\u015fme durumu \u00fcretimsel hata olarak g\u00f6r\u00fclemez. Bu durumda dolay\u0131 belirtilen sorun ve \u015fik\u00e2yetler garanti kapsam\u0131 d\u0131\u015f\u0131 olarak g\u00f6r\u00fclecektir.<\/li>\n<li>Garanti belgesi ile ilgili olarak \u00e7\u0131kabilecek sorunlar i\u00e7in t\u00fcketici mahkemelerine ve t\u00fcketici hakem heyetlerine ba\u015fvurabilir.<\/li>\n<\/ol>\n\n\t\t<\/div>\n\t<\/div>\n<\/div><\/div><\/div><\/div>\n<\/section>","protected":false},"excerpt":{"rendered":"GENEL KO\u015eULLAR \u0130lk Sevkiyat sonras\u0131nda yap\u0131lacak taraf\u0131m\u0131z harici t\u00fcm nakliyeler s\u0131ras\u0131nda olu\u015fabilecek hasarlar sorumlulu\u011fumuzun d\u0131\u015f\u0131ndad\u0131r. \u00dcr\u00fcnlerin teslimi esnas\u0131nda sizlere verilecek olan kullanma k\u0131lavuzuna ve uyar\u0131 etiketlerine uyum sa\u011flaman\u0131z garanti ko\u015fullar\u0131ndand\u0131r.","protected":false},"author":1,"featured_media":0,"parent":0,"menu_order":0,"comment_status":"closed","ping_status":"closed","template":"","meta":{"_acf_changed":false,"footnotes":""},"class_list":["post-5507","page","type-page","status-publish","hentry"],"acf":[],"yoast_head":"<!-- This site is optimized with the Yoast SEO plugin v27.4 - https:\/\/yoast.com\/product\/yoast-seo-wordpress\/ -->\n<title>Garanti \u015eartlar\u0131 | Sal\u0131ncakc\u0131m - Bah\u00e7e Mobilyalar\u0131 - Sal\u0131ncak<\/title>\n<meta name=\"robots\" content=\"index, follow, max-snippet:-1, max-image-preview:large, max-video-preview:-1\" \/>\n<link rel=\"canonical\" href=\"https:\/\/salincakcim.com\/en\/garanti-sartlari\/\" \/>\n<meta property=\"og:locale\" content=\"en_US\" \/>\n<meta property=\"og:type\" content=\"article\" \/>\n<meta property=\"og:title\" content=\"Garanti \u015eartlar\u0131 | Sal\u0131ncakc\u0131m - Bah\u00e7e Mobilyalar\u0131 - Sal\u0131ncak\" \/>\n<meta property=\"og:url\" content=\"https:\/\/salincakcim.com\/en\/garanti-sartlari\/\" \/>\n<meta property=\"og:site_name\" content=\"Sal\u0131ncakc\u0131m - Bah\u00e7e Mobilyalar\u0131 - Sal\u0131ncak\" \/>\n<meta property=\"article:publisher\" content=\"https:\/\/www.facebook.com\/zebgarden\" \/>\n<meta property=\"article:modified_time\" content=\"2023-01-03T19:35:17+00:00\" \/>\n<meta property=\"og:image\" content=\"https:\/\/salincakcim.com\/wp-content\/uploads\/2023\/01\/eeffac31-6c82-4ea4-b122-d7a032f2b24d.png\" \/>\n\t<meta property=\"og:image:width\" content=\"512\" \/>\n\t<meta property=\"og:image:height\" content=\"512\" \/>\n\t<meta property=\"og:image:type\" content=\"image\/png\" \/>\n<meta name=\"twitter:card\" content=\"summary_large_image\" \/>\n<meta name=\"twitter:label1\" content=\"Est. reading time\" \/>\n\t<meta name=\"twitter:data1\" content=\"5 minutes\" \/>\n<script type=\"application\/ld+json\" class=\"yoast-schema-graph\">{\"@context\":\"https:\\\/\\\/schema.org\",\"@graph\":[{\"@type\":\"WebPage\",\"@id\":\"https:\\\/\\\/salincakcim.com\\\/garanti-sartlari\\\/\",\"url\":\"https:\\\/\\\/salincakcim.com\\\/garanti-sartlari\\\/\",\"name\":\"Garanti \u015eartlar\u0131 | Sal\u0131ncakc\u0131m - Bah\u00e7e Mobilyalar\u0131 - Sal\u0131ncak\",\"isPartOf\":{\"@id\":\"https:\\\/\\\/salincakcim.com\\\/#website\"},\"datePublished\":\"2023-01-03T19:18:09+00:00\",\"dateModified\":\"2023-01-03T19:35:17+00:00\",\"breadcrumb\":{\"@id\":\"https:\\\/\\\/salincakcim.com\\\/garanti-sartlari\\\/#breadcrumb\"},\"inLanguage\":\"en-US\",\"potentialAction\":[{\"@type\":\"ReadAction\",\"target\":[\"https:\\\/\\\/salincakcim.com\\\/garanti-sartlari\\\/\"]}]},{\"@type\":\"BreadcrumbList\",\"@id\":\"https:\\\/\\\/salincakcim.com\\\/garanti-sartlari\\\/#breadcrumb\",\"itemListElement\":[{\"@type\":\"ListItem\",\"position\":1,\"name\":\"Anasayfa\",\"item\":\"https:\\\/\\\/salincakcim.com\\\/\"},{\"@type\":\"ListItem\",\"position\":2,\"name\":\"Garanti \u015eartlar\u0131\"}]},{\"@type\":\"WebSite\",\"@id\":\"https:\\\/\\\/salincakcim.com\\\/#website\",\"url\":\"https:\\\/\\\/salincakcim.com\\\/\",\"name\":\"Bah\u00e7e Mobilyalar\u0131 - Bah\u00e7e Sal\u0131ncaklar\u0131 - Toptan ve Perakende Sat\u0131\u015f Platformu\",\"description\":\"T\u00fcrkiye&#039;nin En B\u00fcy\u00fck Bah\u00e7e Mobilyalar\u0131 \u00dcreticisi\",\"publisher\":{\"@id\":\"https:\\\/\\\/salincakcim.com\\\/#organization\"},\"potentialAction\":[{\"@type\":\"SearchAction\",\"target\":{\"@type\":\"EntryPoint\",\"urlTemplate\":\"https:\\\/\\\/salincakcim.com\\\/?s={search_term_string}\"},\"query-input\":{\"@type\":\"PropertyValueSpecification\",\"valueRequired\":true,\"valueName\":\"search_term_string\"}}],\"inLanguage\":\"en-US\"},{\"@type\":\"Organization\",\"@id\":\"https:\\\/\\\/salincakcim.com\\\/#organization\",\"name\":\"Sal\u0131ncakc\u0131m - Bah\u00e7e Mobilyalar\u0131 - Sal\u0131ncaklar - Rattan Masa Sandalye\",\"alternateName\":\"Sal\u0131ncakc\u0131m Rattan Sal\u0131ncak Modelleri\",\"url\":\"https:\\\/\\\/salincakcim.com\\\/\",\"logo\":{\"@type\":\"ImageObject\",\"inLanguage\":\"en-US\",\"@id\":\"https:\\\/\\\/salincakcim.com\\\/#\\\/schema\\\/logo\\\/image\\\/\",\"url\":\"https:\\\/\\\/salincakcim.com\\\/wp-content\\\/uploads\\\/2023\\\/01\\\/logov2.jpg\",\"contentUrl\":\"https:\\\/\\\/salincakcim.com\\\/wp-content\\\/uploads\\\/2023\\\/01\\\/logov2.jpg\",\"width\":300,\"height\":50,\"caption\":\"Sal\u0131ncakc\u0131m - Bah\u00e7e Mobilyalar\u0131 - Sal\u0131ncaklar - Rattan Masa Sandalye\"},\"image\":{\"@id\":\"https:\\\/\\\/salincakcim.com\\\/#\\\/schema\\\/logo\\\/image\\\/\"},\"sameAs\":[\"https:\\\/\\\/www.facebook.com\\\/zebgarden\",\"https:\\\/\\\/www.instagram.com\\\/zebgarden\"]}]}<\/script>\n<!-- \/ Yoast SEO plugin. -->","yoast_head_json":{"title":"Garanti \u015eartlar\u0131 | Sal\u0131ncakc\u0131m - Bah\u00e7e Mobilyalar\u0131 - Sal\u0131ncak","robots":{"index":"index","follow":"follow","max-snippet":"max-snippet:-1","max-image-preview":"max-image-preview:large","max-video-preview":"max-video-preview:-1"},"canonical":"https:\/\/salincakcim.com\/en\/garanti-sartlari\/","og_locale":"en_US","og_type":"article","og_title":"Garanti \u015eartlar\u0131 | Sal\u0131ncakc\u0131m - Bah\u00e7e Mobilyalar\u0131 - Sal\u0131ncak","og_url":"https:\/\/salincakcim.com\/en\/garanti-sartlari\/","og_site_name":"Sal\u0131ncakc\u0131m - Bah\u00e7e Mobilyalar\u0131 - Sal\u0131ncak","article_publisher":"https:\/\/www.facebook.com\/zebgarden","article_modified_time":"2023-01-03T19:35:17+00:00","og_image":[{"width":512,"height":512,"url":"https:\/\/salincakcim.com\/wp-content\/uploads\/2023\/01\/eeffac31-6c82-4ea4-b122-d7a032f2b24d.png","type":"image\/png"}],"twitter_card":"summary_large_image","twitter_misc":{"Est. reading time":"5 minutes"},"schema":{"@context":"https:\/\/schema.org","@graph":[{"@type":"WebPage","@id":"https:\/\/salincakcim.com\/garanti-sartlari\/","url":"https:\/\/salincakcim.com\/garanti-sartlari\/","name":"Garanti \u015eartlar\u0131 | Sal\u0131ncakc\u0131m - Bah\u00e7e Mobilyalar\u0131 - Sal\u0131ncak","isPartOf":{"@id":"https:\/\/salincakcim.com\/#website"},"datePublished":"2023-01-03T19:18:09+00:00","dateModified":"2023-01-03T19:35:17+00:00","breadcrumb":{"@id":"https:\/\/salincakcim.com\/garanti-sartlari\/#breadcrumb"},"inLanguage":"en-US","potentialAction":[{"@type":"ReadAction","target":["https:\/\/salincakcim.com\/garanti-sartlari\/"]}]},{"@type":"BreadcrumbList","@id":"https:\/\/salincakcim.com\/garanti-sartlari\/#breadcrumb","itemListElement":[{"@type":"ListItem","position":1,"name":"Anasayfa","item":"https:\/\/salincakcim.com\/"},{"@type":"ListItem","position":2,"name":"Garanti \u015eartlar\u0131"}]},{"@type":"WebSite","@id":"https:\/\/salincakcim.com\/#website","url":"https:\/\/salincakcim.com\/","name":"Bah\u00e7e Mobilyalar\u0131 - Bah\u00e7e Sal\u0131ncaklar\u0131 - Toptan ve Perakende Sat\u0131\u015f Platformu","description":"T\u00fcrkiye&#039;nin En B\u00fcy\u00fck Bah\u00e7e Mobilyalar\u0131 \u00dcreticisi","publisher":{"@id":"https:\/\/salincakcim.com\/#organization"},"potentialAction":[{"@type":"SearchAction","target":{"@type":"EntryPoint","urlTemplate":"https:\/\/salincakcim.com\/?s={search_term_string}"},"query-input":{"@type":"PropertyValueSpecification","valueRequired":true,"valueName":"search_term_string"}}],"inLanguage":"en-US"},{"@type":"Organization","@id":"https:\/\/salincakcim.com\/#organization","name":"Sal\u0131ncakc\u0131m - Bah\u00e7e Mobilyalar\u0131 - Sal\u0131ncaklar - Rattan Masa Sandalye","alternateName":"Sal\u0131ncakc\u0131m Rattan Sal\u0131ncak Modelleri","url":"https:\/\/salincakcim.com\/","logo":{"@type":"ImageObject","inLanguage":"en-US","@id":"https:\/\/salincakcim.com\/#\/schema\/logo\/image\/","url":"https:\/\/salincakcim.com\/wp-content\/uploads\/2023\/01\/logov2.jpg","contentUrl":"https:\/\/salincakcim.com\/wp-content\/uploads\/2023\/01\/logov2.jpg","width":300,"height":50,"caption":"Sal\u0131ncakc\u0131m - Bah\u00e7e Mobilyalar\u0131 - Sal\u0131ncaklar - Rattan Masa Sandalye"},"image":{"@id":"https:\/\/salincakcim.com\/#\/schema\/logo\/image\/"},"sameAs":["https:\/\/www.facebook.com\/zebgarden","https:\/\/www.instagram.com\/zebgarden"]}]}},"_links":{"self":[{"href":"https:\/\/salincakcim.com\/en\/wp-json\/wp\/v2\/pages\/5507","targetHints":{"allow":["GET"]}}],"collection":[{"href":"https:\/\/salincakcim.com\/en\/wp-json\/wp\/v2\/pages"}],"about":[{"href":"https:\/\/salincakcim.com\/en\/wp-json\/wp\/v2\/types\/page"}],"author":[{"embeddable":true,"href":"https:\/\/salincakcim.com\/en\/wp-json\/wp\/v2\/users\/1"}],"replies":[{"embeddable":true,"href":"https:\/\/salincakcim.com\/en\/wp-json\/wp\/v2\/comments?post=5507"}],"version-history":[{"count":2,"href":"https:\/\/salincakcim.com\/en\/wp-json\/wp\/v2\/pages\/5507\/revisions"}],"predecessor-version":[{"id":5510,"href":"https:\/\/salincakcim.com\/en\/wp-json\/wp\/v2\/pages\/5507\/revisions\/5510"}],"wp:attachment":[{"href":"https:\/\/salincakcim.com\/en\/wp-json\/wp\/v2\/media?parent=5507"}],"curies":[{"name":"wp","href":"https:\/\/api.w.org\/{rel}","templated":true}]}}